{"id":10012,"date":"2021-08-09T17:52:44","date_gmt":"2021-08-09T17:52:44","guid":{"rendered":"https:\/\/frickin.nl\/?page_id=10012"},"modified":"2025-04-11T19:16:32","modified_gmt":"2025-04-11T17:16:32","slug":"b2b-partner","status":"publish","type":"page","link":"https:\/\/frickin.nl\/de\/b2b-partner\/","title":{"rendered":"B2B-Partner"},"content":{"rendered":"<section class=\"section\" id=\"section_885144049\">\n\t\t<div class=\"section-bg fill\" >\n\t\t\t\t\t\t\t\t\t\n\t\t\t\n\n\t\t<\/div>\n\n\t\t\n\n\t\t<div class=\"section-content relative\">\n\t\t\t\n\n\t<div id=\"text-3211476257\" class=\"text\">\n\t\t\n\n<h1>B2B-Partner?<\/h1>\n\t\t\n<style>\n#text-3211476257 {\n  font-size: 1.75rem;\n  text-align: center;\n}\n<\/style>\n\t<\/div>\n\t\n<div class=\"row align-center\" style=\"max-width:1200px\" id=\"row-1661615562\">\n\n\n\t<div id=\"col-1160112341\" class=\"col medium-10 small-12 large-10\"  >\n\t\t\t\t<div class=\"col-inner\"  >\n\t\t\t\n\t\t\t\n\n\t<div id=\"text-3680071326\" class=\"text\">\n\t\t\n\n<h6>&nbsp;Unternehmenskooperation<\/h6>\n\t\t\n<style>\n#text-3680071326 {\n  font-size: 1.1rem;\n  text-align: center;\n}\n<\/style>\n\t<\/div>\n\t\n\t<div id=\"gap-1129783780\" class=\"gap-element clearfix\" style=\"display:block; height:auto;\">\n\t\t\n<style>\n#gap-1129783780 {\n  padding-top: 10px;\n}\n<\/style>\n\t<\/div>\n\t\n\n\t<div id=\"text-3766687735\" class=\"text\">\n\t\t\n\n<ul class=\"ul2\">\n<li class=\"li3 bullet-star\" style=\"text-align: left;\">Nummer 1 bei Handschuhen<\/li>\n<li class=\"li3 bullet-star\" style=\"text-align: left;\">Ausgezeichnete Bedingungen<\/li>\n<li class=\"li3 bullet-star\" style=\"text-align: left;\">Der beste Service<\/li>\n<\/ul>\n<h2 style=\"text-align: left;\">B2B-Partner<\/h2>\n<p style=\"text-align: left;\">Ist Ihr Unternehmen im Bereich Mode und\/oder Accessoires t\u00e4tig? M\u00f6chten Sie Ihren Kunden die Produkte von Frickin vorstellen und sie in Ihr Sortiment aufnehmen? Dann f\u00fcllen Sie das untenstehende Formular aus und unser Vertreter wird Sie mit unseren hervorragenden Konditionen und unserem Service \u00fcberraschen!<\/p>\n<h2 style=\"text-align: left;\"><span style=\"font-size: 23.04px; color: #333333;\">Gesch\u00e4ftliche Anfrage<\/span><\/h2>\n<p style=\"text-align: left;\">Sind Sie auf der Suche nach einer guten Alternative zu den Standard-Weihnachtsk\u00f6rben und w\u00fcnschen Sie sich etwas anderes? Frickin bietet Ihrem Unternehmen die M\u00f6glichkeit, Ihre Mitarbeiter zu Weihnachten mit einem warmen Geschenk zu \u00fcberraschen: einem Paar echter Lederhandschuhe. Und das Beste daran? Wir bieten diese M\u00f6glichkeit bereits ab 10 Paaren!\u00a0\u00a0<\/p>\n<h2 style=\"text-align: left;\">Presse und Medien<\/h2>\n<p style=\"text-align: left;\">M\u00f6chten Sie auf Frickin aufmerksam werden und uns in einem Medium erw\u00e4hnen oder unsere digitalen Medien nutzen? Frickin ist offen f\u00fcr jede Form der Ver\u00f6ffentlichung. M\u00f6chten Sie ein Interview mit Frickin oder m\u00f6chten Sie sich eines unserer Produkte f\u00fcr einen Artikel ausleihen? Dann kontaktieren Sie uns direkt!<\/p>\n<h2 style=\"text-align: left;\">Werden Sie Partner<\/h2>\n<p style=\"text-align: left;\">Willst du Frickin, die Nummer 1 in <a href=\"https:\/\/frickin.nl\/de\/sammlung\/herren-handschuhe\/\">Herren<\/a> . <a href=\"https:\/\/frickin.nl\/de\/sammlung\/damen-handschuhe\/\">Damenhandschuhe<\/a> mit einer limitierten Auflage online auf Ihren Social-Media-Kan\u00e4len wie facebook, instagram, Youtube oder auf unserer <a href=\"https:\/\/frickin.nl\/de\/blog\/\">Blog<\/a>? Dann erkundigen Sie sich jetzt nach unseren Partnerschaftsm\u00f6glichkeiten und wer wei\u00df, vielleicht sind Sie schon bald ein Frickin' Buddy!\u00a0<\/p>\n<h2 style=\"text-align: left;\"><br \/><br \/><\/h2>\n\t\t\n<style>\n#text-3766687735 {\n  text-align: center;\n}\n<\/style>\n\t<\/div>\n\t\n<div class=\"row align-center\"  id=\"row-2108611373\">\n\n\n\t<div id=\"col-1565472094\" class=\"col medium-12 small-12 large-10\"  >\n\t\t\t\t<div class=\"col-inner text-center\"  >\n\t\t\t\n\t\t\t\n\n\t<div id=\"gap-498740058\" class=\"gap-element clearfix\" style=\"display:block; height:auto;\">\n\t\t\n<style>\n#gap-498740058 {\n  padding-top: 40px;\n}\n<\/style>\n\t<\/div>\n\t\n\n\t<div id=\"text-1355935317\" class=\"text\">\n\t\t\n\n<h4><span style=\"color: #000000;\">Diese Unternehmen waren schon vor Ihnen da:<\/span><\/h4>\n\t\t\n<style>\n#text-1355935317 {\n  font-size: 1rem;\n}\n<\/style>\n\t<\/div>\n\t\n\t<div id=\"gap-1327095452\" class=\"gap-element clearfix\" style=\"display:block; height:auto;\">\n\t\t\n<style>\n#gap-1327095452 {\n  padding-top: 25px;\n}\n@media (min-width:550px) {\n  #gap-1327095452 {\n    padding-top: 20px;\n  }\n}\n<\/style>\n\t<\/div>\n\t\n\n<div class=\"row row-large\"  id=\"row-1423371842\">\n\n\n\t<div id=\"col-1104096246\" class=\"col medium-3 small-6 large-3\"  >\n\t\t\t\t<div class=\"col-inner\"  >\n\t\t\t\n\t\t\t\n\n\t<div class=\"img has-hover x md-x lg-x y md-y lg-y\" id=\"image_1809895305\">\n\t\t<a class=\"\" href=\"https:\/\/www.fashionchick.nl\/fashionnews\/frickin-houdt-je-warm-deze-winter-met-luxe-handschoenen\/\" target=\"_blank\" rel=\"noopener nofollow\">\t\t\t\t\t\t<div class=\"img-inner dark\" >\n\t\t\t<img loading=\"lazy\" decoding=\"async\" width=\"895\" height=\"365\" src=\"https:\/\/frickin.nl\/wp-content\/uploads\/2022\/03\/fashionchick-nl-logo-895x365-1.png\" class=\"attachment-large size-large\" alt=\"b2b partner handschuhe gesehen auf\" srcset=\"https:\/\/frickin.nl\/wp-content\/uploads\/2022\/03\/fashionchick-nl-logo-895x365-1.png 895w, https:\/\/frickin.nl\/wp-content\/uploads\/2022\/03\/fashionchick-nl-logo-895x365-1-300x122.png 300w, https:\/\/frickin.nl\/wp-content\/uploads\/2022\/03\/fashionchick-nl-logo-895x365-1-768x313.png 768w, https:\/\/frickin.nl\/wp-content\/uploads\/2022\/03\/fashionchick-nl-logo-895x365-1-510x208.png 510w\" sizes=\"auto, (max-width: 895px) 100vw, 895px\" \/>\t\t\t\t\t\t\n\t\t\t\t\t<\/div>\n\t\t\t\t\t\t<\/a>\t\t\n<style>\n#image_1809895305 {\n  width: 90%;\n}\n<\/style>\n\t<\/div>\n\t\n\n\n\t\t<\/div>\n\t\t\t\t\t<\/div>\n\n\t\n\n\t<div id=\"col-711396288\" class=\"col medium-3 small-6 large-3\"  >\n\t\t\t\t<div class=\"col-inner\"  >\n\t\t\t\n\t\t\t\n\n\t<div class=\"img has-hover x md-x lg-x y md-y lg-y\" id=\"image_1914792753\">\n\t\t<a class=\"\" href=\"https:\/\/fhm.nl\/frickin-handschoenen\/\" target=\"_blank\" rel=\"noopener nofollow\">\t\t\t\t\t\t<div class=\"img-inner dark\" >\n\t\t\t<img loading=\"lazy\" decoding=\"async\" width=\"452\" height=\"143\" src=\"https:\/\/frickin.nl\/wp-content\/uploads\/2022\/03\/fhm-logo-black.png\" class=\"attachment-large size-large\" alt=\"b2b partner handschuhe gesehen auf\" srcset=\"https:\/\/frickin.nl\/wp-content\/uploads\/2022\/03\/fhm-logo-black.png 452w, https:\/\/frickin.nl\/wp-content\/uploads\/2022\/03\/fhm-logo-black-300x95.png 300w\" sizes=\"auto, (max-width: 452px) 100vw, 452px\" \/>\t\t\t\t\t\t\n\t\t\t\t\t<\/div>\n\t\t\t\t\t\t<\/a>\t\t\n<style>\n#image_1914792753 {\n  width: 90%;\n}\n<\/style>\n\t<\/div>\n\t\n\n\n\t\t<\/div>\n\t\t\t\t\t<\/div>\n\n\t\n\n\t<div id=\"col-679288112\" class=\"col medium-3 small-6 large-3\"  >\n\t\t\t\t<div class=\"col-inner\"  >\n\t\t\t\n\t\t\t\n\n\t<div class=\"img has-hover x md-x lg-x y md-y lg-y\" id=\"image_1754299127\">\n\t\t\t\t\t\t\t\t<div class=\"img-inner dark\" >\n\t\t\t<img loading=\"lazy\" decoding=\"async\" width=\"440\" height=\"161\" src=\"https:\/\/frickin.nl\/wp-content\/uploads\/2022\/03\/VD_logo.svg.png\" class=\"attachment-large size-large\" alt=\"b2b partner handschuhe gesehen auf\" srcset=\"https:\/\/frickin.nl\/wp-content\/uploads\/2022\/03\/VD_logo.svg.png 440w, https:\/\/frickin.nl\/wp-content\/uploads\/2022\/03\/VD_logo.svg-300x110.png 300w\" sizes=\"auto, (max-width: 440px) 100vw, 440px\" \/>\t\t\t\t\t\t\n\t\t\t\t\t<\/div>\n\t\t\t\t\t\t\t\t\n<style>\n#image_1754299127 {\n  width: 90%;\n}\n<\/style>\n\t<\/div>\n\t\n\n\n\t\t<\/div>\n\t\t\t\t\t<\/div>\n\n\t\n\n\t<div id=\"col-417024712\" class=\"col medium-3 small-6 large-3\"  >\n\t\t\t\t<div class=\"col-inner\"  >\n\t\t\t\n\t\t\t\n\n\t<div class=\"img has-hover x md-x lg-x y md-y lg-y\" id=\"image_1296178715\">\n\t\t\t\t\t\t\t\t<div class=\"img-inner dark\" >\n\t\t\t<img loading=\"lazy\" decoding=\"async\" width=\"1020\" height=\"244\" src=\"https:\/\/frickin.nl\/wp-content\/uploads\/2022\/03\/Bol.com_logo.svg-1024x245.png\" class=\"attachment-large size-large\" alt=\"b2b partner handschuhe gesehen auf\" srcset=\"https:\/\/frickin.nl\/wp-content\/uploads\/2022\/03\/Bol.com_logo.svg-1024x245.png 1024w, https:\/\/frickin.nl\/wp-content\/uploads\/2022\/03\/Bol.com_logo.svg-300x72.png 300w, https:\/\/frickin.nl\/wp-content\/uploads\/2022\/03\/Bol.com_logo.svg-768x184.png 768w, https:\/\/frickin.nl\/wp-content\/uploads\/2022\/03\/Bol.com_logo.svg-1536x368.png 1536w, https:\/\/frickin.nl\/wp-content\/uploads\/2022\/03\/Bol.com_logo.svg-510x122.png 510w, https:\/\/frickin.nl\/wp-content\/uploads\/2022\/03\/Bol.com_logo.svg.png 1600w\" sizes=\"auto, (max-width: 1020px) 100vw, 1020px\" \/>\t\t\t\t\t\t\n\t\t\t\t\t<\/div>\n\t\t\t\t\t\t\t\t\n<style>\n#image_1296178715 {\n  width: 90%;\n}\n<\/style>\n\t<\/div>\n\t\n\n\n\t\t<\/div>\n\t\t\t\t\t<\/div>\n\n\t\n\n<\/div>\n\n\t\t<\/div>\n\t\t\t\t\n<style>\n#col-1565472094 > .col-inner {\n  margin: 0px 0px -39px 0px;\n}\n<\/style>\n\t<\/div>\n\n\t\n\n<\/div>\n\n\t\t<\/div>\n\t\t\t\t\t<\/div>\n\n\t\n\n<\/div>\n\n\t\t<\/div>\n\n\t\t\n<style>\n#section_885144049 {\n  padding-top: 30px;\n  padding-bottom: 30px;\n}\n<\/style>\n\t<\/section>\n\t\n\n\t<section class=\"section dark\" id=\"section_99505239\">\n\t\t<div class=\"section-bg fill\" >\n\t\t\t\t\t\t\t\t\t\n\t\t\t\n\n\t\t<\/div>\n\n\t\t\n\n\t\t<div class=\"section-content relative\">\n\t\t\t\n\n\t<div id=\"gap-1584299485\" class=\"gap-element clearfix\" style=\"display:block; height:auto;\">\n\t\t\n<style>\n#gap-1584299485 {\n  padding-top: 30px;\n}\n<\/style>\n\t<\/div>\n\t\n\n<div class=\"row align-bottom\" style=\"max-width:1200px\" id=\"row-114273424\">\n\n\n\t<div id=\"col-299031196\" class=\"col medium-12 small-12 large-12\"  >\n\t\t\t\t<div class=\"col-inner\"  >\n\t\t\t\n\t\t\t\n\n\t<div id=\"text-4148207843\" class=\"text\">\n\t\t\n\n\n<div class=\"wpcf7 no-js\" id=\"wpcf7-f10018-o1\" lang=\"nl-NL\" dir=\"ltr\" data-wpcf7-id=\"10018\">\n<div class=\"screen-reader-response\"><p role=\"status\" aria-live=\"polite\" aria-atomic=\"true\"><\/p> <ul><\/ul><\/div>\n<form action=\"\/de\/wp-json\/wp\/v2\/pages\/10012#wpcf7-f10018-o1\" method=\"post\" class=\"wpcf7-form init\" aria-label=\"Kontakt-Formular\" novalidate=\"novalidate\" data-status=\"init\" data-trp-original-action=\"\/de\/wp-json\/wp\/v2\/pages\/10012#wpcf7-f10018-o1\">\n<fieldset class=\"hidden-fields-container\"><input type=\"hidden\" name=\"_wpcf7\" value=\"10018\" \/><input type=\"hidden\" name=\"_wpcf7_version\" value=\"6.1.5\" \/><input type=\"hidden\" name=\"_wpcf7_locale\" value=\"nl_NL\" \/><input type=\"hidden\" name=\"_wpcf7_unit_tag\" value=\"wpcf7-f10018-o1\" \/><input type=\"hidden\" name=\"_wpcf7_container_post\" value=\"0\" \/><input type=\"hidden\" name=\"_wpcf7_posted_data_hash\" value=\"\" \/>\n<\/fieldset>\n<p><label> Name*<br \/>\n<span class=\"wpcf7-form-control-wrap\" data-name=\"your-name\"><input size=\"40\" maxlength=\"400\" class=\"wpcf7-form-control wpcf7-text wpcf7-validates-as-required\" aria-required=\"true\" aria-invalid=\"false\" value=\"\" type=\"text\" name=\"your-name\" \/><\/span> <\/label>\n<\/p>\n<p><label> E-Mail*<br \/>\n<span class=\"wpcf7-form-control-wrap\" data-name=\"your-email\"><input size=\"40\" maxlength=\"400\" class=\"wpcf7-form-control wpcf7-email wpcf7-validates-as-required wpcf7-text wpcf7-validates-as-email\" aria-required=\"true\" aria-invalid=\"false\" value=\"\" type=\"email\" name=\"your-email\" \/><\/span> <\/label>\n<\/p>\n<p><label> Thema<br \/>\n<span class=\"wpcf7-form-control-wrap\" data-name=\"your-subject\"><input size=\"40\" maxlength=\"400\" class=\"wpcf7-form-control wpcf7-text\" aria-invalid=\"false\" value=\"\" type=\"text\" name=\"your-subject\" \/><\/span> <\/label>\n<\/p>\n<p><label> Frage<br \/>\n<span class=\"wpcf7-form-control-wrap\" data-name=\"your-message\"><textarea cols=\"40\" rows=\"10\" maxlength=\"2000\" class=\"wpcf7-form-control wpcf7-textarea\" aria-invalid=\"false\" name=\"your-message\"><\/textarea><\/span> <\/label>\n<\/p>\n<p><input class=\"wpcf7-form-control wpcf7-submit has-spinner\" type=\"submit\" value=\"Senden Sie\" \/>\n<\/p><div class=\"wpcf7-response-output\" aria-hidden=\"true\"><\/div>\n<input type=\"hidden\" name=\"trp-form-language\" value=\"de\"\/><\/form>\n<\/div>\n\n\t\t\n<style>\n#text-4148207843 {\n  font-size: 1.1rem;\n  text-align: left;\n}\n<\/style>\n\t<\/div>\n\t\n\n\t\t<\/div>\n\t\t\t\t\t<\/div>\n\n\t\n\n<\/div>\n\n\t\t<\/div>\n\n\t\t\n<style>\n#section_99505239 {\n  padding-top: 30px;\n  padding-bottom: 30px;\n  background-color: rgb(39, 54, 71);\n}\n<\/style>\n\t<\/section>","protected":false},"excerpt":{"rendered":"","protected":false},"author":1,"featured_media":0,"parent":0,"menu_order":0,"comment_status":"closed","ping_status":"closed","template":"","meta":{"footnotes":""},"class_list":["post-10012","page","type-page","status-publish","hentry"],"_links":{"self":[{"href":"https:\/\/frickin.nl\/de\/wp-json\/wp\/v2\/pages\/10012","targetHints":{"allow":["GET"]}}],"collection":[{"href":"https:\/\/frickin.nl\/de\/wp-json\/wp\/v2\/pages"}],"about":[{"href":"https:\/\/frickin.nl\/de\/wp-json\/wp\/v2\/types\/page"}],"author":[{"embeddable":true,"href":"https:\/\/frickin.nl\/de\/wp-json\/wp\/v2\/users\/1"}],"replies":[{"embeddable":true,"href":"https:\/\/frickin.nl\/de\/wp-json\/wp\/v2\/comments?post=10012"}],"version-history":[{"count":12,"href":"https:\/\/frickin.nl\/de\/wp-json\/wp\/v2\/pages\/10012\/revisions"}],"predecessor-version":[{"id":15047,"href":"https:\/\/frickin.nl\/de\/wp-json\/wp\/v2\/pages\/10012\/revisions\/15047"}],"wp:attachment":[{"href":"https:\/\/frickin.nl\/de\/wp-json\/wp\/v2\/media?parent=10012"}],"curies":[{"name":"wp","href":"https:\/\/api.w.org\/{rel}","templated":true}]}}