{"id":10079,"date":"2021-08-13T09:05:25","date_gmt":"2021-08-13T09:05:25","guid":{"rendered":"https:\/\/frickin.nl\/?page_id=10079"},"modified":"2022-04-22T18:05:16","modified_gmt":"2022-04-22T16:05:16","slug":"handschuhe-verschenken","status":"publish","type":"page","link":"https:\/\/frickin.nl\/de\/handschoenen-cadeau\/","title":{"rendered":"M\u00f6chten Sie sch\u00f6ne Handschuhe verschenken?"},"content":{"rendered":"<section class=\"section\" id=\"section_1575658548\">\n\t\t<div class=\"section-bg fill\" >\n\t\t\t\t\t\t\t\t\t\n\t\t\t\n\n\t\t<\/div>\n\n\t\t\n\n\t\t<div class=\"section-content relative\">\n\t\t\t\n\n<div class=\"row align-center\" style=\"max-width:1200px\" id=\"row-1677836321\">\n\n\n\t<div id=\"col-1402805083\" class=\"col medium-10 small-12 large-10\"  >\n\t\t\t\t<div class=\"col-inner\"  >\n\t\t\t\n\t\t\t\n\n\t<div id=\"text-292165961\" class=\"text\">\n\t\t\n\n<h1><b>Handschuhe verschenken?<\/b><\/h1>\n\t\t\n<style>\n#text-292165961 {\n  font-size: 1.75rem;\n  text-align: center;\n}\n<\/style>\n\t<\/div>\n\t\n\t<div id=\"text-2820237086\" class=\"text\">\n\t\t\n\n<h6>Das verdammt beste Geschenk f\u00fcr Sie und Ihn!<\/h6>\n\t\t\n<style>\n#text-2820237086 {\n  font-size: 1.1rem;\n  text-align: center;\n}\n<\/style>\n\t<\/div>\n\t\n\t<div id=\"gap-496487728\" class=\"gap-element clearfix\" style=\"display:block; height:auto;\">\n\t\t\n<style>\n#gap-496487728 {\n  padding-top: 10px;\n}\n<\/style>\n\t<\/div>\n\t\n\n\t<div id=\"text-887565153\" class=\"text\">\n\t\t\n\n<p class=\"p3\" style=\"text-align: left;\">M\u00f6chten Sie ein Paar sch\u00f6ne handgefertigte Handschuhe verschenken? Stilvoll und elegant <a href=\"https:\/\/frickin.nl\/de\/sammlung\/damen-handschuhe\/\">Damenhandschuhe<\/a> Oder bevorzugen Sie einen robusten, modernen Look? W\u00e4hlen Sie dann die <a href=\"https:\/\/frickin.nl\/de\/sammlung\/herren-handschuhe\/\">Herrenhandschuhe<\/a> von Frickin! Speziell f\u00fcr Sie haben wir einen kurzen Leitfaden verfasst, der Ihnen helfen soll, die richtige Gr\u00f6\u00dfe zu bestimmen und Ihre Bestellung bei uns einfach abzuschlie\u00dfen.<\/p>\n<h2 class=\"p3\" style=\"text-align: left;\">Gr\u00f6\u00dfenbestimmung f\u00fcr Handschuhe als Geschenk?<\/h2>\n<p class=\"p3\" style=\"text-align: left;\">Wenn Sie Handschuhe verschenken wollen, kann das Messen der richtigen Handschuhgr\u00f6\u00dfe ein Problem darstellen. Vor allem, wenn Sie m\u00f6chten, dass das Geschenk f\u00fcr den Empf\u00e4nger eine \u00dcberraschung bleibt.<\/p>\n<p class=\"p3\" style=\"text-align: left;\">Zum Gl\u00fcck haben wir von Frickin eine gute Alternative! Anhand der Schuhgr\u00f6\u00dfe des Empf\u00e4ngers kann die richtige Gr\u00f6\u00dfe sehr gut angegeben werden.<\/p>\n<p class=\"p3\" style=\"text-align: left;\">Werfen Sie einen Blick in den Schuhschrank und Sie werden die entsprechende Gr\u00f6\u00dfe der Handschuhe, die Sie suchen, leicht finden, hier <a href=\"https:\/\/frickin.nl\/de\/handschoenen-maattabel\/\">in unserer Gr\u00f6\u00dfentabelle<\/a>!<\/p>\n<h3 class=\"p3\" style=\"text-align: left;\">Der Auftrag?<\/h3>\n<p class=\"p3\" style=\"text-align: left;\">Jetzt, da Sie die Gr\u00f6\u00dfe kennen, k\u00f6nnen Sie die Handschuhe ganz einfach online bei uns kaufen <a href=\"https:\/\/frickin.nl\/de\/geschaft\/\">Webshop<\/a> Bestellung. M\u00f6chten Sie, dass das Geschenk direkt an den Empf\u00e4nger und nicht an Ihre eigene Adresse geliefert wird? W\u00e4hlen Sie dann w\u00e4hrend des Bestellvorgangs eine alternative Lieferadresse. Es fallen keine weiteren Kosten an und das Beste daran? Der Empf\u00e4nger muss nicht zu Hause sein, da sie als Brief verschickt werden und somit in den Briefkasten passen.<\/p>\n<h3 style=\"text-align: left;\">Wie sieht es mit der Packliste und den Preisen aus?<\/h3>\n<p class=\"p3\" style=\"text-align: left;\">Was ist mit den Packzetteln und Preisangaben? Dar\u00fcber brauchen Sie sich keine Sorgen zu machen. Frickin liefert papierlos und regelt alles \u00fcber den digitalen Highway. Das bedeutet, dass nur Sie, der K\u00e4ufer, die Rechnung mit den Preisen erhalten. R\u00fccksendungen oder Umtausch werden ebenfalls von Ihnen abgewickelt, ohne den Empf\u00e4nger zu belasten.<\/p>\n<h3 class=\"p3\" style=\"text-align: left;\">Gesch\u00e4ftsgeschenke?<\/h3>\n<p class=\"p3\" style=\"text-align: left;\">Auch f\u00fcr Gesch\u00e4ftskunden bieten wir eine sch\u00f6ne Alternative zu den \u00fcblichen Weihnachtsk\u00f6rben. Halten Sie Ihre Mitarbeiter in den kalten Wintertagen warm und schenken Sie ihnen ein Paar Handschuhe Ihrer Wahl. Weitere Informationen erhalten Sie unter <a href=\"https:\/\/frickin.nl\/de\/b2b-partner\/\">Kontakt hier<\/a> mit unserem Vertreter.<\/p>\n\t\t\n<style>\n#text-887565153 {\n  text-align: center;\n}\n<\/style>\n\t<\/div>\n\t\n\n\t\t<\/div>\n\t\t\t\t\t<\/div>\n\n\t\n\n<\/div>\n\n\t\t<\/div>\n\n\t\t\n<style>\n#section_1575658548 {\n  padding-top: 30px;\n  padding-bottom: 30px;\n}\n<\/style>\n\t<\/section>\n\t\n\n\t<section class=\"section dark\" id=\"section_882713162\">\n\t\t<div class=\"section-bg fill\" >\n\t\t\t\t\t\t\t\t\t\n\t\t\t\n\n\t\t<\/div>\n\n\t\t\n\n\t\t<div class=\"section-content relative\">\n\t\t\t\n\n\t<div id=\"gap-233638691\" class=\"gap-element clearfix\" style=\"display:block; height:auto;\">\n\t\t\n<style>\n#gap-233638691 {\n  padding-top: 30px;\n}\n<\/style>\n\t<\/div>\n\t\n\n<div class=\"row align-bottom\" style=\"max-width:1200px\" id=\"row-1181402235\">\n\n\n\t<div id=\"col-766048361\" class=\"col medium-12 small-12 large-6\"  >\n\t\t\t\t<div class=\"col-inner\"  >\n\t\t\t\n\t\t\t\n\n\t<div id=\"text-3905297293\" class=\"text\">\n\t\t\n\n<h6>Kontakt<\/h6>\n\t\t\n<style>\n#text-3905297293 {\n  font-size: 1.1rem;\n  text-align: left;\n}\n<\/style>\n\t<\/div>\n\t\n\t<div id=\"text-779950345\" class=\"text\">\n\t\t\n\n<h2>M\u00f6chten Sie bei der Wahl Ihres Geschenks beraten werden?&nbsp;<\/h2>\n\t\t\n<style>\n#text-779950345 {\n  font-size: 2rem;\n}\n@media (min-width:550px) {\n  #text-779950345 {\n    font-size: 1.5rem;\n  }\n}\n<\/style>\n\t<\/div>\n\t\n\n\t\t<\/div>\n\t\t\t\t\t<\/div>\n\n\t\n\n\t<div id=\"col-1746666971\" class=\"col medium-12 small-12 large-6\"  >\n\t\t\t\t<div class=\"col-inner\"  >\n\t\t\t\n\t\t\t\n\n<a href=\"https:\/\/frickin.nl\/de\/contact\/\" class=\"button white expand\" style=\"padding:5px 0px 5px 0px;\">\n\t\t<span>Wir sind von 10:00-17:00 Uhr erreichbar.<\/span>\n\t<\/a>\n\n\n\n\t\t<\/div>\n\t\t\t\t\n<style>\n#col-1746666971 > .col-inner {\n  padding: 0px 0px 0px 0;\n  margin: -0 0px 0px 0px;\n}\n@media (min-width:850px) {\n  #col-1746666971 > .col-inner {\n    padding: 0px 0px 0px 30px;\n    margin: -70px 0px 0px 0px;\n  }\n}\n<\/style>\n\t<\/div>\n\n\t\n\n<\/div>\n\n\t\t<\/div>\n\n\t\t\n<style>\n#section_882713162 {\n  padding-top: 30px;\n  padding-bottom: 30px;\n  background-color: rgb(39, 54, 71);\n}\n<\/style>\n\t<\/section>\n\t\n\n\n\n<p><\/p>","protected":false},"excerpt":{"rendered":"","protected":false},"author":1,"featured_media":317,"parent":0,"menu_order":0,"comment_status":"closed","ping_status":"closed","template":"","meta":{"footnotes":""},"class_list":["post-10079","page","type-page","status-publish","has-post-thumbnail","hentry"],"_links":{"self":[{"href":"https:\/\/frickin.nl\/de\/wp-json\/wp\/v2\/pages\/10079","targetHints":{"allow":["GET"]}}],"collection":[{"href":"https:\/\/frickin.nl\/de\/wp-json\/wp\/v2\/pages"}],"about":[{"href":"https:\/\/frickin.nl\/de\/wp-json\/wp\/v2\/types\/page"}],"author":[{"embeddable":true,"href":"https:\/\/frickin.nl\/de\/wp-json\/wp\/v2\/users\/1"}],"replies":[{"embeddable":true,"href":"https:\/\/frickin.nl\/de\/wp-json\/wp\/v2\/comments?post=10079"}],"version-history":[{"count":4,"href":"https:\/\/frickin.nl\/de\/wp-json\/wp\/v2\/pages\/10079\/revisions"}],"predecessor-version":[{"id":15053,"href":"https:\/\/frickin.nl\/de\/wp-json\/wp\/v2\/pages\/10079\/revisions\/15053"}],"wp:featuredmedia":[{"embeddable":true,"href":"https:\/\/frickin.nl\/de\/wp-json\/wp\/v2\/media\/317"}],"wp:attachment":[{"href":"https:\/\/frickin.nl\/de\/wp-json\/wp\/v2\/media?parent=10079"}],"curies":[{"name":"wp","href":"https:\/\/api.w.org\/{rel}","templated":true}]}}