{"id":10088,"date":"2021-08-13T09:48:20","date_gmt":"2021-08-13T09:48:20","guid":{"rendered":"https:\/\/frickin.nl\/?page_id=10088"},"modified":"2022-04-22T17:08:14","modified_gmt":"2022-04-22T15:08:14","slug":"wie-beste-pflege-fur-meine-handschuhe","status":"publish","type":"page","link":"https:\/\/frickin.nl\/de\/handschoenen-verzorgen\/","title":{"rendered":"Wie kann ich meine Handschuhe am besten pflegen?"},"content":{"rendered":"<section class=\"section\" id=\"section_2112124990\">\n\t\t<div class=\"section-bg fill\" >\n\t\t\t\t\t\t\t\t\t\n\t\t\t\n\n\t\t<\/div>\n\n\t\t\n\n\t\t<div class=\"section-content relative\">\n\t\t\t\n\n<div class=\"row align-center\" style=\"max-width:1200px\" id=\"row-538371673\">\n\n\n\t<div id=\"col-760571017\" class=\"col medium-10 small-12 large-10\"  >\n\t\t\t\t<div class=\"col-inner\"  >\n\t\t\t\n\t\t\t\n\n\t<div id=\"text-3279196266\" class=\"text\">\n\t\t\n\n<h1><b>Wie sollte ich meine Handschuhe pflegen?<\/b><\/h1>\n\t\t\n<style>\n#text-3279196266 {\n  font-size: 1.75rem;\n  text-align: center;\n}\n<\/style>\n\t<\/div>\n\t\n\t<div id=\"text-2092902484\" class=\"text\">\n\t\t\n\n<h6>Tipps f\u00fcr die beste Pflege!<\/h6>\n\t\t\n<style>\n#text-2092902484 {\n  font-size: 1.1rem;\n  text-align: center;\n}\n<\/style>\n\t<\/div>\n\t\n\t<div id=\"gap-505760076\" class=\"gap-element clearfix\" style=\"display:block; height:auto;\">\n\t\t\n<style>\n#gap-505760076 {\n  padding-top: 10px;\n}\n<\/style>\n\t<\/div>\n\t\n\n\t<div id=\"text-1289101454\" class=\"text\">\n\t\t\n\n<p class=\"p3\" style=\"text-align: left;\">Sie besitzen ein hochwertiges Paar handgefertigte Leder- oder Wildlederhandschuhe von Frickin und m\u00f6chten diese optimal pflegen, damit Sie jahrelang Freude an ihnen haben? Wir haben eine kurze Erkl\u00e4rung mit einigen Tipps f\u00fcr Sie verfasst.<\/p>\n<h2 class=\"p3\" style=\"text-align: left;\">Pflegen und Reinigen verschmutzter Handschuhe<\/h2>\n<p class=\"p3\" style=\"text-align: left;\"><a href=\"https:\/\/frickin.nl\/de\/sammlung\/herren-handschuhe\/\">Lederhandschuhe f\u00fcr M\u00e4nner<\/a> . <a href=\"https:\/\/frickin.nl\/de\/sammlung\/damen-handschuhe\/\">Damen<\/a> sollten Sie so wenig wie m\u00f6glich waschen oder putzen. Pflegen Sie Ihre Handschuhe gut? Dann vermeiden Sie unbedingt Waschmaschinen und Chemikalien! Wir empfehlen, die Handschuhe bei Bedarf manuell zu reinigen. Dazu ziehen Sie die Handschuhe an und tupfen sie anschlie\u00dfend mit einem feuchten Tuch ab. Um die Lederhandschuhe in bestem Zustand zu halten, raten wir, sie alle drei Monate zu reinigen. Zu h\u00e4ufiges Reinigen\/Waschen der Handschuhe kann dem Leder und dem Glanz schaden.<\/p>\n<h3 class=\"p3\" style=\"text-align: left;\">An- und Ausziehen.<\/h3>\n<p class=\"p3\" style=\"text-align: left;\">Der h\u00e4ufigste Fehler, den die Menschen machen, ist katastrophal f\u00fcr Ihre Handschuhe... Ziehen Sie beim An- und Ausziehen der Handschuhe NIEMALS an den Schlitz- oder Seitenn\u00e4hten. Ziehen Sie die Handschuhe stattdessen an, indem Sie den Anfang der Spitzen \u00fcber die Finger schieben und sie nach unten streichen. Dann schieben Sie den Handschuh \u00fcber den Daumen und streichen ihn nach unten. Auf diese Weise wird kein Druck auf die N\u00e4hte oder das Leder ausge\u00fcbt, was Ihren Handschuhen zugute kommt.<\/p>\n<h3 class=\"p3\" style=\"text-align: left;\">Die Vielfalt...<\/h3>\n<p class=\"p3\" style=\"text-align: left;\">Genauso wie Sie nicht jeden Tag mit der gleichen Hose oder dem gleichen Paar Schuhe herumlaufen, empfehlen wir nicht, nur ein Paar Handschuhe zu tragen. Schlie\u00dflich braucht man f\u00fcr jeden Anlass oder jede T\u00e4tigkeit andere Handschuhe. Unser bester Rat ist, die Handschuhe regelm\u00e4\u00dfig zu wechseln.\u00a0<\/p>\n<h3 class=\"p3\" style=\"text-align: left;\">Trocknen Sie Ihre Handschuhe<\/h3>\n<p class=\"p3\" style=\"text-align: left;\">Echtes Leder sollte nicht zu lange nass oder feucht bleiben. Wir empfehlen daher, die Handschuhe bei Raumtemperatur zu trocknen, nachdem sie mit Wasser in Ber\u00fchrung gekommen sind. Um die urspr\u00fcngliche Passform zu erhalten, k\u00f6nnen Sie die Handschuhe w\u00e4hrend des Trocknungsprozesses mehrmals anziehen. Verwenden Sie NIEMALS die Sonne oder k\u00fcnstliche W\u00e4rmequellen wie einen Ofen oder einen Trockner. Lagern Sie die Handschuhe nie, wenn sie nass sind!<\/p>\n<h3 class=\"p3\" style=\"text-align: left;\">Ist die Saison vorbei?<\/h3>\n<p class=\"p3\" style=\"text-align: left;\">Und wollen Sie Ihre Handschuhe optimal pflegen? Lagern Sie die Handschuhe dann bei Raumtemperatur an einem trockenen Ort. Hierf\u00fcr k\u00f6nnen Sie eventuell die biologische Originalverpackung verwenden, die einen einfachen Verschlussstreifen hat. Von Standorten wie Scheunen oder Dachb\u00f6den raten wir dringend ab! Diese k\u00f6nnen feucht sein und von Sch\u00e4dlingen befallen werden. Ein allgemeiner Tipp: Legen Sie Ihre Handschuhe f\u00fcr die neue Saison hinten in die Sockenschublade.<span class=\"Apple-converted-space\"> M\u00f6chten Sie weitere Tipps erhalten? Dann werfen Sie einen Blick auf unsere <a href=\"https:\/\/frickin.nl\/de\/blog\/\">Blog<\/a>.\u00a0\u00a0<\/span><\/p>\n\t\t\n<style>\n#text-1289101454 {\n  text-align: center;\n}\n<\/style>\n\t<\/div>\n\t\n\n\t\t<\/div>\n\t\t\t\t\t<\/div>\n\n\t\n\n<\/div>\n\n\t\t<\/div>\n\n\t\t\n<style>\n#section_2112124990 {\n  padding-top: 30px;\n  padding-bottom: 30px;\n}\n<\/style>\n\t<\/section>\n\t\n\n\t<section class=\"section dark\" id=\"section_927050469\">\n\t\t<div class=\"section-bg fill\" >\n\t\t\t\t\t\t\t\t\t\n\t\t\t\n\n\t\t<\/div>\n\n\t\t\n\n\t\t<div class=\"section-content relative\">\n\t\t\t\n\n\t<div id=\"gap-1123064200\" class=\"gap-element clearfix\" style=\"display:block; height:auto;\">\n\t\t\n<style>\n#gap-1123064200 {\n  padding-top: 30px;\n}\n<\/style>\n\t<\/div>\n\t\n\n<div class=\"row align-bottom\" style=\"max-width:1200px\" id=\"row-88982897\">\n\n\n\t<div id=\"col-695896108\" class=\"col medium-12 small-12 large-6\"  >\n\t\t\t\t<div class=\"col-inner\"  >\n\t\t\t\n\t\t\t\n\n\t<div id=\"text-2834441279\" class=\"text\">\n\t\t\n\n<h6>Kontakt<\/h6>\n\t\t\n<style>\n#text-2834441279 {\n  font-size: 1.1rem;\n  text-align: left;\n}\n<\/style>\n\t<\/div>\n\t\n\t<div id=\"text-4139282498\" class=\"text\">\n\t\t\n\n<h2>Haben Sie noch Fragen?&nbsp;<\/h2>\n\t\t\n<style>\n#text-4139282498 {\n  font-size: 2rem;\n}\n@media (min-width:550px) {\n  #text-4139282498 {\n    font-size: 1.5rem;\n  }\n}\n<\/style>\n\t<\/div>\n\t\n\n\t\t<\/div>\n\t\t\t\t\t<\/div>\n\n\t\n\n\t<div id=\"col-257929563\" class=\"col medium-12 small-12 large-6\"  >\n\t\t\t\t<div class=\"col-inner\"  >\n\t\t\t\n\t\t\t\n\n<a href=\"https:\/\/frickin.nl\/de\/contact\/\" class=\"button white expand\" style=\"padding:5px 0px 5px 0px;\">\n\t\t<span>Nehmen Sie Kontakt mit uns auf!<\/span>\n\t<\/a>\n\n\n\n\t\t<\/div>\n\t\t\t\t\n<style>\n#col-257929563 > .col-inner {\n  padding: 0px 0px 0px 0;\n  margin: -0 0px 0px 0px;\n}\n@media (min-width:850px) {\n  #col-257929563 > .col-inner {\n    padding: 0px 0px 0px 30px;\n    margin: -70px 0px 0px 0px;\n  }\n}\n<\/style>\n\t<\/div>\n\n\t\n\n<\/div>\n\n\t\t<\/div>\n\n\t\t\n<style>\n#section_927050469 {\n  padding-top: 30px;\n  padding-bottom: 30px;\n  background-color: rgb(39, 54, 71);\n}\n<\/style>\n\t<\/section>\n\t\n\n\n\n<p><\/p>","protected":false},"excerpt":{"rendered":"","protected":false},"author":1,"featured_media":0,"parent":0,"menu_order":0,"comment_status":"closed","ping_status":"closed","template":"","meta":{"footnotes":""},"class_list":["post-10088","page","type-page","status-publish","hentry"],"_links":{"self":[{"href":"https:\/\/frickin.nl\/de\/wp-json\/wp\/v2\/pages\/10088","targetHints":{"allow":["GET"]}}],"collection":[{"href":"https:\/\/frickin.nl\/de\/wp-json\/wp\/v2\/pages"}],"about":[{"href":"https:\/\/frickin.nl\/de\/wp-json\/wp\/v2\/types\/page"}],"author":[{"embeddable":true,"href":"https:\/\/frickin.nl\/de\/wp-json\/wp\/v2\/users\/1"}],"replies":[{"embeddable":true,"href":"https:\/\/frickin.nl\/de\/wp-json\/wp\/v2\/comments?post=10088"}],"version-history":[{"count":10,"href":"https:\/\/frickin.nl\/de\/wp-json\/wp\/v2\/pages\/10088\/revisions"}],"predecessor-version":[{"id":15046,"href":"https:\/\/frickin.nl\/de\/wp-json\/wp\/v2\/pages\/10088\/revisions\/15046"}],"wp:attachment":[{"href":"https:\/\/frickin.nl\/de\/wp-json\/wp\/v2\/media?parent=10088"}],"curies":[{"name":"wp","href":"https:\/\/api.w.org\/{rel}","templated":true}]}}