{"id":10095,"date":"2021-08-13T10:18:15","date_gmt":"2021-08-13T10:18:15","guid":{"rendered":"https:\/\/frickin.nl\/?page_id=10095"},"modified":"2023-03-02T01:40:42","modified_gmt":"2023-03-02T00:40:42","slug":"strapazierfahige-und-zuverlassige-handschuhe","status":"publish","type":"page","link":"https:\/\/frickin.nl\/de\/duurzame-handschoenen\/","title":{"rendered":"Strapazierf\u00e4hige Handschuhe"},"content":{"rendered":"<section class=\"section\" id=\"section_990891692\">\n\t\t<div class=\"section-bg fill\" >\n\t\t\t\t\t\t\t\t\t\n\t\t\t\n\n\t\t<\/div>\n\n\t\t\n\n\t\t<div class=\"section-content relative\">\n\t\t\t\n\n<div class=\"row align-center\" style=\"max-width:1200px\" id=\"row-126069227\">\n\n\n\t<div id=\"col-1180142952\" class=\"col medium-10 small-12 large-10\"  >\n\t\t\t\t<div class=\"col-inner\"  >\n\t\t\t\n\t\t\t\n\n\t<div id=\"text-2073658590\" class=\"text\">\n\t\t\n\n<h1>Strapazierf\u00e4hige Handschuhe<\/h1>\n\t\t\n<style>\n#text-2073658590 {\n  font-size: 1.75rem;\n  text-align: center;\n}\n<\/style>\n\t<\/div>\n\t\n\t<div id=\"gap-1186396747\" class=\"gap-element clearfix\" style=\"display:block; height:auto;\">\n\t\t\n<style>\n#gap-1186396747 {\n  padding-top: 10px;\n}\n<\/style>\n\t<\/div>\n\t\n\n<ul class=\"ul1\">\n<li class=\"li1 bullet-star\">Strapazierf\u00e4hige, handgefertigte Handschuhe aus Leder<\/li>\n<li class=\"li1 bullet-star\">Umweltfreundliche Verpackung<\/li>\n<li class=\"li1 bullet-star\">BSCI &amp; Sedex zertifiziert!<\/li>\n<li class=\"li1 bullet-star\">W\u00e4hlen Sie bewusst! Aus Nebenerzeugnissen hergestellt!<\/li>\n<li class=\"li1 bullet-star\">Frickin ist CO2-neutral<\/li>\n<\/ul>\n<h2>Vom Entwurf bis zur Produktion<\/h2>\n<p class=\"p1\">Die in den Niederlanden entworfenen Frickin-Handschuhe werden weltweit in Handarbeit hergestellt. Auch wenn Frickin mit limitierten Auflagen seiner Modelle arbeitet und wir von der Gr\u00f6\u00dfe her nicht mit den gro\u00dfen Modeketten der Welt vergleichbar sind, ist uns die soziale Verantwortung der Unternehmen sehr wichtig, ebenso wie die sozialen Arbeitsbedingungen der Arbeiter, die unsere Entw\u00fcrfe zu fertigen Produkten verarbeiten. M\u00f6chten Sie mehr \u00fcber Frickin und unsere nachhaltigen Handschuhe erfahren? Dann werfen Sie einen Blick auf unsere <a href=\"https:\/\/frickin.nl\/de\/blog\/\">Blog<\/a>.<\/p>\n<h2>Zertifiziert f\u00fcr faire Arbeitsbedingungen<\/h2>\n<p class=\"p1\">Die Werkst\u00e4tten, mit denen wir zusammenarbeiten, m\u00fcssen daher neben fairen L\u00f6hnen und guten Arbeitsbedingungen auch verschiedene Zertifizierungs- und Qualit\u00e4tsanforderungen erf\u00fcllen. Einige Beispiele sind die <a href=\"https:\/\/www.goedewaar.nl\/keurmerken-etc\/kleding-keurmerken-etc\/227-bsci\" rel=\"nofollow noopener\" target=\"_blank\">BSCI und SEDEX<\/a> Zertifizierungen, die u. a. faire Arbeitsbedingungen garantieren, wie z. B. die Gr\u00fcndung einer Gewerkschaft.<\/p>\n<h2>Plastikverbot<\/h2>\n<p class=\"p1\">Um den globalen Klimawandel zu bek\u00e4mpfen und unseren Beitrag f\u00fcr die Zukunft zu leisten, haben wir ein totales Plastikverbot eingef\u00fchrt. Unsere Produkte werden ausschlie\u00dflich in biologisch abbaubaren Verpackungen verpackt und versandt, die Sie zu Hause einfach in den Kompost geben k\u00f6nnen, wo sie sich nach 6 Monaten vollst\u00e4ndig aufl\u00f6sen und verschwinden.<\/p>\n<h2>Nachhaltige Handschuhe aus ehrlichen Materialien. W\u00e4hlen Sie bewusst!<\/h2>\n<p class=\"p1\">Das Leder und das Futter, das Frickin f\u00fcr seine Handschuhe verwendet, stammt von renommierten Lieferanten und wird bei der Herstellung seiner Produkte eingesetzt.<span class=\"Apple-converted-space\">\u00a0 <\/span>besteht aus einem Nebenprodukt der Lebensmittel-, Woll- und Milchindustrie. Dar\u00fcber hinaus bieten wir unseren Kunden mit unserer speziell entwickelten \u00d6ko-Leder-Linie eine Alternative zu echten Lederhandschuhen. Kurz gesagt, das Wohlergehen der Tiere hat f\u00fcr uns jederzeit Priorit\u00e4t.<\/p>\n<h2>Denken Sie an die Zukunft!<\/h2>\n<p class=\"p1\">Von der Herstellung bis zur Lieferung zu Ihnen nach Hause? <a href=\"https:\/\/frickin.nl\/de\/wir-sind-co2-neutral\/\">Das verdammte Werk ist CO2-neutral<\/a>! In Zusammenarbeit mit Treesforall werden unsere gesamten CO2-Emissionen in verschiedenen zuverl\u00e4ssigen und zertifizierten globalen Projekten kompensiert. M\u00f6chten Sie mehr \u00fcber unsere Verg\u00fctung erfahren? Lesen Sie <a href=\"https:\/\/frickin.nl\/de\/blog\/\">hier<\/a> Erfahren Sie mehr \u00fcber unsere Zusammenarbeit und die Projekte, in die wir investieren. Sehen Sie sich unsere neue Kollektion an <a href=\"https:\/\/frickin.nl\/de\/sammlung\/damen-handschuhe\/\">Damen<\/a> oder <a href=\"https:\/\/frickin.nl\/de\/sammlung\/herren-handschuhe\/\">Handschuhe f\u00fcr M\u00e4nner.<\/a><\/p>\n<p>\u00a0<\/p>\n<p>\u00a0<\/p>\n\n\t\t<\/div>\n\t\t\t\t\t<\/div>\n\n\t\n\n<\/div>\n\n\t\t<\/div>\n\n\t\t\n<style>\n#section_990891692 {\n  padding-top: 30px;\n  padding-bottom: 30px;\n}\n<\/style>\n\t<\/section>\n\t\n\n\t<section class=\"section dark\" id=\"section_9036777\">\n\t\t<div class=\"section-bg fill\" >\n\t\t\t\t\t\t\t\t\t\n\t\t\t\n\n\t\t<\/div>\n\n\t\t\n\n\t\t<div class=\"section-content relative\">\n\t\t\t\n\n\t<div id=\"gap-577618578\" class=\"gap-element clearfix\" style=\"display:block; height:auto;\">\n\t\t\n<style>\n#gap-577618578 {\n  padding-top: 30px;\n}\n<\/style>\n\t<\/div>\n\t\n\n<div class=\"row align-bottom\" style=\"max-width:1200px\" id=\"row-782082300\">\n\n\n\t<div id=\"col-2024908987\" class=\"col medium-12 small-12 large-6\"  >\n\t\t\t\t<div class=\"col-inner\"  >\n\t\t\t\n\t\t\t\n\n\t<div id=\"text-2454758773\" class=\"text\">\n\t\t\n\n<h6>Kontakt<\/h6>\n\t\t\n<style>\n#text-2454758773 {\n  font-size: 1.1rem;\n  text-align: left;\n}\n<\/style>\n\t<\/div>\n\t\n\t<div id=\"text-1135872115\" class=\"text\">\n\t\t\n\n<h2>Sie haben Ihre Frage immer noch nicht beantwortet?&nbsp;<\/h2>\n\t\t\n<style>\n#text-1135872115 {\n  font-size: 2rem;\n}\n@media (min-width:550px) {\n  #text-1135872115 {\n    font-size: 1.5rem;\n  }\n}\n<\/style>\n\t<\/div>\n\t\n\n\t\t<\/div>\n\t\t\t\t\t<\/div>\n\n\t\n\n\t<div id=\"col-770716824\" class=\"col medium-12 small-12 large-6\"  >\n\t\t\t\t<div class=\"col-inner\"  >\n\t\t\t\n\t\t\t\n\n<a href=\"https:\/\/frickin.nl\/de\/contact\/\" class=\"button white expand\" style=\"padding:5px 0px 5px 0px;\">\n\t\t<span>Nehmen Sie Kontakt mit uns auf!<\/span>\n\t<\/a>\n\n\n\n\t\t<\/div>\n\t\t\t\t\n<style>\n#col-770716824 > .col-inner {\n  padding: 0px 0px 0px 0;\n  margin: -0 0px 0px 0px;\n}\n@media (min-width:850px) {\n  #col-770716824 > .col-inner {\n    padding: 0px 0px 0px 30px;\n    margin: -70px 0px 0px 0px;\n  }\n}\n<\/style>\n\t<\/div>\n\n\t\n\n<\/div>\n\n\t\t<\/div>\n\n\t\t\n<style>\n#section_9036777 {\n  padding-top: 30px;\n  padding-bottom: 30px;\n  background-color: rgb(39, 54, 71);\n}\n<\/style>\n\t<\/section>","protected":false},"excerpt":{"rendered":"","protected":false},"author":1,"featured_media":0,"parent":0,"menu_order":0,"comment_status":"closed","ping_status":"closed","template":"","meta":{"footnotes":""},"class_list":["post-10095","page","type-page","status-publish","hentry"],"_links":{"self":[{"href":"https:\/\/frickin.nl\/de\/wp-json\/wp\/v2\/pages\/10095","targetHints":{"allow":["GET"]}}],"collection":[{"href":"https:\/\/frickin.nl\/de\/wp-json\/wp\/v2\/pages"}],"about":[{"href":"https:\/\/frickin.nl\/de\/wp-json\/wp\/v2\/types\/page"}],"author":[{"embeddable":true,"href":"https:\/\/frickin.nl\/de\/wp-json\/wp\/v2\/users\/1"}],"replies":[{"embeddable":true,"href":"https:\/\/frickin.nl\/de\/wp-json\/wp\/v2\/comments?post=10095"}],"version-history":[{"count":12,"href":"https:\/\/frickin.nl\/de\/wp-json\/wp\/v2\/pages\/10095\/revisions"}],"predecessor-version":[{"id":20499,"href":"https:\/\/frickin.nl\/de\/wp-json\/wp\/v2\/pages\/10095\/revisions\/20499"}],"wp:attachment":[{"href":"https:\/\/frickin.nl\/de\/wp-json\/wp\/v2\/media?parent=10095"}],"curies":[{"name":"wp","href":"https:\/\/api.w.org\/{rel}","templated":true}]}}