{"id":10099,"date":"2021-08-13T10:33:24","date_gmt":"2021-08-13T10:33:24","guid":{"rendered":"https:\/\/frickin.nl\/?page_id=10099"},"modified":"2023-02-24T15:31:26","modified_gmt":"2023-02-24T14:31:26","slug":"wir-sind-co2-neutral","status":"publish","type":"page","link":"https:\/\/frickin.nl\/de\/co2-neutraal\/","title":{"rendered":"Wir sind CO2-neutral!"},"content":{"rendered":"<section class=\"section\" id=\"section_1487229063\">\n\t\t<div class=\"section-bg fill\" >\n\t\t\t\t\t\t\t\t\t\n\t\t\t\n\n\t\t<\/div>\n\n\t\t\n\n\t\t<div class=\"section-content relative\">\n\t\t\t\n\n<div class=\"row align-center\" style=\"max-width:1200px\" id=\"row-149794080\">\n\n\n\t<div id=\"col-457446859\" class=\"col medium-10 small-12 large-10\"  >\n\t\t\t\t<div class=\"col-inner\"  >\n\t\t\t\n\t\t\t\n\n\t<div id=\"text-2763177802\" class=\"text\">\n\t\t\n\n<h1>Wir sind CO2-neutral!<\/h1>\n\t\t\n<style>\n#text-2763177802 {\n  font-size: 1.75rem;\n  text-align: center;\n}\n<\/style>\n\t<\/div>\n\t\n\t<div id=\"text-3172678784\" class=\"text\">\n\t\t\n\n<h6 class=\"p1\"><b>Von der Herstellung bis zu Ihrem Zuhause...<\/b><\/h6>\n\t\t\n<style>\n#text-3172678784 {\n  font-size: 1.1rem;\n  text-align: center;\n}\n<\/style>\n\t<\/div>\n\t\n\t<div id=\"gap-1872677638\" class=\"gap-element clearfix\" style=\"display:block; height:auto;\">\n\t\t\n<style>\n#gap-1872677638 {\n  padding-top: 10px;\n}\n<\/style>\n\t<\/div>\n\t\n\n\t<div id=\"text-1566348105\" class=\"text\">\n\t\t\n\n<p class=\"p3\" style=\"text-align: left;\">Als Handschuhmarke und -hersteller hat Frickin offensichtlich nichts vom globalen Klimawandel zu gewinnen. <br \/>Denn wenn die Temperaturen steigen, wird niemand mehr Handschuhe tragen und wir werden gezwungen sein, sie nicht mehr zu benutzen.<\/p>\n<p class=\"p3\" style=\"text-align: left;\"><strong><em>Aber jetzt wird es ernst:<\/em><\/strong><\/p>\n<p class=\"p3\" style=\"text-align: left;\">Er denkt an morgen und an die Zukunft als Ganzes. Wir haben bereits damit begonnen, alle unsere Produkte umweltfreundlich zu verpacken und zu versenden. Wir haben ein spezielles veganes Leder entwickelt, das sich von dem von verschiedenen Bekleidungsherstellern verwendeten Standard-PU-\u00d6koleder unterscheidet, und werden ab der Saison 2021 aktiv daran arbeiten, das gesamte von uns produzierte CO2 zu kompensieren. <a href=\"https:\/\/frickin.nl\/de\/strapazierfahige-und-zuverlassige-handschuhe\/\">Unser Ziel und Auftrag<\/a> ist ganz einfach: nachhaltige Handschuhe von der Produktion bis zur Lieferung zu Ihnen nach Hause, CO2-neutral!<\/p>\n<h2 class=\"p3\" style=\"text-align: left;\">Unsere Zusammenarbeit mit Trees for all.<\/h2>\n<p class=\"p3\" style=\"text-align: left;\">Um unsere Ziele und unseren Auftrag zu erf\u00fcllen, sind wir eine Zusammenarbeit eingegangen mit <a href=\"https:\/\/treesforall.nl\/\" rel=\"nofollow noopener\" target=\"_blank\">B\u00e4ume f\u00fcr alle<\/a> Wir haben unsere gesamten CO2-Emissionen berechnet, gemessen von der Herstellung bis zur Lieferung an Ihr Haus. Unsere gesamten CO2-Emissionen, gemessen von der Produktion bis zur Lieferung zu Ihnen nach Hause, wurden berechnet und in einem sogenannten CO2-Fu\u00dfabdruck festgehalten. Die Gr\u00f6\u00dfe dieses Fu\u00dfabdrucks, der in Tonnen CO2 ausgedr\u00fcckt wird, wird dann von Frickin to Trees for All kompensiert. Es fallen also keine zus\u00e4tzlichen Kosten f\u00fcr den CO2-neutralen Versand an, wenn Sie eine Bestellung bei uns aufgeben. Trees for all beaufsichtigt verschiedene Projekte, die zertifiziert sind und die Menge des abgeschiedenen CO2 garantieren. Auch die sozialen, wirtschaftlichen und \u00f6kologischen Auswirkungen werden \u00fcberwacht und gepr\u00fcft. Trees for All tr\u00e4gt auch das CBF-G\u00fctezeichen. Kurzum, ein Partner, auf den wir stolz sein k\u00f6nnen!<\/p>\n<h2><img loading=\"lazy\" decoding=\"async\" class=\"alignnone wp-image-10178 size-medium\" src=\"https:\/\/frickin.nl\/wp-content\/uploads\/2021\/08\/Bomen-planten-in-Nederland-300x183.jpg\" alt=\"B\u00e4ume pflanzen\" width=\"300\" height=\"183\" srcset=\"https:\/\/frickin.nl\/wp-content\/uploads\/2021\/08\/Bomen-planten-in-Nederland-300x183.jpg 300w, https:\/\/frickin.nl\/wp-content\/uploads\/2021\/08\/Bomen-planten-in-Nederland-1024x624.jpg 1024w, https:\/\/frickin.nl\/wp-content\/uploads\/2021\/08\/Bomen-planten-in-Nederland-768x468.jpg 768w, https:\/\/frickin.nl\/wp-content\/uploads\/2021\/08\/Bomen-planten-in-Nederland-1536x936.jpg 1536w, https:\/\/frickin.nl\/wp-content\/uploads\/2021\/08\/Bomen-planten-in-Nederland-18x12.jpg 18w, https:\/\/frickin.nl\/wp-content\/uploads\/2021\/08\/Bomen-planten-in-Nederland-510x311.jpg 510w, https:\/\/frickin.nl\/wp-content\/uploads\/2021\/08\/Bomen-planten-in-Nederland.jpg 1811w\" sizes=\"auto, (max-width: 300px) 100vw, 300px\" \/><\/h2>\n<h2 class=\"p3\" style=\"text-align: left;\">Kaufen Sie bewusst!<\/h2>\n<p class=\"p3\" style=\"text-align: left;\">Gemeinsam setzen wir uns f\u00fcr ein ges\u00fcnderes Klima, die Wiederherstellung der Natur und der Artenvielfalt und die Verringerung der Armut in der Welt ein. Wenn Sie unsere Ansichten teilen, kaufen Sie Ihre Handschuhe bewusst bei Frickin und helfen Sie mit, die Zukunft zu gestalten! Besuchen Sie unser <a href=\"https:\/\/frickin.nl\/de\/sammlung\/herren-handschuhe\/\">Herrenhandschuhe<\/a> oder Sammlung <a href=\"https:\/\/frickin.nl\/de\/sammlung\/damen-handschuhe\/\">Damenhandschuhe<\/a>.<\/p>\n<p>\u00a0<\/p>\n<p><a href=\"https:\/\/treesforall.nl\/\" rel=\"nofollow noopener\" target=\"_blank\"><img loading=\"lazy\" decoding=\"async\" class=\"alignnone wp-image-10180 size-medium\" src=\"https:\/\/frickin.nl\/wp-content\/uploads\/2021\/08\/Logo-Trees-for-All-244x300.png\" alt=\"Partner B\u00e4umef\u00fcralle\" width=\"244\" height=\"300\" srcset=\"https:\/\/frickin.nl\/wp-content\/uploads\/2021\/08\/Logo-Trees-for-All-244x300.png 244w, https:\/\/frickin.nl\/wp-content\/uploads\/2021\/08\/Logo-Trees-for-All-832x1024.png 832w, https:\/\/frickin.nl\/wp-content\/uploads\/2021\/08\/Logo-Trees-for-All-768x946.png 768w, https:\/\/frickin.nl\/wp-content\/uploads\/2021\/08\/Logo-Trees-for-All-10x12.png 10w, https:\/\/frickin.nl\/wp-content\/uploads\/2021\/08\/Logo-Trees-for-All-300x369.png 300w, https:\/\/frickin.nl\/wp-content\/uploads\/2021\/08\/Logo-Trees-for-All-510x628.png 510w, https:\/\/frickin.nl\/wp-content\/uploads\/2021\/08\/Logo-Trees-for-All.png 959w\" sizes=\"auto, (max-width: 244px) 100vw, 244px\" \/><\/a><\/p>\n\t\t\n<style>\n#text-1566348105 {\n  text-align: center;\n}\n<\/style>\n\t<\/div>\n\t\n\n\t\t<\/div>\n\t\t\t\t\t<\/div>\n\n\t\n\n<\/div>\n\n\t\t<\/div>\n\n\t\t\n<style>\n#section_1487229063 {\n  padding-top: 30px;\n  padding-bottom: 30px;\n}\n<\/style>\n\t<\/section>\n\t\n\n\t<section class=\"section dark\" id=\"section_1130047612\">\n\t\t<div class=\"section-bg fill\" >\n\t\t\t\t\t\t\t\t\t\n\t\t\t\n\n\t\t<\/div>\n\n\t\t\n\n\t\t<div class=\"section-content relative\">\n\t\t\t\n\n\t<div id=\"gap-55749467\" class=\"gap-element clearfix\" style=\"display:block; height:auto;\">\n\t\t\n<style>\n#gap-55749467 {\n  padding-top: 30px;\n}\n<\/style>\n\t<\/div>\n\t\n\n<div class=\"row align-bottom\" style=\"max-width:1200px\" id=\"row-1166304246\">\n\n\n\t<div id=\"col-186868700\" class=\"col medium-12 small-12 large-6\"  >\n\t\t\t\t<div class=\"col-inner\"  >\n\t\t\t\n\t\t\t\n\n\t<div id=\"text-298773187\" class=\"text\">\n\t\t\n\n<h6>Kontakt<\/h6>\n\t\t\n<style>\n#text-298773187 {\n  font-size: 1.1rem;\n  text-align: left;\n}\n<\/style>\n\t<\/div>\n\t\n\t<div id=\"text-422224635\" class=\"text\">\n\t\t\n\n<h2>M\u00f6chten Sie mehr \u00fcber unsere gr\u00fcnen Angebote erfahren?&nbsp;<\/h2>\n\t\t\n<style>\n#text-422224635 {\n  font-size: 2rem;\n}\n@media (min-width:550px) {\n  #text-422224635 {\n    font-size: 1.5rem;\n  }\n}\n<\/style>\n\t<\/div>\n\t\n\n\t\t<\/div>\n\t\t\t\t\t<\/div>\n\n\t\n\n\t<div id=\"col-2115881973\" class=\"col medium-12 small-12 large-6\"  >\n\t\t\t\t<div class=\"col-inner\"  >\n\t\t\t\n\t\t\t\n\n<a href=\"https:\/\/frickin.nl\/de\/contact\/\" class=\"button white expand\" style=\"padding:5px 0px 5px 0px;\">\n\t\t<span>Nehmen Sie Kontakt mit uns auf!<\/span>\n\t<\/a>\n\n\n\n\t\t<\/div>\n\t\t\t\t\n<style>\n#col-2115881973 > .col-inner {\n  padding: 0px 0px 0px 0;\n  margin: -0 0px 0px 0px;\n}\n@media (min-width:850px) {\n  #col-2115881973 > .col-inner {\n    padding: 0px 0px 0px 30px;\n    margin: -70px 0px 0px 0px;\n  }\n}\n<\/style>\n\t<\/div>\n\n\t\n\n<\/div>\n\n\t\t<\/div>\n\n\t\t\n<style>\n#section_1130047612 {\n  padding-top: 30px;\n  padding-bottom: 30px;\n  background-color: rgb(39, 54, 71);\n}\n<\/style>\n\t<\/section>\n\t\n\n\n\n<p><\/p>","protected":false},"excerpt":{"rendered":"","protected":false},"author":1,"featured_media":10180,"parent":0,"menu_order":0,"comment_status":"closed","ping_status":"closed","template":"","meta":{"footnotes":""},"class_list":["post-10099","page","type-page","status-publish","has-post-thumbnail","hentry"],"_links":{"self":[{"href":"https:\/\/frickin.nl\/de\/wp-json\/wp\/v2\/pages\/10099","targetHints":{"allow":["GET"]}}],"collection":[{"href":"https:\/\/frickin.nl\/de\/wp-json\/wp\/v2\/pages"}],"about":[{"href":"https:\/\/frickin.nl\/de\/wp-json\/wp\/v2\/types\/page"}],"author":[{"embeddable":true,"href":"https:\/\/frickin.nl\/de\/wp-json\/wp\/v2\/users\/1"}],"replies":[{"embeddable":true,"href":"https:\/\/frickin.nl\/de\/wp-json\/wp\/v2\/comments?post=10099"}],"version-history":[{"count":3,"href":"https:\/\/frickin.nl\/de\/wp-json\/wp\/v2\/pages\/10099\/revisions"}],"predecessor-version":[{"id":20401,"href":"https:\/\/frickin.nl\/de\/wp-json\/wp\/v2\/pages\/10099\/revisions\/20401"}],"wp:featuredmedia":[{"embeddable":true,"href":"https:\/\/frickin.nl\/de\/wp-json\/wp\/v2\/media\/10180"}],"wp:attachment":[{"href":"https:\/\/frickin.nl\/de\/wp-json\/wp\/v2\/media?parent=10099"}],"curies":[{"name":"wp","href":"https:\/\/api.w.org\/{rel}","templated":true}]}}