{"id":31412,"date":"2025-09-25T15:01:36","date_gmt":"2025-09-25T13:01:36","guid":{"rendered":"https:\/\/frickin.nl\/?page_id=31412"},"modified":"2025-09-25T15:39:48","modified_gmt":"2025-09-25T13:39:48","slug":"sitemap","status":"publish","type":"page","link":"https:\/\/frickin.nl\/de\/sitemap\/","title":{"rendered":"Inhaltsverzeichnis"},"content":{"rendered":"<!DOCTYPE html>\n<html lang=\"nl\">\n<head>\n  <meta charset=\"UTF-8\">\n  <title>Sitemap | Frickin<\/title>\n  <meta name=\"description\" content=\"\u00dcberblick \u00fcber alle wichtigen Seiten von Frickin&#039;s: Handschuhe, G\u00fcrtel, Geldb\u00f6rsen, Taschen, M\u00fctzen und Schals, Blog und Kundenservice.\">\n<\/head>\n<body>\n  <h1>Inhaltsverzeichnis<\/h1>\n\n  <h2>Home<\/h2>\n  <ul>\n    <li><a href=\"https:\/\/frickin.nl\/de\/\">Home<\/a><\/li>\n  <\/ul>\n\n  <h2>Sammlungen<\/h2>\n  <ul>\n<li><a href=\"https:\/\/frickin.nl\/de\/sammlung\/herren-handschuhe\/lederhandschuhe-herren\/\">Lederhandschuhe f\u00fcr M\u00e4nner<\/a><\/li>\n<li><a href=\"https:\/\/frickin.nl\/de\/sammlung\/herren-handschuhe\/autohandschuhe-herren\/\">Auto-Handschuhe f\u00fcr M\u00e4nner<\/a><\/li>\n<li><a href=\"https:\/\/frickin.nl\/de\/sammlung\/damen-handschuhe\/lederhandschuhe-damen\/\">Lederhandschuhe f\u00fcr Damen<\/a><\/li>\n<li><a href=\"https:\/\/frickin.nl\/de\/sammlung\/damen-handschuhe\/faustlinge-damen\/\">F\u00e4ustlinge f\u00fcr Frauen<\/a><\/li>\n<li><a href=\"https:\/\/frickin.nl\/de\/sammlung\/mutsen-en-sjaals\/\">H\u00fcte und Schals<\/a><\/li>\n<li><a href=\"https:\/\/frickin.nl\/de\/sammlung\/portemonnee\/\">Geldb\u00f6rsen<\/a><\/li>\n<li><a href=\"https:\/\/frickin.nl\/de\/sammlung\/riemen\/\">G\u00fcrtel<\/a><\/li>\n <\/ul>\n\n\n  <h2>Blog &amp; Inspiration<\/h2>\n  <ul>\n    <li><a href=\"https:\/\/frickin.nl\/de\/blog\/\">Blog-\u00dcbersicht<\/a><\/li>\n<li><a href=\"https:\/\/frickin.nl\/de\/verschiedene-leder\/\">Lederhandschuhe<\/a><\/li>\n<li><a href=\"https:\/\/frickin.nl\/de\/wie-beste-pflege-fur-meine-handschuhe\/\">Pflege von Handschuhen<\/a><\/li>\n  <\/ul>\n\n  <h2>\u00dcber Frickin<\/h2>\n  <ul>\n    <li><a href=\"https:\/\/frickin.nl\/de\/uber-uns\/\">\u00dcber uns<\/a><\/li>\n    <li><a href=\"https:\/\/frickin.nl\/de\/strapazierfahige-und-zuverlassige-handschuhe\/\">Strapazierf\u00e4hige Handschuhe<\/a><\/li>\n    <li><a href=\"https:\/\/frickin.nl\/de\/b2b-partner\/\">Werden Sie B2B-Partner<\/a><\/li>\n    <li><a href=\"https:\/\/frickin.nl\/de\/kontakt\/\">Kontakt<\/a><\/li>\n  <\/ul>\n\n  <h2>Kundenbetreuung<\/h2>\n  <ul>\n    <li><a href=\"https:\/\/frickin.nl\/de\/haufig-gestellte-fragen\/\">H\u00e4ufig gestellte Fragen (FAQ)<\/a><\/li> \n    <li><a href=\"https:\/\/frickin.nl\/de\/handschuh-grosentabelle\/\">Bestimmung der Handschuhgr\u00f6\u00dfe<\/a><\/li>\n    <li><a href=\"https:\/\/frickin.nl\/de\/versand\/\">Versand &amp; Lieferung<\/a><\/li>\n    <li><a href=\"https:\/\/frickin.nl\/de\/umtausch-und-ruckgabe\/\">R\u00fcckgabe und Umtausch<\/a><\/li>\n    <li><a href=\"https:\/\/frickin.nl\/de\/geschaftsbedingungen\/\">Allgemeine Bedingungen und Konditionen<\/a><\/li>\n    <li><a href=\"https:\/\/frickin.nl\/de\/erklarung-zum-datenschutz\/\">Datenschutzbestimmungen<\/a><\/li>\n  <\/ul>\n<\/body>\n<\/html>","protected":false},"excerpt":{"rendered":"<p>Sitemap | Frickin Sitemap Home Home Collecties Leren handschoenen voor heren Autohandschoenen voor heren Leren handschoenen voor dames Dames wanten Mutsen en sjaals Portemonnees Riemen Blog &#038; Inspiratie Blog overzicht Leersoorten handschoenen Handschoenen onderhouden Over Frickin Over ons Duurzame handschoenen B2B Partner worden Contact Klantenservice Veelgestelde vragen (FAQ) Handschoenenmaat bepalen Verzending &#038; levering Retourneren en[&#8230;]\n","protected":false},"author":87,"featured_media":0,"parent":0,"menu_order":0,"comment_status":"closed","ping_status":"closed","template":"","meta":{"footnotes":""},"class_list":["post-31412","page","type-page","status-publish","hentry"],"_links":{"self":[{"href":"https:\/\/frickin.nl\/de\/wp-json\/wp\/v2\/pages\/31412","targetHints":{"allow":["GET"]}}],"collection":[{"href":"https:\/\/frickin.nl\/de\/wp-json\/wp\/v2\/pages"}],"about":[{"href":"https:\/\/frickin.nl\/de\/wp-json\/wp\/v2\/types\/page"}],"author":[{"embeddable":true,"href":"https:\/\/frickin.nl\/de\/wp-json\/wp\/v2\/users\/87"}],"replies":[{"embeddable":true,"href":"https:\/\/frickin.nl\/de\/wp-json\/wp\/v2\/comments?post=31412"}],"version-history":[{"count":9,"href":"https:\/\/frickin.nl\/de\/wp-json\/wp\/v2\/pages\/31412\/revisions"}],"predecessor-version":[{"id":31425,"href":"https:\/\/frickin.nl\/de\/wp-json\/wp\/v2\/pages\/31412\/revisions\/31425"}],"wp:attachment":[{"href":"https:\/\/frickin.nl\/de\/wp-json\/wp\/v2\/media?parent=31412"}],"curies":[{"name":"wp","href":"https:\/\/api.w.org\/{rel}","templated":true}]}}