{"id":9921,"date":"2021-08-04T14:29:04","date_gmt":"2021-08-04T14:29:04","guid":{"rendered":"https:\/\/frickin.nl\/?page_id=9921"},"modified":"2025-07-29T19:55:12","modified_gmt":"2025-07-29T17:55:12","slug":"umtausch-und-ruckgabe","status":"publish","type":"page","link":"https:\/\/frickin.nl\/de\/ruilen-en-retourneren\/","title":{"rendered":"Umtausch und R\u00fcckgabe"},"content":{"rendered":"<section class=\"section\" id=\"section_2131864079\">\n\t\t<div class=\"section-bg fill\" >\n\t\t\t\t\t\t\t\t\t\n\t\t\t\n\n\t\t<\/div>\n\n\t\t\n\n\t\t<div class=\"section-content relative\">\n\t\t\t\n\n<div class=\"row align-center\" style=\"max-width:1200px\" id=\"row-1254814014\">\n\n\n\t<div id=\"col-129669089\" class=\"col medium-10 small-12 large-10\"  >\n\t\t\t\t<div class=\"col-inner\"  >\n\t\t\t\n\t\t\t\n\n\t<div id=\"text-867369026\" class=\"text\">\n\t\t\n\n<h1>Umtausch und R\u00fcckgabe?<\/h1>\n\t\t\n<style>\n#text-867369026 {\n  font-size: 1.75rem;\n  text-align: center;\n}\n<\/style>\n\t<\/div>\n\t\n\t<div id=\"text-1497033675\" class=\"text\">\n\t\t\n\n<h6><span style=\"font-size: 100%;\">Sie sind nicht ganz zufrieden mit Ihrer Bestellung?<\/span><\/h6>\n\t\t\n<style>\n#text-1497033675 {\n  font-size: 1.1rem;\n  text-align: center;\n}\n<\/style>\n\t<\/div>\n\t\n\t<div id=\"gap-1840306443\" class=\"gap-element clearfix\" style=\"display:block; height:auto;\">\n\t\t\n<style>\n#gap-1840306443 {\n  padding-top: 10px;\n}\n<\/style>\n\t<\/div>\n\t\n\n\t<div id=\"text-1540199433\" class=\"text\">\n\t\t\n\n<p class=\"p1\" style=\"text-align: left;\"><span style=\"font-size: 100%;\">R\u00fcckgabe oder Umtausch:<\/span><\/p>\n<ul class=\"ul2\" style=\"text-align: left;\">\n<li class=\"bullet-checkmark\" style=\"text-align: left;\">Die R\u00fcckgabe entspricht den R\u00fcckgabebedingungen.<\/li>\n<li class=\"bullet-checkmark\" style=\"text-align: left;\">Melden Sie die R\u00fcckgabe online \u00fcber unser Portal.<\/li>\n<li class=\"bullet-checkmark\" style=\"text-align: left;\">R\u00fcckgabe innerhalb von 14 Tagen nach Erhalt.<\/li>\n<li class=\"bullet-checkmark\" style=\"text-align: left;\">M\u00f6chten Sie tauschen? Das neue Produkt wird Ihnen sofort nach der Anmeldung zur Verf\u00fcgung gestellt!<\/li>\n<\/ul>\n\t\t\n<style>\n#text-1540199433 {\n  text-align: center;\n}\n<\/style>\n\t<\/div>\n\t\n<a href=\"https:\/\/frickin.montareturns.com\/\" target=\"_blank\" class=\"button alert is-gloss is-large expand\" rel=\"noopener nofollow\">\n\t<i class=\"icon-shopping-cart\" aria-hidden=\"true\"><\/i>\t<span>R\u00fcckgabe<\/span>\n\t<\/a>\n\n\n\t<div id=\"text-2840938429\" class=\"text\">\n\t\t\n\n<h2 class=\"p1\" style=\"text-align: left;\"><b>R\u00fcckgabe<\/b><\/h2>\n<ol class=\"ol1\">\n<li class=\"li1\" style=\"text-align: left;\"><strong>Die R\u00fcckgabefrist betr\u00e4gt 14 Tage ab Erhalt der Ware. <\/strong>R\u00fccksendungen, die nach diesem Zeitraum eingehen, k\u00f6nnen und werden nicht bearbeitet.\u00a0<\/li>\n<li class=\"li1\" style=\"text-align: left;\"><span style=\"font-size: 100%;\">Die Widerrufsfrist betr\u00e4gt vierzehn Tage ab dem Tag, an dem Sie oder ein von Ihnen benannter Dritter, der nicht der Bef\u00f6rderer ist, die letzte Ware in Besitz genommen haben bzw. hat.<\/span><\/li>\n<li class=\"li1\" style=\"text-align: left;\"><span style=\"font-size: 100%;\">Haftung und <strong>die R\u00fccksendekosten sind vom Kunden zu tragen<\/strong>t. Achten Sie daher bitte darauf, dass Ihre R\u00fccksendung ausreichend frankiert und mit einem Track-and-Trace-Code versehen ist. Nachnahmesendungen oder unfrankierte Sendungen werden von uns abgelehnt.\u00a0<\/span><\/li>\n<li class=\"li1\" style=\"text-align: left;\"><span style=\"font-size: 100%;\">Ihre R\u00fccksendung muss gut verpackt sein, um Transportsch\u00e4den zu vermeiden. Wenn ein Produkt (Verpackung) bei der R\u00fcckgabe aufgrund schlechter Verpackung besch\u00e4digt wird, wird Ihnen die Wertminderung in Rechnung gestellt.<\/span><\/li>\n<li style=\"text-align: left;\">Die Produkte sollten vollst\u00e4ndig, im Originalzustand und vorzugsweise mit Originalverpackung und -etiketten zur\u00fcckgegeben werden. Besch\u00e4digte oder unvollst\u00e4ndige Erzeugnisse k\u00f6nnen zu einer K\u00fcrzung der Erstattung f\u00fchren. <b>Anmerkung:<\/b>R\u00fccksendungen werden nicht automatisch aufgrund von Sch\u00e4den abgelehnt, sondern <b>die Abschreibung erfolgt<\/b> Sch\u00e4den, die bei Erhalt des Produkts vorhanden sind, m\u00fcssen innerhalb einer Woche nach Erhalt reklamiert werden. <b>48 Stunden<\/b> Bericht nach Zustellung \u00fcber <b>info@frickin.nl.<\/b><\/li>\n<li class=\"li1\" style=\"text-align: left;\">\n<p data-start=\"3356\" data-end=\"3472\"><strong style=\"color: #333333; font-size: 14.4px;\">Gesch\u00e4ftliche K\u00e4ufe haben kein R\u00fccktritts-\/Verweigerungsrecht<\/strong><b style=\"color: #333333; font-size: 14.4px;\">ijd.<\/b><\/p>\n<\/li>\n<li style=\"text-align: left;\"><span style=\"font-size: 100%;\">Haben Sie die Produkte zur\u00fcckgeschickt, aber sie erf\u00fcllen nicht unsere R\u00fcckgabebedingungen. Dann gehen die Kosten f\u00fcr die R\u00fccksendung an Ihre Adresse zu Ihren eigenen Lasten.\u00a0<\/span><\/li>\n<li style=\"text-align: left;\"><span style=\"font-size: 100%;\"><span style=\"font-size: 100%;\"><strong>Der Kaufpreis wird innerhalb von 14 Werktagen nach Eingang der R\u00fccksendung erstattet.<\/strong> auf das f\u00fcr den Kauf verwendete Zahlungskonto.<br \/><br \/><\/span><\/span>\n<p>\u00a0<\/p>\n<p><strong>Bedingungen und Konditionen f\u00fcr R\u00fccksendungen<\/strong><\/p>\n<p>Wenn Sie einen Werbeartikel in Kombination mit einem anderen Rabatt bestellt oder ihn als Gratisartikel zu einem Produkt erhalten haben, l\u00e4uft die Aktion bei R\u00fcckgabe (eines der) Produkte ab. In diesem Fall:<\/p>\n<ul>\n<li>Es wird der normale Verkaufspreis des betreffenden Artikels berechnet.<\/li>\n<li>Der Betrag, den Sie f\u00fcr die zur\u00fcckgegebenen Artikel zur\u00fcckerhalten, wird entsprechend den ge\u00e4nderten Bedingungen der Aktion angepasst.<\/li>\n<\/ul>\n<p>Diese Bedingung gilt nur f\u00fcr Werbeaktionen, bei denen Rabatte oder Gratisartikel an eine bestimmte Produktkombination gebunden sind.<\/p>\n<span style=\"font-size: 100%;\">\u00a0<\/span><\/li>\n<\/ol>\n\t\t\n<style>\n#text-2840938429 {\n  text-align: center;\n}\n<\/style>\n\t<\/div>\n\t\n\n\t\t<\/div>\n\t\t\t\t\t<\/div>\n\n\t\n\n<\/div>\n\n\t\t<\/div>\n\n\t\t\n<style>\n#section_2131864079 {\n  padding-top: 30px;\n  padding-bottom: 30px;\n}\n<\/style>\n\t<\/section>\n\t\n\n\n\t<section class=\"section dark\" id=\"section_354774148\">\n\t\t<div class=\"section-bg fill\" >\n\t\t\t\t\t\t\t\t\t\n\t\t\t\n\n\t\t<\/div>\n\n\t\t\n\n\t\t<div class=\"section-content relative\">\n\t\t\t\n\n\t<div id=\"gap-1123878131\" class=\"gap-element clearfix\" style=\"display:block; height:auto;\">\n\t\t\n<style>\n#gap-1123878131 {\n  padding-top: 30px;\n}\n<\/style>\n\t<\/div>\n\t\n\n<div class=\"row align-bottom\" style=\"max-width:1200px\" id=\"row-206892259\">\n\n\n\t<div id=\"col-148435737\" class=\"col medium-12 small-12 large-6\"  >\n\t\t\t\t<div class=\"col-inner\"  >\n\t\t\t\n\t\t\t\n\n\t<div id=\"text-1095083071\" class=\"text\">\n\t\t\n\n<h6>Kontakt<\/h6>\n\t\t\n<style>\n#text-1095083071 {\n  font-size: 1.1rem;\n  text-align: left;\n}\n<\/style>\n\t<\/div>\n\t\n\t<div id=\"text-3615168157\" class=\"text\">\n\t\t\n\n<h3><span style=\"font-size: 75%;\">Wenn Sie die R\u00fcckgabebedingungen nicht erf\u00fcllen, senden Sie uns bitte eine E-Mail f\u00fcr weitere Anweisungen und Unterst\u00fctzung.<\/span><\/h3>\n\t\t\n<style>\n#text-3615168157 {\n  font-size: 2rem;\n}\n@media (min-width:550px) {\n  #text-3615168157 {\n    font-size: 1.5rem;\n  }\n}\n<\/style>\n\t<\/div>\n\t\n\n\t\t<\/div>\n\t\t\t\t\t<\/div>\n\n\t\n\n\t<div id=\"col-443856503\" class=\"col medium-12 small-12 large-6\"  >\n\t\t\t\t<div class=\"col-inner\"  >\n\t\t\t\n\t\t\t\n\n<a href=\"mailto:info@frickin.nl\" class=\"button white expand\" style=\"padding:5px 0px 5px 0px;\">\n\t\t<span>Senden Sie eine E-Mail<\/span>\n\t<\/a>\n\n\n\n\t\t<\/div>\n\t\t\t\t\n<style>\n#col-443856503 > .col-inner {\n  padding: 0px 0px 0px 0;\n  margin: -0 0px 0px 0px;\n}\n@media (min-width:850px) {\n  #col-443856503 > .col-inner {\n    padding: 0px 0px 0px 30px;\n    margin: -70px 0px 0px 0px;\n  }\n}\n<\/style>\n\t<\/div>\n\n\t\n\n<\/div>\n\n\t\t<\/div>\n\n\t\t\n<style>\n#section_354774148 {\n  padding-top: 30px;\n  padding-bottom: 30px;\n  background-color: rgb(39, 54, 71);\n}\n<\/style>\n\t<\/section>","protected":false},"excerpt":{"rendered":"","protected":false},"author":1,"featured_media":0,"parent":0,"menu_order":0,"comment_status":"closed","ping_status":"closed","template":"","meta":{"footnotes":""},"class_list":["post-9921","page","type-page","status-publish","hentry"],"_links":{"self":[{"href":"https:\/\/frickin.nl\/de\/wp-json\/wp\/v2\/pages\/9921","targetHints":{"allow":["GET"]}}],"collection":[{"href":"https:\/\/frickin.nl\/de\/wp-json\/wp\/v2\/pages"}],"about":[{"href":"https:\/\/frickin.nl\/de\/wp-json\/wp\/v2\/types\/page"}],"author":[{"embeddable":true,"href":"https:\/\/frickin.nl\/de\/wp-json\/wp\/v2\/users\/1"}],"replies":[{"embeddable":true,"href":"https:\/\/frickin.nl\/de\/wp-json\/wp\/v2\/comments?post=9921"}],"version-history":[{"count":17,"href":"https:\/\/frickin.nl\/de\/wp-json\/wp\/v2\/pages\/9921\/revisions"}],"predecessor-version":[{"id":31179,"href":"https:\/\/frickin.nl\/de\/wp-json\/wp\/v2\/pages\/9921\/revisions\/31179"}],"wp:attachment":[{"href":"https:\/\/frickin.nl\/de\/wp-json\/wp\/v2\/media?parent=9921"}],"curies":[{"name":"wp","href":"https:\/\/api.w.org\/{rel}","templated":true}]}}