{"id":9946,"date":"2021-08-04T17:09:56","date_gmt":"2021-08-04T17:09:56","guid":{"rendered":"https:\/\/frickin.nl\/?page_id=9946"},"modified":"2025-10-03T01:19:53","modified_gmt":"2025-10-02T23:19:53","slug":"uber-uns","status":"publish","type":"page","link":"https:\/\/frickin.nl\/de\/over-ons\/","title":{"rendered":"\u00dcber uns"},"content":{"rendered":"<section class=\"section\" id=\"section_1749707218\">\n\t\t<div class=\"section-bg fill\" >\n\t\t\t\t\t\t\t\t\t\n\t\t\t\n\n\t\t<\/div>\n\n\t\t\n\n\t\t<div class=\"section-content relative\">\n\t\t\t\n\n<div class=\"row align-center\" style=\"max-width:1200px\" id=\"row-697239315\">\n\n\n\t<div id=\"col-1383171651\" class=\"col medium-10 small-12 large-10\"  >\n\t\t\t\t<div class=\"col-inner\"  >\n\t\t\t\n\t\t\t\n\n\t<div id=\"text-2949432688\" class=\"text\">\n\t\t\n\n<h1><span style=\"font-size: 100%;\">\u00dcber uns...<\/span><\/h1>\n\t\t\n<style>\n#text-2949432688 {\n  font-size: 1.1rem;\n  text-align: center;\n}\n<\/style>\n\t<\/div>\n\t\n\t<div id=\"text-1228676960\" class=\"text\">\n\t\t\n\n<h2>Stil mit Weitblick<\/h2>\n\t\t\n<style>\n#text-1228676960 {\n  font-size: 1.75rem;\n  text-align: center;\n}\n<\/style>\n\t<\/div>\n\t\n\t<div id=\"gap-303821606\" class=\"gap-element clearfix\" style=\"display:block; height:auto;\">\n\t\t\n<style>\n#gap-303821606 {\n  padding-top: 10px;\n}\n<\/style>\n\t<\/div>\n\t\n\n\t<div id=\"text-3894867320\" class=\"text\">\n\t\t\n\n<ul>\n<li class=\"bullet-star\" style=\"text-align: left;\">Zeitlose Accessoires f\u00fcr jeden Tag<\/li>\n<li class=\"bullet-star\" style=\"text-align: left;\">Hochwertige Materialien<\/li>\n<li class=\"bullet-star\" style=\"text-align: left;\">Ethisch<\/li>\n<li class=\"bullet-star\" style=\"text-align: left;\">Nachhaltige Entscheidungen<\/li>\n<li class=\"bullet-star\" style=\"text-align: left;\">Exklusive Sammlung<\/li>\n<\/ul>\n<h3 class=\"p1\" style=\"text-align: left;\"><b>Unsere Mission: Stil und Qualit\u00e4t f\u00fcr jeden Tag<\/b><\/h3>\n<p style=\"text-align: left;\">Frickin wurde aus der Liebe zu den oft vergessenen Accessoires geboren. W\u00e4hrend Schuhe und Jacken immer im Mittelpunkt der Aufmerksamkeit standen, wollten wir speziell <a href=\"https:\/\/frickin.nl\/de\/sammlung\/herren-handschuhe\/lederhandschuhe-herren\/\">Lederhandschuhe f\u00fcr M\u00e4nner<\/a> und Frauen sind H\u00fcte und Schals wieder im Kommen. Accessoires vervollst\u00e4ndigen ein Outfit, verleihen ihm Charakter und zeigen, dass Sie ein Auge f\u00fcr Details haben. Unser Ziel? Zeitlose Designs zu kreieren, die nicht nur stilvoll sind, sondern auch \u00fcber Jahre hinweg halten. Keine fl\u00fcchtigen Trends, sondern langlebige Qualit\u00e4t, die man jeden Tag tragen kann.<\/p>\n<h3 class=\"p1\" style=\"text-align: left;\"><b>Handwerkskunst und Materialien, die den Unterschied machen<\/b><\/h3>\n<p class=\"p3\" style=\"text-align: left;\">Jedes Frickin-Produkt beginnt mit der Auswahl hochwertiger Materialien. Unsere Handschuhe sind aus strapazierf\u00e4higem Leder, unsere M\u00fctzen und Schals aus 100% Merinowolle, die weich, warm und atmungsaktiv ist, ohne zu jucken. Au\u00dferdem sind wir bei der Auswahl der Materialien kritisch: Wir verwenden zum Beispiel kein Hirschleder, weil es von Wildtieren stammt und unserer Meinung nach ethisch nicht vertretbar ist. Stattdessen <a href=\"https:\/\/frickin.nl\/de\/verschiedene-leder\/\">wir entscheiden uns bewusst f\u00fcr Leder<\/a> die ein Nebenprodukt der Lebensmittelindustrie sind, so dass nichts verschwendet wird und wir die Auswirkungen auf Mensch, Tier und Umwelt minimieren. Vom N\u00e4hen bis zum <a href=\"https:\/\/frickin.nl\/de\/liner-fur-handschuhe\/\">Das Futter: Komfort pur<\/a>Qualit\u00e4t und Luxus, die man sofort sp\u00fcrt, sobald man ein Frickin-Accessoire tr\u00e4gt.<\/p>\n<h3><img loading=\"lazy\" decoding=\"async\" class=\"alignleft wp-image-31623 size-full\" src=\"https:\/\/frickin.nl\/wp-content\/uploads\/2025\/10\/Frickin-accessoires-vakmanschap-premium-leer-en-wol.jpg\" alt=\"Verr\u00fcckte handgemachte Accessoires aus Leder und Wolle\" width=\"1024\" height=\"1024\" srcset=\"https:\/\/frickin.nl\/wp-content\/uploads\/2025\/10\/Frickin-accessoires-vakmanschap-premium-leer-en-wol.jpg 1024w, https:\/\/frickin.nl\/wp-content\/uploads\/2025\/10\/Frickin-accessoires-vakmanschap-premium-leer-en-wol-300x300.jpg 300w, https:\/\/frickin.nl\/wp-content\/uploads\/2025\/10\/Frickin-accessoires-vakmanschap-premium-leer-en-wol-150x150.jpg 150w, https:\/\/frickin.nl\/wp-content\/uploads\/2025\/10\/Frickin-accessoires-vakmanschap-premium-leer-en-wol-768x768.jpg 768w, https:\/\/frickin.nl\/wp-content\/uploads\/2025\/10\/Frickin-accessoires-vakmanschap-premium-leer-en-wol-12x12.jpg 12w, https:\/\/frickin.nl\/wp-content\/uploads\/2025\/10\/Frickin-accessoires-vakmanschap-premium-leer-en-wol-510x510.jpg 510w, https:\/\/frickin.nl\/wp-content\/uploads\/2025\/10\/Frickin-accessoires-vakmanschap-premium-leer-en-wol-100x100.jpg 100w\" sizes=\"auto, (max-width: 1024px) 100vw, 1024px\" \/><\/h3>\n<h3>\u00a0<\/h3>\n<h3 class=\"p1\" style=\"text-align: left;\"><b>Nachhaltigkeit als bewusste Entscheidung\u00a0<\/b><\/h3>\n<p class=\"p3\" style=\"text-align: left;\">Mode kann stilvoll sein, aber sie muss auch verantwortungsvoll sein. Deshalb verwenden wir Leder, das aus einem Nebenprodukt der Lebensmittelindustrie stammt, w\u00e4hlen bewusst Materialien, die langlebig sind und unseren CO\u2082-Aussto\u00df kompensieren, und liefern zu Ihnen nach Hause. Wir haben Plastikverpackungen durch nachhaltige Alternativen ersetzt und sogar unsere eigene vegane Handschuhlinie entwickelt. So verbindet Frickin Stil mit einer klaren Vision f\u00fcr morgen.<\/p>\n<p><em>M\u00f6chten Sie \u00fcber unsere nachhaltige Auswahl und die neuesten Accessoire-Trends auf dem Laufenden bleiben? <a href=\"https:\/\/frickin.nl\/de\/blog\/\">Dann besuchen Sie das Frickin Stylebook mit Geschichten, Stiltipps und Neuigkeiten<\/a>.<\/em><\/p>\n<h3 class=\"p1\" style=\"text-align: left;\"><b>Vom Hut bis zum Lederg\u00fcrtel: eine Kollektion, die zu Ihnen passt<\/b><\/h3>\n<p class=\"p3\" style=\"text-align: left;\">Was mit einer Leidenschaft f\u00fcr Lederhandschuhe begann, entwickelte sich zu einer kompletten Kollektion. Heute finden Sie bei Frickin nicht nur <a href=\"https:\/\/frickin.nl\/de\/sammlung\/damen-handschuhe\/\">exklusive Handschuhe f\u00fcr Frauen<\/a> und Herren, aber auch <a href=\"https:\/\/frickin.nl\/de\/sammlung\/mutsen-en-sjaals\/\">M\u00fctzen und Schals aus Merinowolle<\/a>, <a href=\"https:\/\/frickin.nl\/de\/sammlung\/riemen\/\">Lederriemen<\/a>, <a href=\"https:\/\/frickin.nl\/de\/sammlung\/portemonnee\/\">Geldb\u00f6rsen<\/a> . <a href=\"https:\/\/frickin.nl\/de\/sammlung\/leren-tassen\/\">Ledertaschen<\/a>. Alle mit der gleichen Philosophie entworfen: stilvoll, funktionell und immer mit einem Auge f\u00fcr Qualit\u00e4t. So finden Sie Accessoires f\u00fcr jede Gelegenheit und vervollst\u00e4ndigen Ihren Look.<\/p>\n<h3 class=\"p1\" style=\"text-align: left;\"><b>Frickin, eine Marke, die mit Ihnen w\u00e4chst <\/b><\/h3>\n<p class=\"p3\" style=\"text-align: left;\">Frickin ist f\u00fcr Menschen, die sich f\u00fcr Stil, Komfort und Verantwortung entscheiden. F\u00fcr alle, die der Meinung sind, dass Accessoires mehr als nur ein Beiwerk sind: Sie sind der letzte Schliff, der Ihrem Outfit Charakter verleiht. Unsere Designs wachsen mit Ihnen mit, von der Winterk\u00e4lte bis zum Business-Meeting und dem l\u00e4ssigen Wochenende. <a href=\"https:\/\/frickin.nl\/de\/\">Mit Frickin w\u00e4hlen Sie zeitlose Accessoires<\/a> die Sie heute genie\u00dfen und auf die Sie auch morgen noch stolz sein werden.<\/p>\n<p class=\"p3\" style=\"text-align: left;\"><img loading=\"lazy\" decoding=\"async\" class=\"aligncenter wp-image-9745 size-full\" src=\"https:\/\/frickin.nl\/wp-content\/uploads\/2021\/03\/Frickin-menu.png\" alt=\"Verfluchtes Men\u00fc-Logo\" width=\"500\" height=\"350\" srcset=\"https:\/\/frickin.nl\/wp-content\/uploads\/2021\/03\/Frickin-menu.png 500w, https:\/\/frickin.nl\/wp-content\/uploads\/2021\/03\/Frickin-menu-300x210.png 300w, https:\/\/frickin.nl\/wp-content\/uploads\/2021\/03\/Frickin-menu-16x12.png 16w\" sizes=\"auto, (max-width: 500px) 100vw, 500px\" \/><\/p>\n\t\t\n<style>\n#text-3894867320 {\n  text-align: center;\n}\n<\/style>\n\t<\/div>\n\t\n\n\t\t<\/div>\n\t\t\t\t\t<\/div>\n\n\t\n\n<\/div>\n\n\t\t<\/div>\n\n\t\t\n<style>\n#section_1749707218 {\n  padding-top: 30px;\n  padding-bottom: 30px;\n}\n<\/style>\n\t<\/section>\n\t\n\n\t<section class=\"section dark\" id=\"section_785412319\">\n\t\t<div class=\"section-bg fill\" >\n\t\t\t\t\t\t\t\t\t\n\t\t\t\n\n\t\t<\/div>\n\n\t\t\n\n\t\t<div class=\"section-content relative\">\n\t\t\t\n\n\t<div id=\"gap-593743288\" class=\"gap-element clearfix\" style=\"display:block; height:auto;\">\n\t\t\n<style>\n#gap-593743288 {\n  padding-top: 30px;\n}\n<\/style>\n\t<\/div>\n\t\n\n<div class=\"row align-bottom\" style=\"max-width:1200px\" id=\"row-911577228\">\n\n\n\t<div id=\"col-1462717119\" class=\"col medium-12 small-12 large-6\"  >\n\t\t\t\t<div class=\"col-inner\"  >\n\t\t\t\n\t\t\t\n\n\t<div id=\"text-1031478548\" class=\"text\">\n\t\t\n\n<h6>Kontakt<\/h6>\n\t\t\n<style>\n#text-1031478548 {\n  font-size: 1.1rem;\n  text-align: left;\n}\n<\/style>\n\t<\/div>\n\t\n\t<div id=\"text-3076938892\" class=\"text\">\n\t\t\n\n<h2>M\u00f6chten Sie mehr wissen?&nbsp;<\/h2>\n\t\t\n<style>\n#text-3076938892 {\n  font-size: 2rem;\n}\n@media (min-width:550px) {\n  #text-3076938892 {\n    font-size: 1.5rem;\n  }\n}\n<\/style>\n\t<\/div>\n\t\n\n\t\t<\/div>\n\t\t\t\t\t<\/div>\n\n\t\n\n\t<div id=\"col-491544323\" class=\"col medium-12 small-12 large-6\"  >\n\t\t\t\t<div class=\"col-inner\"  >\n\t\t\t\n\t\t\t\n\n<a href=\"https:\/\/frickin.nl\/de\/contact\/\" class=\"button white expand\" style=\"padding:5px 0px 5px 0px;\">\n\t\t<span>Nehmen Sie Kontakt mit uns auf!<\/span>\n\t<\/a>\n\n\n\n\t\t<\/div>\n\t\t\t\t\n<style>\n#col-491544323 > .col-inner {\n  padding: 0px 0px 0px 0;\n  margin: -0 0px 0px 0px;\n}\n@media (min-width:850px) {\n  #col-491544323 > .col-inner {\n    padding: 0px 0px 0px 30px;\n    margin: -70px 0px 0px 0px;\n  }\n}\n<\/style>\n\t<\/div>\n\n\t\n\n<\/div>\n\n\t\t<\/div>\n\n\t\t\n<style>\n#section_785412319 {\n  padding-top: 30px;\n  padding-bottom: 30px;\n  background-color: rgb(39, 54, 71);\n}\n<\/style>\n\t<\/section>","protected":false},"excerpt":{"rendered":"","protected":false},"author":1,"featured_media":0,"parent":0,"menu_order":0,"comment_status":"closed","ping_status":"closed","template":"","meta":{"footnotes":""},"class_list":["post-9946","page","type-page","status-publish","hentry"],"_links":{"self":[{"href":"https:\/\/frickin.nl\/de\/wp-json\/wp\/v2\/pages\/9946","targetHints":{"allow":["GET"]}}],"collection":[{"href":"https:\/\/frickin.nl\/de\/wp-json\/wp\/v2\/pages"}],"about":[{"href":"https:\/\/frickin.nl\/de\/wp-json\/wp\/v2\/types\/page"}],"author":[{"embeddable":true,"href":"https:\/\/frickin.nl\/de\/wp-json\/wp\/v2\/users\/1"}],"replies":[{"embeddable":true,"href":"https:\/\/frickin.nl\/de\/wp-json\/wp\/v2\/comments?post=9946"}],"version-history":[{"count":12,"href":"https:\/\/frickin.nl\/de\/wp-json\/wp\/v2\/pages\/9946\/revisions"}],"predecessor-version":[{"id":31626,"href":"https:\/\/frickin.nl\/de\/wp-json\/wp\/v2\/pages\/9946\/revisions\/31626"}],"wp:attachment":[{"href":"https:\/\/frickin.nl\/de\/wp-json\/wp\/v2\/media?parent=9946"}],"curies":[{"name":"wp","href":"https:\/\/api.w.org\/{rel}","templated":true}]}}