{"id":10047,"date":"2021-08-10T12:07:23","date_gmt":"2021-08-10T12:07:23","guid":{"rendered":"https:\/\/frickin.nl\/?post_type=product&#038;p=10047"},"modified":"2026-04-21T02:54:37","modified_gmt":"2026-04-21T00:54:37","slug":"schwarze-autohandschuhe-damen-f1","status":"publish","type":"product","link":"https:\/\/frickin.nl\/de\/product\/f1-leren-autohandschoenen-dames-zwart\/","title":{"rendered":"F1 (Damen) - Schwarze Leder-Autohandschuhe mit Touch-Funktion und ausgeschnittenem R\u00fccken und Kn\u00f6chell\u00f6chern"},"content":{"rendered":"<h2 style=\"text-align: left;\">Leder-Autohandschuhe Damen - F1<\/h2>\n<p>Die F1-Autohandschuhe aus schwarzem Leder mit schwarzer Zierleiste sind ein Muss f\u00fcr jeden Autoliebhaber. Sie f\u00fchlen sich wie eine zweite Haut an und sind perfekt f\u00fcr den Einsatz im Auto, auf dem Motorrad oder auf dem Rad. Das hochwertige Schafsleder passt sich Ihren H\u00e4nden an und verhindert dank des perforierten Leders \u00fcberm\u00e4\u00dfiges Schwitzen. Diese Handschuhe bieten einen hervorragenden Grip und erh\u00f6hen Ihre Sicherheit im Stra\u00dfenverkehr. Au\u00dferdem verf\u00fcgen sie \u00fcber Touchscreen-Funktionalit\u00e4t, so dass Sie Ihr Telefon oder Navigationssystem bedienen k\u00f6nnen, ohne sie ausziehen zu m\u00fcssen. W\u00e4hlen Sie Ihren Stil, denn wir bieten sie in verschiedenen Farben an. F1-Autohandschuhe vereinen Stil, Komfort und Sicherheit und sollten in Ihrem Kleiderschrank nicht fehlen. Finden Sie das perfekte Paar Handschuhe f\u00fcr Ihren Partner in unserer Kollektion <a href=\"https:\/\/frickin.nl\/de\/sammlung\/herren-handschuhe\/autohandschuhe-herren\/\">Herren-Autohandschuhe aus Leder<\/a>.<\/p>","protected":false},"excerpt":{"rendered":"<p><strong><i>Die F1 Black Leather Car Gloves Ladies sind ungef\u00fcttert und verf\u00fcgen \u00fcber\u00a0<\/i><b style=\"font-style: italic;\">Ausgeschnittener R\u00fccken und Kn\u00f6chell\u00f6cher<\/b><i>. Dar\u00fcber hinaus sind sie aus perforiertem 100%-Lammleder gefertigt und verf\u00fcgen \u00fcber eine Touchscreen-Funktion. Ideal zur Steuerung Ihres Navigationssystems und Ihres Smartphones.<\/i><\/strong><\/p>","protected":false},"featured_media":10313,"comment_status":"open","ping_status":"closed","template":"","meta":[],"product_brand":[],"product_cat":[178,168,183],"product_tag":[220,96,80],"woo-feed-brand":[191],"class_list":{"0":"post-10047","1":"product","2":"type-product","3":"status-publish","4":"has-post-thumbnail","6":"product_cat-autohandschoenen-dames","7":"product_cat-leren-handschoenen-dames","8":"product_cat-touchscreen-handschoenen-dames","9":"product_tag-autohandschoenen","10":"product_tag-smartphone-handschoenen","11":"product_tag-zwarte-handschoenen","12":"woo-feed-brand-frickin","14":"first","15":"outofstock","16":"taxable","17":"shipping-taxable","18":"purchasable","19":"product-type-variable","20":"has-default-attributes"},"_links":{"self":[{"href":"https:\/\/frickin.nl\/de\/wp-json\/wp\/v2\/product\/10047","targetHints":{"allow":["GET"]}}],"collection":[{"href":"https:\/\/frickin.nl\/de\/wp-json\/wp\/v2\/product"}],"about":[{"href":"https:\/\/frickin.nl\/de\/wp-json\/wp\/v2\/types\/product"}],"replies":[{"embeddable":true,"href":"https:\/\/frickin.nl\/de\/wp-json\/wp\/v2\/comments?post=10047"}],"wp:featuredmedia":[{"embeddable":true,"href":"https:\/\/frickin.nl\/de\/wp-json\/wp\/v2\/media\/10313"}],"wp:attachment":[{"href":"https:\/\/frickin.nl\/de\/wp-json\/wp\/v2\/media?parent=10047"}],"wp:term":[{"taxonomy":"product_brand","embeddable":true,"href":"https:\/\/frickin.nl\/de\/wp-json\/wp\/v2\/product_brand?post=10047"},{"taxonomy":"product_cat","embeddable":true,"href":"https:\/\/frickin.nl\/de\/wp-json\/wp\/v2\/product_cat?post=10047"},{"taxonomy":"product_tag","embeddable":true,"href":"https:\/\/frickin.nl\/de\/wp-json\/wp\/v2\/product_tag?post=10047"},{"taxonomy":"woo-feed-brand","embeddable":true,"href":"https:\/\/frickin.nl\/de\/wp-json\/wp\/v2\/woo-feed-brand?post=10047"}],"curies":[{"name":"wp","href":"https:\/\/api.w.org\/{rel}","templated":true}]}}