{"id":10209,"date":"2021-08-19T21:02:40","date_gmt":"2021-08-19T19:02:40","guid":{"rendered":"https:\/\/frickin.nl\/?post_type=product&#038;p=10209"},"modified":"2026-04-16T02:32:15","modified_gmt":"2026-04-16T00:32:15","slug":"lederfaustlinge-damen-cleo","status":"publish","type":"product","link":"https:\/\/frickin.nl\/de\/product\/leren-wanten-dames-cleo\/","title":{"rendered":"Cleo (Camel) - Luxuri\u00f6se F\u00e4ustlinge aus Nubukleder f\u00fcr Damen mit warmem Lammfell-Futter"},"content":{"rendered":"<h2 style=\"text-align: left\">Lederf\u00e4ustlinge Damen - Cleo<\/h2>\n<p>Setzen Sie ein Zeichen und heben Sie sich von der Masse ab mit Cleo, den exklusiven camelfarbenen Lederf\u00e4ustlingen f\u00fcr Damen. Leiden Sie unter kalten Fingern? Die aus hochwertigem Nubukleder gefertigten F\u00e4ustlinge bieten nicht nur unvergleichliche W\u00e4rme, sondern auch einen einzigartigen Stil, der Ihr Outfit aufwerten wird. Cleo ist mit Lammfell gef\u00fcttert, das Ihre H\u00e4nde mit Komfort und Gem\u00fctlichkeit umh\u00fcllt. Ob Sie einen Winterspaziergang machen oder einfach nur die K\u00e4lte im Freien genie\u00dfen, diese F\u00e4ustlinge werden Ihre H\u00e4nde wunderbar warm halten.<\/p>\n<p>Frickin hat mehr wunderbare <a href=\"https:\/\/frickin.nl\/de\/sammlung\/damen-handschuhe\/faustlinge-damen\/\">F\u00e4ustlinge f\u00fcr Damen<\/a> zur Auswahl, so dass Sie immer den perfekten Stil f\u00fcr sich finden k\u00f6nnen. Und mit dem kostenlosen Versand in die Niederlande, nach Belgien und Deutschland ist es noch einfacher, sich den Luxus und die W\u00e4rme von Cleo zu sichern. Entscheiden Sie sich f\u00fcr Cleo und setzen Sie ein gewagtes Modestatement, w\u00e4hrend Sie in den kalten Wintermonaten den ultimativen Komfort genie\u00dfen.<\/p>","protected":false},"excerpt":{"rendered":"<p><strong><i>Die Cleo Lederf\u00e4ustlinge f\u00fcr Damen sind aus 100% Nappaleder und einem warmen Lammfellfutter gefertigt. So kommen Sie bequem und warm durch den Winter. Nappaleder ist ein Wildleder, auf das eine d\u00fcnne Farbschicht aufgetragen wurde. Dieses seidige Leder ist zart. Im Laufe der Zeit wird eine gewisse Abnutzung auf der Oberfl\u00e4che sichtbar werden, dies ist ein normaler und erw\u00fcnschter Effekt von Nappaleder!<\/i><\/strong><\/p>","protected":false},"featured_media":10288,"comment_status":"open","ping_status":"closed","template":"","meta":[],"product_brand":[],"product_cat":[17,176],"product_tag":[203,223,204,88,96,170,103],"woo-feed-brand":[191],"class_list":{"0":"post-10209","1":"product","2":"type-product","3":"status-publish","4":"has-post-thumbnail","6":"product_cat-dames-handschoenen","7":"product_cat-wanten-dames","8":"product_tag-bruine-handschoenen","9":"product_tag-gevoerde-handschoenen","10":"product_tag-handschoenen-sale","11":"product_tag-lammy-handschoenen","12":"product_tag-smartphone-handschoenen","13":"product_tag-waterdichte-handschoenen","14":"product_tag-winddichte-handschoenen","15":"woo-feed-brand-frickin","17":"first","18":"outofstock","19":"taxable","20":"shipping-taxable","21":"purchasable","22":"product-type-variable","23":"has-default-attributes"},"_links":{"self":[{"href":"https:\/\/frickin.nl\/de\/wp-json\/wp\/v2\/product\/10209","targetHints":{"allow":["GET"]}}],"collection":[{"href":"https:\/\/frickin.nl\/de\/wp-json\/wp\/v2\/product"}],"about":[{"href":"https:\/\/frickin.nl\/de\/wp-json\/wp\/v2\/types\/product"}],"replies":[{"embeddable":true,"href":"https:\/\/frickin.nl\/de\/wp-json\/wp\/v2\/comments?post=10209"}],"wp:featuredmedia":[{"embeddable":true,"href":"https:\/\/frickin.nl\/de\/wp-json\/wp\/v2\/media\/10288"}],"wp:attachment":[{"href":"https:\/\/frickin.nl\/de\/wp-json\/wp\/v2\/media?parent=10209"}],"wp:term":[{"taxonomy":"product_brand","embeddable":true,"href":"https:\/\/frickin.nl\/de\/wp-json\/wp\/v2\/product_brand?post=10209"},{"taxonomy":"product_cat","embeddable":true,"href":"https:\/\/frickin.nl\/de\/wp-json\/wp\/v2\/product_cat?post=10209"},{"taxonomy":"product_tag","embeddable":true,"href":"https:\/\/frickin.nl\/de\/wp-json\/wp\/v2\/product_tag?post=10209"},{"taxonomy":"woo-feed-brand","embeddable":true,"href":"https:\/\/frickin.nl\/de\/wp-json\/wp\/v2\/woo-feed-brand?post=10209"}],"curies":[{"name":"wp","href":"https:\/\/api.w.org\/{rel}","templated":true}]}}