{"id":10213,"date":"2021-08-19T21:08:43","date_gmt":"2021-08-19T19:08:43","guid":{"rendered":"https:\/\/frickin.nl\/?post_type=product&#038;p=10213"},"modified":"2026-04-15T02:30:06","modified_gmt":"2026-04-15T00:30:06","slug":"lederfaustlinge-damen-rose","status":"publish","type":"product","link":"https:\/\/frickin.nl\/de\/product\/leren-winter-wanten-dames-rose\/","title":{"rendered":"Rose (Brown) - Warme Winterf\u00e4ustlinge f\u00fcr Damen aus Nubukleder mit Lammfellfutter"},"content":{"rendered":"<h2 style=\"text-align: left\">Luxuri\u00f6se handgen\u00e4hte Winterf\u00e4ustlinge Damen - Rose<\/h2>\n<p>Lassen Sie sich verzaubern von der zeitlosen Eleganz von Rose, den warmen Winterf\u00e4ustlingen f\u00fcr Damen. Sorgf\u00e4ltig von Hand aus hochwertigem Nubukleder gen\u00e4ht, sind diese einzigartigen F\u00e4ustlinge der perfekte Begleiter f\u00fcr kalte Wintertage.<br \/>\nDas Besondere an Rose ist das warme Lammfellfutter, das Ihre H\u00e4nde weich und bequem umh\u00fcllt. Ob bei einem Spaziergang durch eine verschneite Landschaft oder einfach auf dem Weg zur Arbeit, diese F\u00e4ustlinge halten Ihre H\u00e4nde kuschelig warm und sch\u00fctzen sie.<\/p>\n<p>Dar\u00fcber hinaus bieten wir einen kostenlosen Versand in die Niederlande, nach Belgien und Deutschland an, damit Sie den Luxus und die W\u00e4rme von Rose m\u00fchelos genie\u00dfen k\u00f6nnen. Entscheiden Sie sich f\u00fcr Rose und begr\u00fc\u00dfen Sie den Winter mit Stil und Komfort. Sie haben es verdient, Ihre H\u00e4nde mit diesen luxuri\u00f6sen F\u00e4ustlingen zu verw\u00f6hnen. Frickin hat mehr <a href=\"https:\/\/frickin.nl\/de\/sammlung\/damen-handschuhe\/faustlinge-damen\/\">F\u00e4ustlinge f\u00fcr Damen<\/a> zur Auswahl, so dass Sie immer einen Stil finden k\u00f6nnen, der zu Ihnen passt.<\/p>","protected":false},"excerpt":{"rendered":"<p><strong><i>Warme Winterf\u00e4ustlinge f\u00fcr Damen aus kamelfarbenem Nappaleder und mit einem 100% warmen Lammfellfutter versehen. Nappaleder ist ein Wildleder, auf das eine d\u00fcnne Farbschicht aufgetragen wurde. Dieses seidige Leder ist zart. Mit der Zeit wird ein gewisser Verschlei\u00df an der Oberfl\u00e4che sichtbar, dies ist ein normaler und gew\u00fcnschter Effekt von Nappaleder!<\/i><\/strong><\/p>","protected":false},"featured_media":10293,"comment_status":"open","ping_status":"closed","template":"","meta":[],"product_brand":[],"product_cat":[17,176],"product_tag":[203,223,204,88,170,103],"woo-feed-brand":[191],"class_list":{"0":"post-10213","1":"product","2":"type-product","3":"status-publish","4":"has-post-thumbnail","6":"product_cat-dames-handschoenen","7":"product_cat-wanten-dames","8":"product_tag-bruine-handschoenen","9":"product_tag-gevoerde-handschoenen","10":"product_tag-handschoenen-sale","11":"product_tag-lammy-handschoenen","12":"product_tag-waterdichte-handschoenen","13":"product_tag-winddichte-handschoenen","14":"woo-feed-brand-frickin","16":"first","17":"outofstock","18":"taxable","19":"shipping-taxable","20":"purchasable","21":"product-type-variable","22":"has-default-attributes"},"_links":{"self":[{"href":"https:\/\/frickin.nl\/de\/wp-json\/wp\/v2\/product\/10213","targetHints":{"allow":["GET"]}}],"collection":[{"href":"https:\/\/frickin.nl\/de\/wp-json\/wp\/v2\/product"}],"about":[{"href":"https:\/\/frickin.nl\/de\/wp-json\/wp\/v2\/types\/product"}],"replies":[{"embeddable":true,"href":"https:\/\/frickin.nl\/de\/wp-json\/wp\/v2\/comments?post=10213"}],"wp:featuredmedia":[{"embeddable":true,"href":"https:\/\/frickin.nl\/de\/wp-json\/wp\/v2\/media\/10293"}],"wp:attachment":[{"href":"https:\/\/frickin.nl\/de\/wp-json\/wp\/v2\/media?parent=10213"}],"wp:term":[{"taxonomy":"product_brand","embeddable":true,"href":"https:\/\/frickin.nl\/de\/wp-json\/wp\/v2\/product_brand?post=10213"},{"taxonomy":"product_cat","embeddable":true,"href":"https:\/\/frickin.nl\/de\/wp-json\/wp\/v2\/product_cat?post=10213"},{"taxonomy":"product_tag","embeddable":true,"href":"https:\/\/frickin.nl\/de\/wp-json\/wp\/v2\/product_tag?post=10213"},{"taxonomy":"woo-feed-brand","embeddable":true,"href":"https:\/\/frickin.nl\/de\/wp-json\/wp\/v2\/woo-feed-brand?post=10213"}],"curies":[{"name":"wp","href":"https:\/\/api.w.org\/{rel}","templated":true}]}}