{"id":10228,"date":"2021-08-20T09:44:04","date_gmt":"2021-08-20T07:44:04","guid":{"rendered":"https:\/\/frickin.nl\/?post_type=product&#038;p=10228"},"modified":"2026-05-12T04:20:32","modified_gmt":"2026-05-12T02:20:32","slug":"wildleder-handschuhe-herren-levi","status":"publish","type":"product","link":"https:\/\/frickin.nl\/de\/product\/suede-handschoenen-heren-levi\/","title":{"rendered":"Levi (Beige) - Herrenhandschuhe aus dickem Lammwildleder mit Premium-Lammfell-Futter"},"content":{"rendered":"<h2 style=\"text-align: left\">Wildlederhandschuhe Herren - Levi<\/h2>\n<p>\"Levi\" sind nicht irgendwelche Handschuhe, sondern dicke Herrenhandschuhe aus Lammwildleder, die Sie selbst bei den anspruchsvollsten Wetterbedingungen warm und stilvoll halten. Mit ihrem warmen Lammfellfutter bieten sie ein unvergleichliches Ma\u00df an Komfort und Schutz vor K\u00e4lte.<\/p>\n<p>Diese Handschuhe sind in einem auff\u00e4lligen Beigeton gehalten, der Ihr Outfit zum Hingucker macht. Sie w\u00e4rmen nicht nur, sondern verleihen Ihrem Look auch ein stilvolles Flair. Ob Sie nun einen Spaziergang in der Natur machen oder sich vor kaltem Wind und niedrigen Temperaturen sch\u00fctzen, \"Levi\" sind der ideale Begleiter: Das Besondere an diesen Handschuhen ist ihre Winddichtigkeit, d. h. sie sch\u00fctzen Sie vor rauem Wind und halten die winterlichen Elemente in Schach. Sie bieten nicht nur W\u00e4rme, sondern auch Strapazierf\u00e4higkeit und Stil f\u00fcr Ihre Wintergarderobe.<\/p>\n<p>Entscheiden Sie sich f\u00fcr \"Levi\", um den Winter mit Zuversicht und Komfort zu erleben. Diese Handschuhe sind die perfekte Kombination aus Funktionalit\u00e4t und Mode und lassen Sie gut aussehen und sich wohlf\u00fchlen, egal wie die Bedingungen drau\u00dfen sind. Entdecken Sie auch unsere atemberaubende Kollektion <a href=\"https:\/\/frickin.nl\/de\/sammlung\/damen-handschuhe\/lederhandschuhe-damen\/\">Lederhandschuhe f\u00fcr Damen<\/a> und setzen Sie gemeinsam ein stilvolles Zeichen. Werfen Sie einen kurzen Blick darauf!<\/p>","protected":false},"excerpt":{"rendered":"<p><em><strong>Die Levi 100% Wildlederhandschuhe f\u00fcr Herren haben ein warmes und dickes Lammfellfutter. Die Designerhandschuhe wurden speziell f\u00fcr M\u00e4nner entworfen und passen dank der beigen Farbe zu jedem Winteroutfit. Au\u00dferdem sorgen sie daf\u00fcr, dass Sie den Winter \u00fcber bequem und warm bleiben.<\/strong><\/em><\/p>","protected":false},"featured_media":10368,"comment_status":"open","ping_status":"closed","template":"","meta":[],"product_brand":[],"product_cat":[16,167,252],"product_tag":[203,223,204,88,103],"woo-feed-brand":[],"class_list":{"0":"post-10228","1":"product","2":"type-product","3":"status-publish","4":"has-post-thumbnail","6":"product_cat-heren-handschoenen","7":"product_cat-leren-handschoenen-heren","8":"product_cat-winterhandschoenen-heren","9":"product_tag-bruine-handschoenen","10":"product_tag-gevoerde-handschoenen","11":"product_tag-handschoenen-sale","12":"product_tag-lammy-handschoenen","13":"product_tag-winddichte-handschoenen","15":"first","16":"outofstock","17":"taxable","18":"shipping-taxable","19":"purchasable","20":"product-type-variable","21":"has-default-attributes"},"_links":{"self":[{"href":"https:\/\/frickin.nl\/de\/wp-json\/wp\/v2\/product\/10228","targetHints":{"allow":["GET"]}}],"collection":[{"href":"https:\/\/frickin.nl\/de\/wp-json\/wp\/v2\/product"}],"about":[{"href":"https:\/\/frickin.nl\/de\/wp-json\/wp\/v2\/types\/product"}],"replies":[{"embeddable":true,"href":"https:\/\/frickin.nl\/de\/wp-json\/wp\/v2\/comments?post=10228"}],"wp:featuredmedia":[{"embeddable":true,"href":"https:\/\/frickin.nl\/de\/wp-json\/wp\/v2\/media\/10368"}],"wp:attachment":[{"href":"https:\/\/frickin.nl\/de\/wp-json\/wp\/v2\/media?parent=10228"}],"wp:term":[{"taxonomy":"product_brand","embeddable":true,"href":"https:\/\/frickin.nl\/de\/wp-json\/wp\/v2\/product_brand?post=10228"},{"taxonomy":"product_cat","embeddable":true,"href":"https:\/\/frickin.nl\/de\/wp-json\/wp\/v2\/product_cat?post=10228"},{"taxonomy":"product_tag","embeddable":true,"href":"https:\/\/frickin.nl\/de\/wp-json\/wp\/v2\/product_tag?post=10228"},{"taxonomy":"woo-feed-brand","embeddable":true,"href":"https:\/\/frickin.nl\/de\/wp-json\/wp\/v2\/woo-feed-brand?post=10228"}],"curies":[{"name":"wp","href":"https:\/\/api.w.org\/{rel}","templated":true}]}}