{"id":15480,"date":"2022-09-19T22:41:18","date_gmt":"2022-09-19T20:41:18","guid":{"rendered":"https:\/\/frickin.nl\/?post_type=product&#038;p=15480"},"modified":"2026-04-30T03:28:02","modified_gmt":"2026-04-30T01:28:02","slug":"puck-faustlinge-damen-warm","status":"publish","type":"product","link":"https:\/\/frickin.nl\/de\/product\/puck-wanten-dames-warm\/","title":{"rendered":"Puck (Schwarz) - Warme Damen-F\u00e4ustlinge aus Leder + Luxus-Stoff mit dickem Fleece-Futter &amp; Touchscreen-Funktion"},"content":{"rendered":"<h2 style=\"text-align: left;\">F\u00e4ustlinge Damen warm - Puck<\/h2>\n<p>\"Puck\" sind nicht einfach nur F\u00e4ustlinge; sie sind so konzipiert, dass sie nicht nur warm halten, sondern auch daf\u00fcr sorgen, dass Sie sich in den kalten Wintermonaten stilvoll und komfortabel f\u00fchlen. Diese schwarzen F\u00e4ustlinge haben eine Handfl\u00e4che aus Schafsleder, die nicht nur stilvoll aussieht, sondern auch f\u00fcr einen bequemen Griff sorgt. Das Obermaterial aus Stoff verleiht ihnen einen modernen Touch.<\/p>\n<p>Das Besondere an \"Puck\" ist das dicke Fleece-Futter, das die H\u00e4nde bei allen winterlichen Outdoor-Aktivit\u00e4ten kuschelig warm h\u00e4lt. Da die F\u00e4ustlinge die Finger zusammenhalten, bieten sie mehr W\u00e4rme als Handschuhe und sind daher ideal f\u00fcr Menschen, die leicht frieren.<\/p>\n<p>Ob Sie eine <a href=\"https:\/\/frickin.nl\/de\/handschuhe-verschenken\/\">Geschenk f\u00fcr die Feiertage<\/a> suchen oder sich einfach nur etwas g\u00f6nnen wollen, ist \"Puck\" die perfekte Wahl. Sie verf\u00fcgen \u00fcber eine Touch-Funktion, so dass Sie Ihr Smartphone weiter benutzen k\u00f6nnen, ohne die F\u00e4ustlinge ausziehen zu m\u00fcssen. Ob Sie nun ein Status-Update auf Facebook oder Instagram posten wollen, das ist \u00fcberhaupt kein Problem.<\/p>\n<p>Entscheiden Sie sich f\u00fcr \"Puck\" und begr\u00fc\u00dfen Sie den Winter mit Stil, Komfort und W\u00e4rme. Sie sind der ideale Begleiter f\u00fcr Chilis und alle, die bei jedem Wetter gut aussehen wollen.<\/p>","protected":false},"excerpt":{"rendered":"<p><em><strong>Die Puck F\u00e4ustlinge sind das ideale Accessoire f\u00fcr Ihre Garderobe. Die F\u00e4ustlinge sind aus Schafsleder und einem Handr\u00fccken aus Stoff gefertigt. Das dicke Fleecefutter h\u00e4lt die H\u00e4nde warm. Sie m\u00f6chten eine Nachricht senden oder Ihre sozialen Medien \u00fcberpr\u00fcfen? Dank der Touchscreen-Funktion kein Problem!<\/strong><\/em><\/p>","protected":false},"featured_media":15433,"comment_status":"open","ping_status":"closed","template":"","meta":[],"product_brand":[],"product_cat":[17,183,176],"product_tag":[223,96,170,103,80],"woo-feed-brand":[],"class_list":{"0":"post-15480","1":"product","2":"type-product","3":"status-publish","4":"has-post-thumbnail","6":"product_cat-dames-handschoenen","7":"product_cat-touchscreen-handschoenen-dames","8":"product_cat-wanten-dames","9":"product_tag-gevoerde-handschoenen","10":"product_tag-smartphone-handschoenen","11":"product_tag-waterdichte-handschoenen","12":"product_tag-winddichte-handschoenen","13":"product_tag-zwarte-handschoenen","15":"first","16":"outofstock","17":"featured","18":"taxable","19":"shipping-taxable","20":"purchasable","21":"product-type-variable","22":"has-default-attributes"},"_links":{"self":[{"href":"https:\/\/frickin.nl\/de\/wp-json\/wp\/v2\/product\/15480","targetHints":{"allow":["GET"]}}],"collection":[{"href":"https:\/\/frickin.nl\/de\/wp-json\/wp\/v2\/product"}],"about":[{"href":"https:\/\/frickin.nl\/de\/wp-json\/wp\/v2\/types\/product"}],"replies":[{"embeddable":true,"href":"https:\/\/frickin.nl\/de\/wp-json\/wp\/v2\/comments?post=15480"}],"wp:featuredmedia":[{"embeddable":true,"href":"https:\/\/frickin.nl\/de\/wp-json\/wp\/v2\/media\/15433"}],"wp:attachment":[{"href":"https:\/\/frickin.nl\/de\/wp-json\/wp\/v2\/media?parent=15480"}],"wp:term":[{"taxonomy":"product_brand","embeddable":true,"href":"https:\/\/frickin.nl\/de\/wp-json\/wp\/v2\/product_brand?post=15480"},{"taxonomy":"product_cat","embeddable":true,"href":"https:\/\/frickin.nl\/de\/wp-json\/wp\/v2\/product_cat?post=15480"},{"taxonomy":"product_tag","embeddable":true,"href":"https:\/\/frickin.nl\/de\/wp-json\/wp\/v2\/product_tag?post=15480"},{"taxonomy":"woo-feed-brand","embeddable":true,"href":"https:\/\/frickin.nl\/de\/wp-json\/wp\/v2\/woo-feed-brand?post=15480"}],"curies":[{"name":"wp","href":"https:\/\/api.w.org\/{rel}","templated":true}]}}