{"id":20964,"date":"2023-09-23T18:02:01","date_gmt":"2023-09-23T16:02:01","guid":{"rendered":"https:\/\/frickin.nl\/?post_type=product&#038;p=20964"},"modified":"2026-04-15T20:14:12","modified_gmt":"2026-04-15T18:14:12","slug":"liam-sporthandschoenen-voor-buitensporters","status":"publish","type":"product","link":"https:\/\/frickin.nl\/de\/product\/liam-sporthandschoenen-voor-buitensporters\/","title":{"rendered":"Liam - Outdoor-Sporthandschuhe mit Touchscreen-Fingerspitze und Silikonhandfl\u00e4che f\u00fcr Grip"},"content":{"rendered":"<p>Die Sporthandschuhe von Liam sind die ideale Wahl f\u00fcr Outdoor-Sportler. Egal, ob Sie Rad fahren, laufen oder andere Outdoor-Aktivit\u00e4ten unternehmen, diese Handschuhe sind auf Ihre Bed\u00fcrfnisse abgestimmt. Mit der speziellen Touchscreen-Fingerspitze k\u00f6nnen Sie Ihr Smartphone ganz einfach bedienen, so dass Sie immer in Verbindung bleiben, die Musik wechseln oder Ihre Strecke aufzeichnen k\u00f6nnen.<\/p>\n<p>Die Sporthandschuhe f\u00fcr Outdoor-Sportler verf\u00fcgen \u00fcber einen Silikonaufdruck auf der Innenseite der Handfl\u00e4che, der f\u00fcr einen ausgezeichneten Halt sorgt, z. B. an Ihrem Fahrradlenker oder anderen Ger\u00e4ten. So k\u00f6nnen Sie Ihre sportlichen Aktivit\u00e4ten mit Zuversicht ausf\u00fchren. Dank des warmen Fleece-Futters bleiben Ihre H\u00e4nde auch bei k\u00e4lteren Temperaturen angenehm warm. Kurzum, die Liam Sporthandschuhe vereinen Funktionalit\u00e4t und Komfort und sind somit unverzichtbar f\u00fcr jeden Outdoor-Sportler.<\/p>","protected":false},"excerpt":{"rendered":"<p>Liam Sporthandschuhe f\u00fcr Outdoor-Sportler mit griffiger Silikonhandfl\u00e4che und Touchscreen-Fingerspitze!<\/p>","protected":false},"featured_media":26796,"comment_status":"closed","ping_status":"closed","template":"","meta":[],"product_brand":[],"product_cat":[17,16],"product_tag":[204],"woo-feed-brand":[],"class_list":{"0":"post-20964","1":"product","2":"type-product","3":"status-publish","4":"has-post-thumbnail","6":"product_cat-dames-handschoenen","7":"product_cat-heren-handschoenen","8":"product_tag-handschoenen-sale","10":"first","11":"outofstock","12":"taxable","13":"shipping-taxable","14":"purchasable","15":"product-type-variable","16":"has-default-attributes"},"_links":{"self":[{"href":"https:\/\/frickin.nl\/de\/wp-json\/wp\/v2\/product\/20964","targetHints":{"allow":["GET"]}}],"collection":[{"href":"https:\/\/frickin.nl\/de\/wp-json\/wp\/v2\/product"}],"about":[{"href":"https:\/\/frickin.nl\/de\/wp-json\/wp\/v2\/types\/product"}],"replies":[{"embeddable":true,"href":"https:\/\/frickin.nl\/de\/wp-json\/wp\/v2\/comments?post=20964"}],"wp:featuredmedia":[{"embeddable":true,"href":"https:\/\/frickin.nl\/de\/wp-json\/wp\/v2\/media\/26796"}],"wp:attachment":[{"href":"https:\/\/frickin.nl\/de\/wp-json\/wp\/v2\/media?parent=20964"}],"wp:term":[{"taxonomy":"product_brand","embeddable":true,"href":"https:\/\/frickin.nl\/de\/wp-json\/wp\/v2\/product_brand?post=20964"},{"taxonomy":"product_cat","embeddable":true,"href":"https:\/\/frickin.nl\/de\/wp-json\/wp\/v2\/product_cat?post=20964"},{"taxonomy":"product_tag","embeddable":true,"href":"https:\/\/frickin.nl\/de\/wp-json\/wp\/v2\/product_tag?post=20964"},{"taxonomy":"woo-feed-brand","embeddable":true,"href":"https:\/\/frickin.nl\/de\/wp-json\/wp\/v2\/woo-feed-brand?post=20964"}],"curies":[{"name":"wp","href":"https:\/\/api.w.org\/{rel}","templated":true}]}}