{"id":20974,"date":"2023-09-25T16:00:30","date_gmt":"2023-09-25T14:00:30","guid":{"rendered":"https:\/\/frickin.nl\/?post_type=product&#038;p=20974"},"modified":"2026-04-20T02:48:20","modified_gmt":"2026-04-20T00:48:20","slug":"lederfaustlinge-damen-rose-2","status":"publish","type":"product","link":"https:\/\/frickin.nl\/de\/product\/lauren-gevoerde-warme-winter-wanten-dames-suede\/","title":{"rendered":"Lauren - Warme Winterf\u00e4ustlinge f\u00fcr Damen aus Wildleder mit Lammfellfutter"},"content":{"rendered":"<h2 style=\"text-align: left;\">Warme Winterf\u00e4ustlinge Damen - Lauren<\/h2>\n<p>Die Winterf\u00e4ustlinge Lauren wurden speziell f\u00fcr Damen entworfen, die W\u00e4rme und Stil miteinander verbinden m\u00f6chten. Aus hochwertigem Veloursleder gefertigt, bieten sie einen luxuri\u00f6sen Look, w\u00e4hrend das Voll-Lammfell-Futter Ihre H\u00e4nde auch an den k\u00e4ltesten Wintertagen wunderbar warm h\u00e4lt. Das F\u00e4ustling-Design sorgt f\u00fcr zus\u00e4tzliche Isolierung und ultimativen Komfort und macht den Lauren zu einem unverzichtbaren Accessoire f\u00fcr den Winter. Zeitlos, elegant und herrlich weich - perfekt f\u00fcr den Alltag und besondere Anl\u00e4sse.<\/p>\n<h3>Warum die Lauren-F\u00e4ustlinge?<\/h3>\n<ul>\n<li class=\"bullet-checkmark\">Hergestellt aus hochwertigem Wildleder mit luxuri\u00f6sem Griff<\/li>\n<li class=\"bullet-checkmark\">Vollst\u00e4ndig mit warmer und weicher Lammwolle gef\u00fcttert<\/li>\n<li class=\"bullet-checkmark\">F\u00e4ustlingsmodell f\u00fcr maximale Isolierung und Komfort<\/li>\n<li class=\"bullet-checkmark\">Elegantes Design f\u00fcr Frauen, leicht zu kombinieren<\/li>\n<li class=\"bullet-checkmark\">Perfekt f\u00fcr kalte Wintertage und elegante Outfits<\/li>\n<\/ul>\n<h3>Bestellen Sie noch heute Ihre neuen F\u00e4ustlinge bei Frickin und profitieren Sie davon:<\/h3>\n<ul>\n<li class=\"bullet-checkmark\">Kostenloser Versand f\u00fcr alle Ihre Eink\u00e4ufe<\/li>\n<li class=\"bullet-checkmark\">Schnelle Lieferung, bestellt vor 23:45 Uhr wird heute versandt<\/li>\n<li class=\"bullet-checkmark\">Post-Pay mit vollem K\u00e4uferschutz<\/li>\n<li class=\"bullet-checkmark\">Von unseren Kunden mit 9,2 bewertet<\/li>\n<\/ul>\n<p>\ud83d\udca1 Style-Tipp: Kombinieren Sie die Lauren F\u00e4ustlinge mit unserem <a href=\"https:\/\/frickin.nl\/de\/sammlung\/mutsen-en-sjaals\/\">M\u00fctzen und Schals aus Merinowolle<\/a> f\u00fcr ein komplettes Winterset. Ideal auch als Geschenk f\u00fcr die Feiertage oder einen besonderen Anlass.<\/p>","protected":false},"excerpt":{"rendered":"<p><strong><i>Warme Winterf\u00e4ustlinge f\u00fcr Damen aus kamelfarbenem Nappaleder und mit einem 100% warmen Lammfellfutter versehen. Nappaleder ist ein Wildleder, auf das eine d\u00fcnne Farbschicht aufgetragen wurde. Dieses seidige Leder ist zart. Mit der Zeit wird ein gewisser Verschlei\u00df an der Oberfl\u00e4che sichtbar, dies ist ein normaler und gew\u00fcnschter Effekt von Nappaleder!<\/i><\/strong><\/p>","protected":false},"featured_media":31544,"comment_status":"open","ping_status":"closed","template":"","meta":[],"product_brand":[],"product_cat":[17,176],"product_tag":[203,223,88,170,103],"woo-feed-brand":[],"class_list":{"0":"post-20974","1":"product","2":"type-product","3":"status-publish","4":"has-post-thumbnail","6":"product_cat-dames-handschoenen","7":"product_cat-wanten-dames","8":"product_tag-bruine-handschoenen","9":"product_tag-gevoerde-handschoenen","10":"product_tag-lammy-handschoenen","11":"product_tag-waterdichte-handschoenen","12":"product_tag-winddichte-handschoenen","14":"first","15":"outofstock","16":"taxable","17":"shipping-taxable","18":"purchasable","19":"product-type-variable","20":"has-default-attributes"},"_links":{"self":[{"href":"https:\/\/frickin.nl\/de\/wp-json\/wp\/v2\/product\/20974","targetHints":{"allow":["GET"]}}],"collection":[{"href":"https:\/\/frickin.nl\/de\/wp-json\/wp\/v2\/product"}],"about":[{"href":"https:\/\/frickin.nl\/de\/wp-json\/wp\/v2\/types\/product"}],"replies":[{"embeddable":true,"href":"https:\/\/frickin.nl\/de\/wp-json\/wp\/v2\/comments?post=20974"}],"wp:featuredmedia":[{"embeddable":true,"href":"https:\/\/frickin.nl\/de\/wp-json\/wp\/v2\/media\/31544"}],"wp:attachment":[{"href":"https:\/\/frickin.nl\/de\/wp-json\/wp\/v2\/media?parent=20974"}],"wp:term":[{"taxonomy":"product_brand","embeddable":true,"href":"https:\/\/frickin.nl\/de\/wp-json\/wp\/v2\/product_brand?post=20974"},{"taxonomy":"product_cat","embeddable":true,"href":"https:\/\/frickin.nl\/de\/wp-json\/wp\/v2\/product_cat?post=20974"},{"taxonomy":"product_tag","embeddable":true,"href":"https:\/\/frickin.nl\/de\/wp-json\/wp\/v2\/product_tag?post=20974"},{"taxonomy":"woo-feed-brand","embeddable":true,"href":"https:\/\/frickin.nl\/de\/wp-json\/wp\/v2\/woo-feed-brand?post=20974"}],"curies":[{"name":"wp","href":"https:\/\/api.w.org\/{rel}","templated":true}]}}