{"id":2413,"date":"2020-09-09T17:55:53","date_gmt":"2020-09-09T15:55:53","guid":{"rendered":"https:\/\/frickin.nl\/?post_type=product&#038;p=2413"},"modified":"2026-04-15T02:29:02","modified_gmt":"2026-04-15T00:29:02","slug":"grau-lederhandschuhe-herren-finn","status":"publish","type":"product","link":"https:\/\/frickin.nl\/de\/product\/grijze-heren-handschoenen-finn\/","title":{"rendered":"Finn (Sheepskin) - Stilvolle graue Herrenhandschuhe mit luxuri\u00f6sem Futter aus Wolle und Kaschmir"},"content":{"rendered":"<h2 style=\"text-align: left\">Graue Herrenhandschuhe - Finn<\/h2>\n<p>Finn\" - ein absolutes Meisterst\u00fcck unter den Herrenhandschuhen. Diese einzigartigen grauen Herrenhandschuhe kombinieren eine Handfl\u00e4che aus Schafsleder mit einem grauen Obermaterial aus Stoff und verleihen Ihrem Outfit einen Business-Look und einen Hauch von Stil. Das Besondere an \"Finn\" ist der verstellbare Riemen, mit dem Sie die Handschuhe noch enger um das Handgelenk schnallen k\u00f6nnen. Das bietet nicht nur zus\u00e4tzlichen Schutz vor kaltem Wind, sondern ist auch ein elegantes Detail.<\/p>\n<p>Das Besondere an diesen Handschuhen ist die Tatsache, dass sie nur in limitierter Auflage produziert werden. Das macht \"Finn\" zu einem exklusiven St\u00fcck, mit dem Sie sich von der Masse abheben. Das Mischfutter aus 85% Wolle und 15% Kaschmir sorgt zudem f\u00fcr ein luxuri\u00f6ses Gef\u00fchl auf Ihrer Haut.<\/p>\n<p>W\u00e4hlen Sie \"Finn\", wenn Sie auf der Suche nach Handschuhen sind, die nicht nur bequemen Schutz bieten, sondern auch ein Statement setzen. Heben Sie sich mit diesen exklusiven und stilvollen Herrenhandschuhen von der Masse ab.<br \/>\nM\u00f6chten Sie jemanden zu den Feiertagen mit einem exklusiven Paar Handschuhe \u00fcberraschen? Dann werfen Sie einen Blick in unseren Shop und lassen Sie sich inspirieren von unseren <a href=\"https:\/\/frickin.nl\/de\/geschaft\/\">exklusives Angebot<\/a> sowohl f\u00fcr Frauen als auch f\u00fcr M\u00e4nner.<\/p>","protected":false},"excerpt":{"rendered":"<p><em><strong>Die Finn grey Herrenhandschuhe, eine ultimative Kombination aus Leder und Stoff. Diese Handschuhe geben Ihrem Outfit den letzten Schliff, den es verdient! Eine Handfl\u00e4che aus 100% Ziegenleder und die Oberseite ist mit einem d\u00fcnnen grauen Stoff aus Italien gewebt. Dank des warmen Kaschmirfutters aus Wolle kommen Sie bequem durch den Winter. Kurzum, mit der Finne sind Sie bereit f\u00fcr den Winter!<\/strong><\/em><\/p>","protected":false},"featured_media":10397,"comment_status":"open","ping_status":"closed","template":"","meta":[],"product_brand":[],"product_cat":[16,167,182,252],"product_tag":[223,204,96,103,80],"woo-feed-brand":[191],"class_list":{"0":"post-2413","1":"product","2":"type-product","3":"status-publish","4":"has-post-thumbnail","6":"product_cat-heren-handschoenen","7":"product_cat-leren-handschoenen-heren","8":"product_cat-touchscreen-handschoenen-heren","9":"product_cat-winterhandschoenen-heren","10":"product_tag-gevoerde-handschoenen","11":"product_tag-handschoenen-sale","12":"product_tag-smartphone-handschoenen","13":"product_tag-winddichte-handschoenen","14":"product_tag-zwarte-handschoenen","15":"woo-feed-brand-frickin","17":"first","18":"outofstock","19":"taxable","20":"shipping-taxable","21":"purchasable","22":"product-type-variable","23":"has-default-attributes"},"_links":{"self":[{"href":"https:\/\/frickin.nl\/de\/wp-json\/wp\/v2\/product\/2413","targetHints":{"allow":["GET"]}}],"collection":[{"href":"https:\/\/frickin.nl\/de\/wp-json\/wp\/v2\/product"}],"about":[{"href":"https:\/\/frickin.nl\/de\/wp-json\/wp\/v2\/types\/product"}],"replies":[{"embeddable":true,"href":"https:\/\/frickin.nl\/de\/wp-json\/wp\/v2\/comments?post=2413"}],"wp:featuredmedia":[{"embeddable":true,"href":"https:\/\/frickin.nl\/de\/wp-json\/wp\/v2\/media\/10397"}],"wp:attachment":[{"href":"https:\/\/frickin.nl\/de\/wp-json\/wp\/v2\/media?parent=2413"}],"wp:term":[{"taxonomy":"product_brand","embeddable":true,"href":"https:\/\/frickin.nl\/de\/wp-json\/wp\/v2\/product_brand?post=2413"},{"taxonomy":"product_cat","embeddable":true,"href":"https:\/\/frickin.nl\/de\/wp-json\/wp\/v2\/product_cat?post=2413"},{"taxonomy":"product_tag","embeddable":true,"href":"https:\/\/frickin.nl\/de\/wp-json\/wp\/v2\/product_tag?post=2413"},{"taxonomy":"woo-feed-brand","embeddable":true,"href":"https:\/\/frickin.nl\/de\/wp-json\/wp\/v2\/woo-feed-brand?post=2413"}],"curies":[{"name":"wp","href":"https:\/\/api.w.org\/{rel}","templated":true}]}}