{"id":2455,"date":"2020-09-09T16:33:16","date_gmt":"2020-09-09T16:33:16","guid":{"rendered":"https:\/\/frickin.nl\/?post_type=product&#038;p=2455"},"modified":"2026-04-17T02:38:17","modified_gmt":"2026-04-17T00:38:17","slug":"schwarze-lederhandschuhe-herren-ace-2","status":"publish","type":"product","link":"https:\/\/frickin.nl\/de\/product\/wollen-handschoenen-heren-ace\/","title":{"rendered":"Ace (Ziegenleder) - Schwarze Wollhandschuhe f\u00fcr Herren Handgefertigt mit Futter aus Wolle und Kaschmir"},"content":{"rendered":"<h2 style=\"text-align: left;\">Wollhandschuhe Herren - Ace<\/h2>\n<p>Wir stellen Ihnen den \"Ace\" vor - ein Meisterwerk der Handwerkskunst und Eleganz bei Herrenhandschuhen. Diese handgefertigten Herrenhandschuhe sind aus hochwertigem Ziegenleder gefertigt und mit einer gestrickten Wollhandfl\u00e4che versehen, erh\u00e4ltlich in stilvollem Blau und Schwarz. Sie fallen elegant \u00fcber das Handgelenk und lassen sich dank des Riemens m\u00fchelos f\u00fcr einen perfekten Sitz schlie\u00dfen.<\/p>\n<p>Das Besondere an den Herren-Wollhandschuhen \"Ace\" ist das luxuri\u00f6se Futter, das aus einer Mischung aus Wolle (85%) und Kaschmir (15%) besteht. Diese Materialkombination bietet un\u00fcbertroffene W\u00e4rme und Komfort und h\u00e4lt Ihre H\u00e4nde auch an den k\u00e4ltesten Wintertagen warm.<\/p>\n<p>Ganz gleich, ob Sie auf der Suche nach der perfekten Erg\u00e4nzung f\u00fcr Ihre Wintergarderobe oder nach einem stilvollen Geschenk f\u00fcr einen lieben Menschen sind, \"Ace\" bietet die ultimative Kombination aus Stil und W\u00e4rme. Dar\u00fcber hinaus sind diese Handschuhe ideal, um den Winter stilvoll mit Ihrem Partner zu verbringen. Sehen Sie sich unsere Kollektion an <a href=\"https:\/\/frickin.nl\/de\/sammlung\/damen-handschuhe\/lederhandschuhe-damen\/\">Lederhandschuhe f\u00fcr Damen<\/a>. Und um es noch besser zu machen, bieten wir einen kostenlosen Versand innerhalb der Niederlande, Belgien und Deutschland an. Entscheiden Sie sich f\u00fcr die Handschuhe von Frickin und begr\u00fc\u00dfen Sie den Winter mit purem Stil und luxuri\u00f6sem Komfort.<\/p>","protected":false},"excerpt":{"rendered":"<p><em><strong>Die Ace Wollhandschuhe f\u00fcr Herren sind aus 100% echtem Ziegenleder auf der Handfl\u00e4che und haben ein schwarzes Wollstrickmuster auf der Oberseite. Dank des warmen Woll-Kaschmir-Futters kommen Sie bequem durch den Winter. Damit geh\u00f6ren kalte Finger der Vergangenheit an. Die stilvollen und eleganten Wollhandschuhe von ace sind die perfekte Erg\u00e4nzung zu jedem Outfit.<\/strong><\/em><\/p>","protected":false},"featured_media":10388,"comment_status":"open","ping_status":"closed","template":"","meta":[],"product_brand":[],"product_cat":[16,167,252],"product_tag":[223,103,80],"woo-feed-brand":[191],"class_list":{"0":"post-2455","1":"product","2":"type-product","3":"status-publish","4":"has-post-thumbnail","6":"product_cat-heren-handschoenen","7":"product_cat-leren-handschoenen-heren","8":"product_cat-winterhandschoenen-heren","9":"product_tag-gevoerde-handschoenen","10":"product_tag-winddichte-handschoenen","11":"product_tag-zwarte-handschoenen","12":"woo-feed-brand-frickin","14":"first","15":"outofstock","16":"taxable","17":"shipping-taxable","18":"purchasable","19":"product-type-variable","20":"has-default-attributes"},"_links":{"self":[{"href":"https:\/\/frickin.nl\/de\/wp-json\/wp\/v2\/product\/2455","targetHints":{"allow":["GET"]}}],"collection":[{"href":"https:\/\/frickin.nl\/de\/wp-json\/wp\/v2\/product"}],"about":[{"href":"https:\/\/frickin.nl\/de\/wp-json\/wp\/v2\/types\/product"}],"replies":[{"embeddable":true,"href":"https:\/\/frickin.nl\/de\/wp-json\/wp\/v2\/comments?post=2455"}],"wp:featuredmedia":[{"embeddable":true,"href":"https:\/\/frickin.nl\/de\/wp-json\/wp\/v2\/media\/10388"}],"wp:attachment":[{"href":"https:\/\/frickin.nl\/de\/wp-json\/wp\/v2\/media?parent=2455"}],"wp:term":[{"taxonomy":"product_brand","embeddable":true,"href":"https:\/\/frickin.nl\/de\/wp-json\/wp\/v2\/product_brand?post=2455"},{"taxonomy":"product_cat","embeddable":true,"href":"https:\/\/frickin.nl\/de\/wp-json\/wp\/v2\/product_cat?post=2455"},{"taxonomy":"product_tag","embeddable":true,"href":"https:\/\/frickin.nl\/de\/wp-json\/wp\/v2\/product_tag?post=2455"},{"taxonomy":"woo-feed-brand","embeddable":true,"href":"https:\/\/frickin.nl\/de\/wp-json\/wp\/v2\/woo-feed-brand?post=2455"}],"curies":[{"name":"wp","href":"https:\/\/api.w.org\/{rel}","templated":true}]}}