{"id":2464,"date":"2020-09-09T16:57:03","date_gmt":"2020-09-09T16:57:03","guid":{"rendered":"https:\/\/frickin.nl\/?post_type=product&#038;p=2464"},"modified":"2026-04-17T02:38:29","modified_gmt":"2026-04-17T00:38:29","slug":"blau-lederhandschuhe-herren-ace","status":"publish","type":"product","link":"https:\/\/frickin.nl\/de\/product\/blauwe-leren-handschoenen-heren-ace\/","title":{"rendered":"Ace (Ziegenleder) - Herrenhandschuhe aus blauem Leder, handgefertigt, mit Wolle und Kaschmir gef\u00fcttert"},"content":{"rendered":"<h2 style=\"text-align: left;\">Blaue Lederhandschuhe f\u00fcr M\u00e4nner - Ace<\/h2>\n<p>Wir stellen Ihnen den \"Ace\" vor - ein Meisterwerk der Handwerkskunst und Eleganz bei Herrenhandschuhen. Diese handgefertigten Herrenhandschuhe sind aus hochwertigem Ziegenleder gefertigt und mit einer gestrickten Wollhandfl\u00e4che versehen, erh\u00e4ltlich in stilvollem Blau und Schwarz. Sie fallen elegant \u00fcber das Handgelenk und lassen sich dank des Riemens m\u00fchelos f\u00fcr einen perfekten Sitz schlie\u00dfen.<\/p>\n<p>Das Besondere an den blauen Lederhandschuhen \"Ace\" f\u00fcr Herren ist das luxuri\u00f6se Futter, das aus einer Mischung aus Wolle (85%) und Kaschmir (15%) besteht. Diese Materialkombination bietet un\u00fcbertroffene W\u00e4rme und Komfort und h\u00e4lt Ihre H\u00e4nde auch an den k\u00e4ltesten Wintertagen warm.<\/p>\n<p>Ganz gleich, ob Sie auf der Suche nach der perfekten Erg\u00e4nzung f\u00fcr Ihre Wintergarderobe oder nach einem stilvollen Geschenk f\u00fcr einen lieben Menschen sind, \"Ace\" bietet die ultimative Kombination aus Stil und W\u00e4rme. Dar\u00fcber hinaus sind diese Handschuhe ideal, um den Winter stilvoll mit Ihrem Partner zu verbringen. Sehen Sie sich unsere Kollektion an <a href=\"https:\/\/frickin.nl\/de\/sammlung\/damen-handschuhe\/lederhandschuhe-damen\/\">Lederhandschuhe f\u00fcr Damen<\/a>. Und um es noch besser zu machen, bieten wir einen kostenlosen Versand innerhalb der Niederlande, Belgien und Deutschland an. Entscheiden Sie sich f\u00fcr die Handschuhe von Frickin und begr\u00fc\u00dfen Sie den Winter mit purem Stil und luxuri\u00f6sem Komfort.<\/p>","protected":false},"excerpt":{"rendered":"<p><em><strong>Die blauen Lederhandschuhe Ace f\u00fcr Herren sind aus 100% Ziegenleder gefertigt. Dank des blauen Wollstrickmusters und des angenehm warmen Woll-(Kaschmir-)Futters verleiht dieses Paar Lederhandschuhe Ihrem Outfit einen zeitlosen, aber vor allem stilvollen und eleganten Look! Wie werden Sie den Winter \u00fcberstehen? Entscheiden Sie sich f\u00fcr die Frickin Ace-Handschuhe.<\/strong><\/em><\/p>","protected":false},"featured_media":10627,"comment_status":"open","ping_status":"closed","template":"","meta":[],"product_brand":[],"product_cat":[16,167,252],"product_tag":[223,103,80],"woo-feed-brand":[191],"class_list":{"0":"post-2464","1":"product","2":"type-product","3":"status-publish","4":"has-post-thumbnail","6":"product_cat-heren-handschoenen","7":"product_cat-leren-handschoenen-heren","8":"product_cat-winterhandschoenen-heren","9":"product_tag-gevoerde-handschoenen","10":"product_tag-winddichte-handschoenen","11":"product_tag-zwarte-handschoenen","12":"woo-feed-brand-frickin","14":"first","15":"outofstock","16":"taxable","17":"shipping-taxable","18":"purchasable","19":"product-type-variable","20":"has-default-attributes"},"_links":{"self":[{"href":"https:\/\/frickin.nl\/de\/wp-json\/wp\/v2\/product\/2464","targetHints":{"allow":["GET"]}}],"collection":[{"href":"https:\/\/frickin.nl\/de\/wp-json\/wp\/v2\/product"}],"about":[{"href":"https:\/\/frickin.nl\/de\/wp-json\/wp\/v2\/types\/product"}],"replies":[{"embeddable":true,"href":"https:\/\/frickin.nl\/de\/wp-json\/wp\/v2\/comments?post=2464"}],"wp:featuredmedia":[{"embeddable":true,"href":"https:\/\/frickin.nl\/de\/wp-json\/wp\/v2\/media\/10627"}],"wp:attachment":[{"href":"https:\/\/frickin.nl\/de\/wp-json\/wp\/v2\/media?parent=2464"}],"wp:term":[{"taxonomy":"product_brand","embeddable":true,"href":"https:\/\/frickin.nl\/de\/wp-json\/wp\/v2\/product_brand?post=2464"},{"taxonomy":"product_cat","embeddable":true,"href":"https:\/\/frickin.nl\/de\/wp-json\/wp\/v2\/product_cat?post=2464"},{"taxonomy":"product_tag","embeddable":true,"href":"https:\/\/frickin.nl\/de\/wp-json\/wp\/v2\/product_tag?post=2464"},{"taxonomy":"woo-feed-brand","embeddable":true,"href":"https:\/\/frickin.nl\/de\/wp-json\/wp\/v2\/woo-feed-brand?post=2464"}],"curies":[{"name":"wp","href":"https:\/\/api.w.org\/{rel}","templated":true}]}}