{"id":2495,"date":"2020-09-09T19:21:58","date_gmt":"2020-09-09T19:21:58","guid":{"rendered":"https:\/\/frickin.nl\/?post_type=product&#038;p=2495"},"modified":"2026-04-16T02:34:42","modified_gmt":"2026-04-16T00:34:42","slug":"lederhandschuhe-damen-vegan-roxy","status":"publish","type":"product","link":"https:\/\/frickin.nl\/de\/product\/vegan-grijze-leren-handschoenen-dames-roxy\/","title":{"rendered":"Roxy (Vegan) - Graue Lederhandschuhe f\u00fcr Frauen, Touchscreen-Funktion &amp; dickes Fleece-Futter"},"content":{"rendered":"<h2 style=\"text-align: left;\">Stylische vegane graue Lederhandschuhe Damen - Roxy<\/h2>\n<p>Die Handschuhe von Roxy sind die perfekte Wahl f\u00fcr alle, die nach einer nachhaltigen Alternative zu echtem Leder suchen. Hergestellt aus veganem Leder, auch bekannt als \u00d6ko-Leder oder Kunstleder, sind diese Handschuhe eine umweltbewusste Option, ohne Kompromisse beim Stil einzugehen. Mit einer schwarzen Handfl\u00e4che und einem grauen Stoffoberteil, das mit einem modernen Riemen (nicht verstellbar) versehen ist, verleihen die Roxy-Handschuhe Ihrer Garderobe einen modernen Look, der nicht fehlen darf. Au\u00dferdem verf\u00fcgen sie \u00fcber eine Touchscreen-Funktion, mit der Sie Ihr Smartphone oder Tablet bedienen k\u00f6nnen, ohne die Handschuhe ausziehen zu m\u00fcssen.<\/p>\n<p>Das dicke Fleece-Futter in diesen Handschuhen h\u00e4lt Ihre H\u00e4nde auch an windigen Tagen angenehm warm. Roxy bietet nicht nur Stil und Funktionalit\u00e4t, sondern auch eine umweltbewusste Wahl. Erg\u00e4nzen Sie Ihre Kollektion mit diesen trendigen Handschuhen und leisten Sie einen Beitrag zu einer nachhaltigeren Zukunft. M\u00f6chten Sie lieber kaufen <a href=\"https:\/\/frickin.nl\/de\/sammlung\/damen-handschuhe\/faustlinge-damen\/\">warme F\u00e4ustlinge<\/a> oder wirklich <a href=\"https:\/\/frickin.nl\/de\/sammlung\/damen-handschuhe\/lederhandschuhe-damen\/\">Lederhandschuhe f\u00fcr Frauen<\/a>Wir haben auch diese in unserer neuen Kollektion!<\/p>\n<p>Denken Sie daran: Veganes Leder ist empfindlicher als echtes Leder. Seien Sie vorsichtig mit Wasser und vermeiden Sie raue oder scharfe Gegenst\u00e4nde, um Ihre Artikel in Top-Zustand zu halten.<\/p>","protected":false},"excerpt":{"rendered":"<p><em><strong>Die Roxy veganen grauen Lederhandschuhe f\u00fcr Damen sind das stylische Paar Handschuhe f\u00fcr diese Saison! Gefertigt aus 100%-\u00d6ko-Leder und ausgestattet mit einem warmen, dicken Fleece-Futter, hat dieses Modell alles, was Sie in diesem Winter brauchen. Dank der Touchscreen-Funktion k\u00f6nnen Sie alle Smartphones m\u00fchelos und einfach bedienen, noch nie war das Versenden einer Nachricht so einfach. <\/strong><\/em><\/p>","protected":false},"featured_media":10338,"comment_status":"open","ping_status":"closed","template":"","meta":[],"product_brand":[],"product_cat":[17,183,180],"product_tag":[223,96,103,80],"woo-feed-brand":[191],"class_list":{"0":"post-2495","1":"product","2":"type-product","3":"status-publish","4":"has-post-thumbnail","6":"product_cat-dames-handschoenen","7":"product_cat-touchscreen-handschoenen-dames","8":"product_cat-vegan-handschoenen-dames","9":"product_tag-gevoerde-handschoenen","10":"product_tag-smartphone-handschoenen","11":"product_tag-winddichte-handschoenen","12":"product_tag-zwarte-handschoenen","13":"woo-feed-brand-frickin","15":"first","16":"outofstock","17":"featured","18":"taxable","19":"shipping-taxable","20":"purchasable","21":"product-type-variable","22":"has-default-attributes"},"_links":{"self":[{"href":"https:\/\/frickin.nl\/de\/wp-json\/wp\/v2\/product\/2495","targetHints":{"allow":["GET"]}}],"collection":[{"href":"https:\/\/frickin.nl\/de\/wp-json\/wp\/v2\/product"}],"about":[{"href":"https:\/\/frickin.nl\/de\/wp-json\/wp\/v2\/types\/product"}],"replies":[{"embeddable":true,"href":"https:\/\/frickin.nl\/de\/wp-json\/wp\/v2\/comments?post=2495"}],"wp:featuredmedia":[{"embeddable":true,"href":"https:\/\/frickin.nl\/de\/wp-json\/wp\/v2\/media\/10338"}],"wp:attachment":[{"href":"https:\/\/frickin.nl\/de\/wp-json\/wp\/v2\/media?parent=2495"}],"wp:term":[{"taxonomy":"product_brand","embeddable":true,"href":"https:\/\/frickin.nl\/de\/wp-json\/wp\/v2\/product_brand?post=2495"},{"taxonomy":"product_cat","embeddable":true,"href":"https:\/\/frickin.nl\/de\/wp-json\/wp\/v2\/product_cat?post=2495"},{"taxonomy":"product_tag","embeddable":true,"href":"https:\/\/frickin.nl\/de\/wp-json\/wp\/v2\/product_tag?post=2495"},{"taxonomy":"woo-feed-brand","embeddable":true,"href":"https:\/\/frickin.nl\/de\/wp-json\/wp\/v2\/woo-feed-brand?post=2495"}],"curies":[{"name":"wp","href":"https:\/\/api.w.org\/{rel}","templated":true}]}}