{"id":26267,"date":"2024-07-20T17:21:29","date_gmt":"2024-07-20T15:21:29","guid":{"rendered":"https:\/\/frickin.nl\/?post_type=product&#038;p=26267"},"modified":"2026-04-23T03:02:32","modified_gmt":"2026-04-23T01:02:32","slug":"elite-wallet-bruin-lichtbruin","status":"publish","type":"product","link":"https:\/\/frickin.nl\/de\/product\/elite-wallet-bruin-lichtbruin\/","title":{"rendered":"Elite Wallet Braun\/Hellbraun"},"content":{"rendered":"<h2 style=\"text-align: left\">Elite-Brieftasche<\/h2>\n<p>Erleben Sie die ultimative Kombination aus Luxus und Funktionalit\u00e4t mit der Elite Wallet Brown\/Light Brown aus der Frickin Kollektion. Dieses hochwertige Portemonnaie ist aus echtem Leder gefertigt und in einem raffinierten zweifarbigen Stil ausgef\u00fchrt, perfekt f\u00fcr den modernen Benutzer, der keine Kompromisse bei Mode und Sicherheit eingehen m\u00f6chte.<\/p>\n<p>Die Elite Wallet bietet Platz f\u00fcr 6 Karten, so dass Sie alle Ihre wichtigsten Karten problemlos unterbringen k\u00f6nnen. Mit der praktischen Geldklammer haben Sie Ihre Geldscheine immer gut organisiert und in Reichweite. Dar\u00fcber hinaus verf\u00fcgt diese Brieftasche \u00fcber ein Rei\u00dfverschlussfach speziell f\u00fcr M\u00fcnzen, damit Sie nie wieder Kleingeld verlieren.<\/p>\n<p>Was dieses Portemonnaie wirklich auszeichnet, ist der integrierte RFID-Schutz. Diese fortschrittliche Technologie sch\u00fctzt Ihre Karten vor Skimming und sorgt daf\u00fcr, dass Ihre pers\u00f6nlichen Daten und finanziellen Informationen jederzeit sicher sind.<\/p>\n<p>Die Elite Wallet ist mehr als nur funktional, sie ist ein Statement f\u00fcr Stil und Eleganz. Das schlichte, moderne Design in zwei Farben macht sie zu einer perfekten Erg\u00e4nzung f\u00fcr jedes Outfit. Erh\u00e4ltlich in drei klassischen Farbkombinationen - Schwarz\/Braun, Schwarz\/Hellbraun und Braun\/Hellbraun - gibt es immer eine Variante, die zu Ihrem pers\u00f6nlichen Stil passt.<\/p>\n<p>Entscheiden Sie sich f\u00fcr das Elite Wallet und erleben Sie die erstklassige Qualit\u00e4t und Handwerkskunst von Frickin: ein Portemonnaie, das sorgf\u00e4ltig entworfen wurde, um sowohl praktisch als auch modisch zu sein.<\/p>","protected":false},"excerpt":{"rendered":"<p>Die Elite Wallet Brown\/Beige von Frickin kombiniert Luxus und Funktionalit\u00e4t in einem stilvollen, zweifarbigen Lederdesign. Mit Platz f\u00fcr 6 Karten, einer Geldklammer f\u00fcr Scheine und einem Rei\u00dfverschluss f\u00fcr M\u00fcnzen bietet dieses Portemonnaie alles, was Sie brauchen. Die RFID-Technologie sch\u00fctzt Ihre Karten vor Skimming. Erh\u00e4ltlich in drei Farbkombinationen.<\/p>","protected":false},"featured_media":26441,"comment_status":"open","ping_status":"closed","template":"","meta":[],"product_brand":[],"product_cat":[236],"product_tag":[238,237],"woo-feed-brand":[191],"class_list":{"0":"post-26267","1":"product","2":"type-product","3":"status-publish","4":"has-post-thumbnail","6":"product_cat-portemonnee","7":"product_tag-portemonnee","8":"product_tag-rfid","9":"woo-feed-brand-frickin","11":"first","12":"outofstock","13":"taxable","14":"shipping-taxable","15":"purchasable","16":"product-type-simple"},"_links":{"self":[{"href":"https:\/\/frickin.nl\/de\/wp-json\/wp\/v2\/product\/26267","targetHints":{"allow":["GET"]}}],"collection":[{"href":"https:\/\/frickin.nl\/de\/wp-json\/wp\/v2\/product"}],"about":[{"href":"https:\/\/frickin.nl\/de\/wp-json\/wp\/v2\/types\/product"}],"replies":[{"embeddable":true,"href":"https:\/\/frickin.nl\/de\/wp-json\/wp\/v2\/comments?post=26267"}],"wp:featuredmedia":[{"embeddable":true,"href":"https:\/\/frickin.nl\/de\/wp-json\/wp\/v2\/media\/26441"}],"wp:attachment":[{"href":"https:\/\/frickin.nl\/de\/wp-json\/wp\/v2\/media?parent=26267"}],"wp:term":[{"taxonomy":"product_brand","embeddable":true,"href":"https:\/\/frickin.nl\/de\/wp-json\/wp\/v2\/product_brand?post=26267"},{"taxonomy":"product_cat","embeddable":true,"href":"https:\/\/frickin.nl\/de\/wp-json\/wp\/v2\/product_cat?post=26267"},{"taxonomy":"product_tag","embeddable":true,"href":"https:\/\/frickin.nl\/de\/wp-json\/wp\/v2\/product_tag?post=26267"},{"taxonomy":"woo-feed-brand","embeddable":true,"href":"https:\/\/frickin.nl\/de\/wp-json\/wp\/v2\/woo-feed-brand?post=26267"}],"curies":[{"name":"wp","href":"https:\/\/api.w.org\/{rel}","templated":true}]}}