{"id":26270,"date":"2024-07-20T17:43:36","date_gmt":"2024-07-20T15:43:36","guid":{"rendered":"https:\/\/frickin.nl\/?post_type=product&#038;p=26270"},"modified":"2026-04-23T02:59:16","modified_gmt":"2026-04-23T00:59:16","slug":"twist-wallet-zwart","status":"publish","type":"product","link":"https:\/\/frickin.nl\/de\/product\/twist-wallet-zwart\/","title":{"rendered":"Twist Wallet Schwarz"},"content":{"rendered":"<h2 style=\"text-align: left\">Twist Wallet Schwarz<\/h2>\n<p>Erleben Sie ultimativen Komfort und Stil mit der Twist Wallet Black aus der Frickin Kollektion. Diese d\u00fcnne und dennoch funktionelle Geldb\u00f6rse ist aus hochwertigem Echtleder gefertigt, was sie nicht nur langlebig, sondern auch elegant macht.<\/p>\n<p>Die Twist Wallet bietet Platz f\u00fcr 5 Karten, so dass Sie alle Ihre wichtigen Karten kompakt aufbewahren k\u00f6nnen. Die elastischen B\u00e4nder f\u00fcr Geldscheine sorgen daf\u00fcr, dass Ihre Scheine immer ordentlich und sicher aufbewahrt sind. Au\u00dferdem verf\u00fcgt dieses Portemonnaie \u00fcber ein spezielles Rei\u00dfverschlussfach f\u00fcr M\u00fcnzen, sodass Sie nie wieder Kleingeld verlieren werden.<\/p>\n<p>Ein einzigartiges Merkmal der Twist Wallet ist ihre raffinierte Flip-Funktion. Diese innovative Funktion sorgt daf\u00fcr, dass Ihr Portemonnaie schnell und einfach von allen Seiten zug\u00e4nglich ist, so dass Sie m\u00fchelos auf Ihre Karten und Ihr Geld zugreifen k\u00f6nnen. Dar\u00fcber hinaus ist die Twist Wallet mit einem RFID-Schutz ausgestattet, der Ihre Karten vor unerw\u00fcnschten Scans und Skimming sch\u00fctzt und Ihre pers\u00f6nlichen Daten und finanziellen Informationen sicher h\u00e4lt.<\/p>\n<p>Die Twist Wallet ist nicht nur praktisch, sondern auch stilvoll. Ihr schlankes und modernes Design macht sie zu einer perfekten Erg\u00e4nzung f\u00fcr jedes Outfit. Erh\u00e4ltlich in drei klassischen Farben - Schwarz, Braun und Beige - gibt es immer eine Farbe, die zu Ihrem pers\u00f6nlichen Stil passt.<\/p>\n<p>Entscheiden Sie sich f\u00fcr das Twist Wallet und erleben Sie die perfekte Mischung aus Innovation, Stil und Funktionalit\u00e4t, die nur Frickin bieten kann.<\/p>","protected":false},"excerpt":{"rendered":"<p>Das Twist Wallet Black von Frickin ist ein schlankes Portemonnaie aus Leder mit innovativer Flip-Funktion f\u00fcr schnellen Zugriff. Mit Platz f\u00fcr 5 Karten, elastischen B\u00e4ndern f\u00fcr Geldscheine und einem Rei\u00dfverschluss f\u00fcr M\u00fcnzen bietet dieses Portemonnaie Vielseitigkeit und Komfort. Der RFID-Schutz sorgt f\u00fcr zus\u00e4tzliche Sicherheit. Erh\u00e4ltlich in Schwarz, Braun und Beige.<\/p>","protected":false},"featured_media":26473,"comment_status":"open","ping_status":"closed","template":"","meta":[],"product_brand":[],"product_cat":[236],"product_tag":[238,237],"woo-feed-brand":[],"class_list":{"0":"post-26270","1":"product","2":"type-product","3":"status-publish","4":"has-post-thumbnail","6":"product_cat-portemonnee","7":"product_tag-portemonnee","8":"product_tag-rfid","10":"first","11":"outofstock","12":"taxable","13":"shipping-taxable","14":"purchasable","15":"product-type-simple"},"_links":{"self":[{"href":"https:\/\/frickin.nl\/de\/wp-json\/wp\/v2\/product\/26270","targetHints":{"allow":["GET"]}}],"collection":[{"href":"https:\/\/frickin.nl\/de\/wp-json\/wp\/v2\/product"}],"about":[{"href":"https:\/\/frickin.nl\/de\/wp-json\/wp\/v2\/types\/product"}],"replies":[{"embeddable":true,"href":"https:\/\/frickin.nl\/de\/wp-json\/wp\/v2\/comments?post=26270"}],"wp:featuredmedia":[{"embeddable":true,"href":"https:\/\/frickin.nl\/de\/wp-json\/wp\/v2\/media\/26473"}],"wp:attachment":[{"href":"https:\/\/frickin.nl\/de\/wp-json\/wp\/v2\/media?parent=26270"}],"wp:term":[{"taxonomy":"product_brand","embeddable":true,"href":"https:\/\/frickin.nl\/de\/wp-json\/wp\/v2\/product_brand?post=26270"},{"taxonomy":"product_cat","embeddable":true,"href":"https:\/\/frickin.nl\/de\/wp-json\/wp\/v2\/product_cat?post=26270"},{"taxonomy":"product_tag","embeddable":true,"href":"https:\/\/frickin.nl\/de\/wp-json\/wp\/v2\/product_tag?post=26270"},{"taxonomy":"woo-feed-brand","embeddable":true,"href":"https:\/\/frickin.nl\/de\/wp-json\/wp\/v2\/woo-feed-brand?post=26270"}],"curies":[{"name":"wp","href":"https:\/\/api.w.org\/{rel}","templated":true}]}}