{"id":26276,"date":"2024-07-21T15:20:25","date_gmt":"2024-07-21T13:20:25","guid":{"rendered":"https:\/\/frickin.nl\/?post_type=product&#038;p=26276"},"modified":"2026-04-17T02:36:15","modified_gmt":"2026-04-17T00:36:15","slug":"sleeve-polswarmer","status":"publish","type":"product","link":"https:\/\/frickin.nl\/de\/product\/sleeve-polswarmer\/","title":{"rendered":"\u00c4rmel-Handgelenkw\u00e4rmer"},"content":{"rendered":"<h2 style=\"text-align: left;\">Stilvolle Handgelenkw\u00e4rmer-Manschette <\/h2>\n<p>Entdecken Sie die Vielseitigkeit des Knitted Sleeve Handgelenkw\u00e4rmers aus der Frickin-Kollektion. Dieser d\u00fcnne Handgelenkw\u00e4rmer wurde sowohl f\u00fcr Frauen als auch f\u00fcr M\u00e4nner entworfen und bietet die perfekte Mischung aus Stil und Komfort. Egal, ob Sie Ihren Look aufwerten oder einfach nur Ihre H\u00e4nde warm halten wollen, der Sleeve ist die ideale Wahl.<\/p>\n<p>Der Handgelenkw\u00e4rmer Sleeve kann auf vielf\u00e4ltige Weise getragen werden. Verwenden Sie sie als stilvolles Accessoire \u00fcber Ihren Handschuhen, um wirklich aufzufallen und ein modisches Statement abzugeben. Oder tragen Sie sie abends auf dem Sofa f\u00fcr zus\u00e4tzliche W\u00e4rme und Komfort, um Ihre H\u00e4nde sch\u00f6n warm zu halten.<\/p>\n<p>Die Handgelenkstulpen sind aus hochwertigem Acryl gefertigt und bieten Langlebigkeit und einen weichen, bequemen Sitz. Der Lederaufn\u00e4her mit dem Frickin-Logo verleiht dem Design einen luxuri\u00f6sen Touch und macht sie sowohl funktional als auch schick.<\/p>\n<p>Erh\u00e4ltlich in sechs modischen Farben - Schwarz, Grau, Wei\u00df, Rosa, Beige und Nude - gibt es immer eine Variante, die zu Ihrem pers\u00f6nlichen Stil passt. Entscheiden Sie sich f\u00fcr den Sleeve Handgelenkw\u00e4rmer von Frickin und erleben Sie, wie ein kleines Accessoire einen gro\u00dfen Unterschied in Bezug auf Aussehen und Komfort machen kann.<\/p>","protected":false},"excerpt":{"rendered":"<p>Der Knitted Sleeve Handgelenkw\u00e4rmer von Frickin ist ein d\u00fcnnes Accessoire in Einheitsgr\u00f6\u00dfe f\u00fcr Frauen und M\u00e4nner. Ideal f\u00fcr zus\u00e4tzliches Styling \u00fcber Ihren Handschuhen oder f\u00fcr zus\u00e4tzliche W\u00e4rme und Komfort. Erh\u00e4ltlich in sechs verschiedenen Farben.<\/p>","protected":false},"featured_media":26819,"comment_status":"closed","ping_status":"closed","template":"","meta":[],"product_brand":[],"product_cat":[17,16],"product_tag":[],"woo-feed-brand":[191],"class_list":{"0":"post-26276","1":"product","2":"type-product","3":"status-publish","4":"has-post-thumbnail","6":"product_cat-dames-handschoenen","7":"product_cat-heren-handschoenen","8":"woo-feed-brand-frickin","10":"first","11":"outofstock","12":"taxable","13":"shipping-taxable","14":"purchasable","15":"product-type-variable","16":"has-default-attributes"},"_links":{"self":[{"href":"https:\/\/frickin.nl\/de\/wp-json\/wp\/v2\/product\/26276","targetHints":{"allow":["GET"]}}],"collection":[{"href":"https:\/\/frickin.nl\/de\/wp-json\/wp\/v2\/product"}],"about":[{"href":"https:\/\/frickin.nl\/de\/wp-json\/wp\/v2\/types\/product"}],"replies":[{"embeddable":true,"href":"https:\/\/frickin.nl\/de\/wp-json\/wp\/v2\/comments?post=26276"}],"wp:featuredmedia":[{"embeddable":true,"href":"https:\/\/frickin.nl\/de\/wp-json\/wp\/v2\/media\/26819"}],"wp:attachment":[{"href":"https:\/\/frickin.nl\/de\/wp-json\/wp\/v2\/media?parent=26276"}],"wp:term":[{"taxonomy":"product_brand","embeddable":true,"href":"https:\/\/frickin.nl\/de\/wp-json\/wp\/v2\/product_brand?post=26276"},{"taxonomy":"product_cat","embeddable":true,"href":"https:\/\/frickin.nl\/de\/wp-json\/wp\/v2\/product_cat?post=26276"},{"taxonomy":"product_tag","embeddable":true,"href":"https:\/\/frickin.nl\/de\/wp-json\/wp\/v2\/product_tag?post=26276"},{"taxonomy":"woo-feed-brand","embeddable":true,"href":"https:\/\/frickin.nl\/de\/wp-json\/wp\/v2\/woo-feed-brand?post=26276"}],"curies":[{"name":"wp","href":"https:\/\/api.w.org\/{rel}","templated":true}]}}