{"id":26295,"date":"2024-07-31T15:14:01","date_gmt":"2024-07-31T13:14:01","guid":{"rendered":"https:\/\/frickin.nl\/?post_type=product&#038;p=26295"},"modified":"2026-04-23T02:59:15","modified_gmt":"2026-04-23T00:59:15","slug":"clip-it-elite","status":"publish","type":"product","link":"https:\/\/frickin.nl\/de\/product\/clip-it-elite\/","title":{"rendered":"Clip It Elite"},"content":{"rendered":"<p>Frickin stellt den Clip It Elite vor, einen eleganten und vielseitigen Clip aus hochwertigem Edelstahl (SS). Dieser multifunktionale Clip ist perfekt, um Ihre Geldscheine zu organisieren, damit Sie Ihr Geld immer sicher an einem Ort haben. Dar\u00fcber hinaus ist der Clip It Elite ideal, um Ihre Handschuhe stilvoll und ordentlich zusammenzuhalten.<\/p>\n<p>Das einzigartige Design des Clip It Elite wird durch das charakteristische L\u00f6wenkopf-Logo von Frickin akzentuiert, das St\u00e4rke und Raffinesse symbolisiert. Ob Sie den Clip t\u00e4glich oder zu besonderen Anl\u00e4ssen verwenden, der Clip It Elite ist ein unverzichtbares Accessoire, das Funktionalit\u00e4t und Eleganz nahtlos vereint.<\/p>","protected":false},"excerpt":{"rendered":"<p>Entdecken Sie den Clip It Elite von Frickin, einen stilvollen Mehrzweckclip aus hochwertigem Edelstahl.<\/p>","protected":false},"featured_media":26451,"comment_status":"open","ping_status":"closed","template":"","meta":[],"product_brand":[],"product_cat":[236],"product_tag":[],"woo-feed-brand":[],"class_list":{"0":"post-26295","1":"product","2":"type-product","3":"status-publish","4":"has-post-thumbnail","6":"product_cat-portemonnee","8":"first","9":"outofstock","10":"taxable","11":"shipping-taxable","12":"purchasable","13":"product-type-simple"},"_links":{"self":[{"href":"https:\/\/frickin.nl\/de\/wp-json\/wp\/v2\/product\/26295","targetHints":{"allow":["GET"]}}],"collection":[{"href":"https:\/\/frickin.nl\/de\/wp-json\/wp\/v2\/product"}],"about":[{"href":"https:\/\/frickin.nl\/de\/wp-json\/wp\/v2\/types\/product"}],"replies":[{"embeddable":true,"href":"https:\/\/frickin.nl\/de\/wp-json\/wp\/v2\/comments?post=26295"}],"wp:featuredmedia":[{"embeddable":true,"href":"https:\/\/frickin.nl\/de\/wp-json\/wp\/v2\/media\/26451"}],"wp:attachment":[{"href":"https:\/\/frickin.nl\/de\/wp-json\/wp\/v2\/media?parent=26295"}],"wp:term":[{"taxonomy":"product_brand","embeddable":true,"href":"https:\/\/frickin.nl\/de\/wp-json\/wp\/v2\/product_brand?post=26295"},{"taxonomy":"product_cat","embeddable":true,"href":"https:\/\/frickin.nl\/de\/wp-json\/wp\/v2\/product_cat?post=26295"},{"taxonomy":"product_tag","embeddable":true,"href":"https:\/\/frickin.nl\/de\/wp-json\/wp\/v2\/product_tag?post=26295"},{"taxonomy":"woo-feed-brand","embeddable":true,"href":"https:\/\/frickin.nl\/de\/wp-json\/wp\/v2\/woo-feed-brand?post=26295"}],"curies":[{"name":"wp","href":"https:\/\/api.w.org\/{rel}","templated":true}]}}