{"id":26506,"date":"2024-09-15T20:04:20","date_gmt":"2024-09-15T18:04:20","guid":{"rendered":"https:\/\/frickin.nl\/?post_type=product&#038;p=26506"},"modified":"2026-04-23T02:59:15","modified_gmt":"2026-04-23T00:59:15","slug":"elite-leren-automatische-riem-voor-heren","status":"publish","type":"product","link":"https:\/\/frickin.nl\/de\/product\/elite-leren-automatische-riem-voor-heren\/","title":{"rendered":"Elite Leder Automatikg\u00fcrtel f\u00fcr M\u00e4nner Schwarz\/Braun"},"content":{"rendered":"<p>Der Frickin Elite Belt kombiniert Luxus und Funktionalit\u00e4t in einem innovativen Lederg\u00fcrtel mit automatischer Schnalle. Dieser G\u00fcrtel ist aus 100% Premium-Rindsleder gefertigt, das f\u00fcr lange Haltbarkeit und einen zeitlosen Look sorgt. Mit einer Breite von 3,5 cm und einer L\u00e4nge von 120 cm ist der G\u00fcrtel nicht gen\u00e4ht und bietet einen schlanken, modernen Look.<\/p>\n<p>Das Besondere an diesem G\u00fcrtel ist sein innovatives \"Click-and-Go\"-System. Der G\u00fcrtel hat keine L\u00f6cher und schlie\u00dft sich dank der Plattenschnalle automatisch, so dass Sie den G\u00fcrtel ohne Probleme um Ihre Taille legen k\u00f6nnen. Das System sorgt daf\u00fcr, dass der G\u00fcrtel sicher und genau in der richtigen L\u00e4nge sitzt. Sie m\u00f6chten den G\u00fcrtel k\u00fcrzen? Kein Problem! Einfach die Schnalle l\u00f6sen, den G\u00fcrtel auf die gew\u00fcnschte Gr\u00f6\u00dfe zuschneiden und die Schnalle wieder anbringen. So haben Sie immer eine ma\u00dfgeschneiderte Passform.<\/p>\n<p>Dieser elegante G\u00fcrtel passt nicht nur perfekt zu gepflegten Jeans, Chinos oder Hosen, sondern bietet auch optimalen Tragekomfort. Die flache Schnalle an der Oberseite erm\u00f6glicht eine einfache und schnelle Gr\u00f6\u00dfenanpassung. Der Frickin Elite Belt ist der Original-Automatikg\u00fcrtel, der Stil und Bequemlichkeit nahtlos miteinander verbindet und damit eine ausgezeichnete Wahl f\u00fcr jeden modebewussten Mann ist.<\/p>","protected":false},"excerpt":{"rendered":"<p>Der Frickin Elite Belt ist ein stilvoller und funktioneller Lederg\u00fcrtel mit automatischer Plattenschnalle. Dieser 3,5 cm breite und 120 cm lange G\u00fcrtel ist aus 100% Premium-Rindsleder gefertigt und hat dank des innovativen \"Click-and-Go\"-Systems keine L\u00f6cher. Der G\u00fcrtel l\u00e4sst sich durch die Klickschnalle leicht verk\u00fcrzen, so dass Sie immer den perfekten Sitz haben. Elegant und bequem, ideal f\u00fcr jeden Anlass.<\/p>","protected":false},"featured_media":26436,"comment_status":"open","ping_status":"closed","template":"","meta":[],"product_brand":[],"product_cat":[249],"product_tag":[],"woo-feed-brand":[],"class_list":{"0":"post-26506","1":"product","2":"type-product","3":"status-publish","4":"has-post-thumbnail","6":"product_cat-riemen","8":"first","9":"outofstock","10":"taxable","11":"shipping-taxable","12":"purchasable","13":"product-type-simple"},"_links":{"self":[{"href":"https:\/\/frickin.nl\/de\/wp-json\/wp\/v2\/product\/26506","targetHints":{"allow":["GET"]}}],"collection":[{"href":"https:\/\/frickin.nl\/de\/wp-json\/wp\/v2\/product"}],"about":[{"href":"https:\/\/frickin.nl\/de\/wp-json\/wp\/v2\/types\/product"}],"replies":[{"embeddable":true,"href":"https:\/\/frickin.nl\/de\/wp-json\/wp\/v2\/comments?post=26506"}],"wp:featuredmedia":[{"embeddable":true,"href":"https:\/\/frickin.nl\/de\/wp-json\/wp\/v2\/media\/26436"}],"wp:attachment":[{"href":"https:\/\/frickin.nl\/de\/wp-json\/wp\/v2\/media?parent=26506"}],"wp:term":[{"taxonomy":"product_brand","embeddable":true,"href":"https:\/\/frickin.nl\/de\/wp-json\/wp\/v2\/product_brand?post=26506"},{"taxonomy":"product_cat","embeddable":true,"href":"https:\/\/frickin.nl\/de\/wp-json\/wp\/v2\/product_cat?post=26506"},{"taxonomy":"product_tag","embeddable":true,"href":"https:\/\/frickin.nl\/de\/wp-json\/wp\/v2\/product_tag?post=26506"},{"taxonomy":"woo-feed-brand","embeddable":true,"href":"https:\/\/frickin.nl\/de\/wp-json\/wp\/v2\/woo-feed-brand?post=26506"}],"curies":[{"name":"wp","href":"https:\/\/api.w.org\/{rel}","templated":true}]}}