{"id":31510,"date":"2025-09-29T14:02:30","date_gmt":"2025-09-29T12:02:30","guid":{"rendered":"https:\/\/frickin.nl\/?post_type=product&#038;p=31510"},"modified":"2026-04-16T02:32:07","modified_gmt":"2026-04-16T00:32:07","slug":"quinn-blauwe-sjaal-merino-wol","status":"publish","type":"product","link":"https:\/\/frickin.nl\/de\/product\/quinn-blauwe-sjaal-merino-wol\/","title":{"rendered":"Quinn - Blauer Schal aus Merinowolle | Schwergewicht | Herrlich weich, warm und juckfrei | Unisex"},"content":{"rendered":"<h2 style=\"text-align: left\">Blaues Halstuch Merinowolle - Quinn<\/h2>\n<p>Der blaue Merinowollschal von Quinn ist die perfekte Kombination aus Komfort und Stil. Mit einer L\u00e4nge von 180 cm und einer Breite von 32 cm ist dieser Unisex-Schal von schwerer Qualit\u00e4t und eignet sich daher sowohl f\u00fcr M\u00e4nner als auch f\u00fcr Frauen. Egal, ob Sie Ihren Schal klassisch um den Hals wickeln oder ihn lieber als modernen Knoten tragen, der Quinn passt sich m\u00fchelos an Ihren Stil an. Der Schal aus 100% strapazierf\u00e4higer Merinowolle f\u00fchlt sich herrlich weich an, isoliert hervorragend gegen K\u00e4lte und juckt nicht. So bleiben Sie auch an den k\u00e4ltesten Tagen des Jahres warm und stilvoll.<\/p>\n<h3>Warum der Quinn-Schal?<\/h3>\n<ul>\n<li class=\"bullet-checkmark\">Hergestellt aus 100% strapazierf\u00e4higer Merinowolle: Luxus pur<\/li>\n<li class=\"bullet-checkmark\">Wunderbar weich und bequem, ohne Juckreiz<\/li>\n<li class=\"bullet-checkmark\">Perfekte Gr\u00f6\u00dfe (180 x 32 cm) f\u00fcr verschiedene Trageweisen<\/li>\n<li class=\"bullet-checkmark\">Warm und isolierend, ideal f\u00fcr kalte Tage<\/li>\n<li class=\"bullet-checkmark\">Unisex-Design: geeignet f\u00fcr M\u00e4nner und Frauen<\/li>\n<li class=\"bullet-checkmark\">Das perfekte Geschenk f\u00fcr die Feiertage<\/li>\n<li class=\"bullet-checkmark\">Kombinieren Sie mit unseren passenden H\u00fcten<\/li>\n<\/ul>\n<h3>Bestellen Sie noch heute Ihren neuen Schal bei Frickin und profitieren Sie davon:<\/h3>\n<ul>\n<li class=\"bullet-checkmark\">Kostenloser Versand f\u00fcr alle Ihre Eink\u00e4ufe<\/li>\n<li class=\"bullet-checkmark\">Schnelle Lieferung, bestellt vor 23:45 Uhr wird heute versandt<\/li>\n<li class=\"bullet-checkmark\">Post-Pay mit vollem K\u00e4uferschutz<\/li>\n<li class=\"bullet-checkmark\">Von unseren Kunden mit 9,2 bewertet<\/li>\n<\/ul>\n<p>\ud83d\udca1 Style-Tipp: Vervollst\u00e4ndigen Sie Ihr Outfit mit dem <a href=\"https:\/\/frickin.nl\/de\/sammlung\/mutsen-en-sjaals\/\">passende Quinn-M\u00fctze<\/a>. Kombinieren Sie es mit unserem <a href=\"https:\/\/frickin.nl\/de\/sammlung\/damen-handschuhe\/lederhandschuhe-damen\/\">Lederhandschuhe f\u00fcr Damen<\/a> oder <a href=\"https:\/\/frickin.nl\/de\/sammlung\/herren-handschuhe\/lederhandschuhe-herren\/\">Lederhandschuhe f\u00fcr M\u00e4nner<\/a>. Ideal auch als luxuri\u00f6ses Geschenk f\u00fcr die Feiertage oder einen besonderen Anlass.<\/p>","protected":false},"excerpt":{"rendered":"<p>Een tijdloze beige sjaal van merino wol  die luxe en comfort perfect combineert. De Quinn is gemaakt van 100% merino wol en heeft een elegante marine blauwe kleur die eenvoudig te combineren is met elke outfit. Dankzij de zachte, zware kwaliteit voelt de sjaal heerlijk warm en comfortabel aan \u2013 ideaal voor koude dagen. Maak de look compleet met de bijpassende Riley muts.<\/p>\n<p>Productdetails:<br \/>\n\ud83c\udf3f Materiaal: 100% merino wol \u2013 zacht, ademend en temperatuurregulerend<br \/>\n\ud83d\udccf Afmetingen: 180 x 32 cm \u2013 ideaal om meerdere keren om te slaan of los te dragen<br \/>\n\ud83c\udfa8 Kleur: Beige \u2013 tijdloos en makkelijk te combineren<br \/>\n\ud83e\udde3 Kwaliteit: Zware, warme uitvoering voor optimaal draagcomfort<br \/>\n\ud83d\udc52 Set: Perfect te combineren met de bijpassende Riley muts<\/p>","protected":false},"featured_media":31506,"comment_status":"closed","ping_status":"closed","template":"","meta":[],"product_brand":[],"product_cat":[254],"product_tag":[],"woo-feed-brand":[],"class_list":{"0":"post-31510","1":"product","2":"type-product","3":"status-publish","4":"has-post-thumbnail","6":"product_cat-mutsen-en-sjaals","8":"first","9":"outofstock","10":"taxable","11":"shipping-taxable","12":"purchasable","13":"product-type-simple"},"_links":{"self":[{"href":"https:\/\/frickin.nl\/de\/wp-json\/wp\/v2\/product\/31510","targetHints":{"allow":["GET"]}}],"collection":[{"href":"https:\/\/frickin.nl\/de\/wp-json\/wp\/v2\/product"}],"about":[{"href":"https:\/\/frickin.nl\/de\/wp-json\/wp\/v2\/types\/product"}],"replies":[{"embeddable":true,"href":"https:\/\/frickin.nl\/de\/wp-json\/wp\/v2\/comments?post=31510"}],"wp:featuredmedia":[{"embeddable":true,"href":"https:\/\/frickin.nl\/de\/wp-json\/wp\/v2\/media\/31506"}],"wp:attachment":[{"href":"https:\/\/frickin.nl\/de\/wp-json\/wp\/v2\/media?parent=31510"}],"wp:term":[{"taxonomy":"product_brand","embeddable":true,"href":"https:\/\/frickin.nl\/de\/wp-json\/wp\/v2\/product_brand?post=31510"},{"taxonomy":"product_cat","embeddable":true,"href":"https:\/\/frickin.nl\/de\/wp-json\/wp\/v2\/product_cat?post=31510"},{"taxonomy":"product_tag","embeddable":true,"href":"https:\/\/frickin.nl\/de\/wp-json\/wp\/v2\/product_tag?post=31510"},{"taxonomy":"woo-feed-brand","embeddable":true,"href":"https:\/\/frickin.nl\/de\/wp-json\/wp\/v2\/woo-feed-brand?post=31510"}],"curies":[{"name":"wp","href":"https:\/\/api.w.org\/{rel}","templated":true}]}}