{"id":31527,"date":"2025-09-29T15:07:29","date_gmt":"2025-09-29T13:07:29","guid":{"rendered":"https:\/\/frickin.nl\/?post_type=product&#038;p=31527"},"modified":"2026-04-17T02:36:01","modified_gmt":"2026-04-17T00:36:01","slug":"riley-warme-beige-muts-merino-wol-unisex","status":"publish","type":"product","link":"https:\/\/frickin.nl\/de\/product\/riley-warme-beige-muts-merino-wol-unisex\/","title":{"rendered":"Riley - Warme beigefarbene M\u00fctze aus Merinowolle | Premium Qualit\u00e4t | K\u00f6stlich weich, atmungsaktiv und juckfrei | Unisex"},"content":{"rendered":"<h2 style=\"text-align: left\">Beige M\u00fctze Merinowolle - Riley<\/h2>\n<p>Die Riley-M\u00fctze kombiniert zeitlosen Stil mit ultimativem Komfort. Aus 100% Merinowolle gefertigt, f\u00fchlt sich diese M\u00fctze wunderbar weich an, isoliert hervorragend gegen K\u00e4lte und juckt nicht. Dank des Unisex-Designs passt die M\u00fctze sowohl M\u00e4nnern als auch Frauen perfekt und l\u00e4sst sich leicht mit jedem Winteroutfit kombinieren. Die beige Farbe verleiht ihr einen luxuri\u00f6sen, neutralen Look, der sich m\u00fchelos mit anderen Accessoires kombinieren l\u00e4sst.<\/p>\n<h3>Warum der Riley-Hut?<\/h3>\n<ul>\n<li class=\"bullet-checkmark\">100% Merinowolle: langlebig, warm und luxuri\u00f6s<\/li>\n<li class=\"bullet-checkmark\">Weich und bequem, ohne Juckreiz<\/li>\n<li class=\"bullet-checkmark\">Unisex-Design: geeignet f\u00fcr M\u00e4nner und Frauen<\/li>\n<li class=\"bullet-checkmark\">Modische Farben, leicht zu kombinieren<\/li>\n<li class=\"bullet-checkmark\">Perfekte Passform und ideal f\u00fcr den t\u00e4glichen Gebrauch<\/li>\n<\/ul>\n<h3>Bestellen Sie noch heute Ihren neuen Hut bei Frickin und profitieren Sie davon:<\/h3>\n<ul>\n<li class=\"bullet-checkmark\">Kostenloser Versand f\u00fcr alle Ihre Eink\u00e4ufe<\/li>\n<li class=\"bullet-checkmark\">Blitzschnelle Lieferung, vor 23:45 Uhr bestellt, wird noch heute versandt<\/li>\n<li class=\"bullet-checkmark\">Post-Pay mit vollem K\u00e4uferschutz<\/li>\n<li class=\"bullet-checkmark\">Von unseren Kunden mit 9,2 bewertet<\/li>\n<\/ul>\n<p>\ud83d\udca1 Style-Tipp: Kombinieren Sie den Riley-Hut mit dem <a href=\"https:\/\/frickin.nl\/de\/sammlung\/mutsen-en-sjaals\/\">passender Quinn-Schal<\/a> f\u00fcr ein komplettes, stilvolles Set. Ideal auch als Geschenk f\u00fcr die Feiertage oder einen besonderen Anlass.<\/p>","protected":false},"excerpt":{"rendered":"<p>Beige Muts Merino Wol \u2013 Riley De Riley muts combineert tijdloze stijl met het ultieme comfort. Gemaakt van 100% merino wool voelt deze muts heerlijk zacht aan, isoleert uitstekend tegen de kou en jeukt niet. Dankzij het unisex design staat de muts zowel mannen als vrouwen perfect en is hij eenvoudig te combineren met elke[&#8230;]\n","protected":false},"featured_media":31513,"comment_status":"closed","ping_status":"closed","template":"","meta":[],"product_brand":[],"product_cat":[254],"product_tag":[],"woo-feed-brand":[191],"class_list":{"0":"post-31527","1":"product","2":"type-product","3":"status-publish","4":"has-post-thumbnail","6":"product_cat-mutsen-en-sjaals","7":"woo-feed-brand-frickin","9":"first","10":"outofstock","11":"taxable","12":"shipping-taxable","13":"purchasable","14":"product-type-simple"},"_links":{"self":[{"href":"https:\/\/frickin.nl\/de\/wp-json\/wp\/v2\/product\/31527","targetHints":{"allow":["GET"]}}],"collection":[{"href":"https:\/\/frickin.nl\/de\/wp-json\/wp\/v2\/product"}],"about":[{"href":"https:\/\/frickin.nl\/de\/wp-json\/wp\/v2\/types\/product"}],"replies":[{"embeddable":true,"href":"https:\/\/frickin.nl\/de\/wp-json\/wp\/v2\/comments?post=31527"}],"wp:featuredmedia":[{"embeddable":true,"href":"https:\/\/frickin.nl\/de\/wp-json\/wp\/v2\/media\/31513"}],"wp:attachment":[{"href":"https:\/\/frickin.nl\/de\/wp-json\/wp\/v2\/media?parent=31527"}],"wp:term":[{"taxonomy":"product_brand","embeddable":true,"href":"https:\/\/frickin.nl\/de\/wp-json\/wp\/v2\/product_brand?post=31527"},{"taxonomy":"product_cat","embeddable":true,"href":"https:\/\/frickin.nl\/de\/wp-json\/wp\/v2\/product_cat?post=31527"},{"taxonomy":"product_tag","embeddable":true,"href":"https:\/\/frickin.nl\/de\/wp-json\/wp\/v2\/product_tag?post=31527"},{"taxonomy":"woo-feed-brand","embeddable":true,"href":"https:\/\/frickin.nl\/de\/wp-json\/wp\/v2\/woo-feed-brand?post=31527"}],"curies":[{"name":"wp","href":"https:\/\/api.w.org\/{rel}","templated":true}]}}