{"id":31652,"date":"2025-10-03T16:54:10","date_gmt":"2025-10-03T14:54:10","guid":{"rendered":"https:\/\/frickin.nl\/?post_type=product&#038;p=31652"},"modified":"2025-12-10T00:51:47","modified_gmt":"2025-12-09T23:51:47","slug":"aris-zwart-leren-laptoptas","status":"publish","type":"product","link":"https:\/\/frickin.nl\/de\/product\/aris-zwart-leren-laptoptas\/","title":{"rendered":"Aris - Schwarze Leder Laptop-Tasche 16 Zoll"},"content":{"rendered":"<h2 style=\"text-align: left\">Schwarze Laptop-Tasche aus Leder - Aris<\/h2>\n<p>Die Aris Laptoptasche ist die stilvolle und robuste Antwort f\u00fcr alle, die ihren Laptop sicher und elegant transportieren m\u00f6chten. Handgefertigt aus 100% Premium-Leder, strahlt diese Tasche Handwerkskunst und Qualit\u00e4t aus. Die robuste Konstruktion und das zeitlose Design sorgen daf\u00fcr, dass die Aris jahrelang h\u00e4lt. Sie ist praktisch genug f\u00fcr den t\u00e4glichen Gebrauch und ideal f\u00fcr Reisen. Egal, ob Sie auf dem Weg zur Arbeit, zu einem Gesch\u00e4ftstermin oder einem Wochenendausflug sind, in der Aris k\u00f6nnen Sie Ihren Laptop stilvoll und sicher transportieren.<\/p>\n<h3>Warum die Laptoptasche von Aris?<\/h3>\n<ul>\n<li class=\"bullet-checkmark\">Handgefertigt aus 100% Premium-Leder<\/li>\n<li class=\"bullet-checkmark\">Langlebiges Design, das jahrelang h\u00e4lt<\/li>\n<li class=\"bullet-checkmark\">Ideale Gr\u00f6\u00dfe (16 Zoll) f\u00fcr die sichere Aufbewahrung Ihres Laptops<\/li>\n<li class=\"bullet-checkmark\">Stilvolles Aussehen, geeignet f\u00fcr Arbeit und Reisen<\/li>\n<li class=\"bullet-checkmark\">Perfekt zu kombinieren mit unseren Lederaccessoires<\/li>\n<\/ul>\n<h3>Bestellen Sie noch heute Ihre neue Laptoptasche bei Frickin und profitieren Sie davon:<\/h3>\n<ul>\n<li class=\"bullet-checkmark\">Kostenloser Versand f\u00fcr alle Ihre Eink\u00e4ufe<\/li>\n<li class=\"bullet-checkmark\">Blitzschnelle Lieferung, vor 23:45 Uhr bestellt, wird noch heute versandt<\/li>\n<li class=\"bullet-checkmark\">Post-Pay mit vollem K\u00e4uferschutz<\/li>\n<li class=\"bullet-checkmark\">Von unseren Kunden mit 9,2 bewertet<\/li>\n<\/ul>\n<p>\ud83d\udca1 Style-Tipp: Vervollst\u00e4ndigen Sie Ihren Look mit unserem <a href=\"https:\/\/frickin.nl\/de\/sammlung\/mutsen-en-sjaals\/\">Leder-Accessoires<\/a>wie Handschuhe und G\u00fcrtel. So kreieren Sie einen stilvollen und stimmigen Look - perfekt f\u00fcr die Arbeit oder f\u00fcr unterwegs.<\/p>","protected":false},"excerpt":{"rendered":"<p>Zwart Leren Laptoptas \u2013 Aris De Aris laptoptas is h\u00e9t stijlvolle en duurzame antwoord voor wie zijn laptop veilig \u00e9n elegant wil meenemen. Met de hand vervaardigd uit 100% premium leer straalt deze tas vakmanschap en kwaliteit uit. De robuuste constructie en tijdloos design zorgen ervoor dat de Aris jarenlang meegaat, terwijl hij praktisch genoeg[&#8230;]\n","protected":false},"featured_media":31631,"comment_status":"closed","ping_status":"closed","template":"","meta":[],"product_brand":[],"product_cat":[256],"product_tag":[],"woo-feed-brand":[191],"class_list":{"0":"post-31652","1":"product","2":"type-product","3":"status-publish","4":"has-post-thumbnail","6":"product_cat-leren-tassen","7":"woo-feed-brand-frickin","9":"first","10":"instock","11":"taxable","12":"shipping-taxable","13":"purchasable","14":"product-type-simple"},"_links":{"self":[{"href":"https:\/\/frickin.nl\/de\/wp-json\/wp\/v2\/product\/31652","targetHints":{"allow":["GET"]}}],"collection":[{"href":"https:\/\/frickin.nl\/de\/wp-json\/wp\/v2\/product"}],"about":[{"href":"https:\/\/frickin.nl\/de\/wp-json\/wp\/v2\/types\/product"}],"replies":[{"embeddable":true,"href":"https:\/\/frickin.nl\/de\/wp-json\/wp\/v2\/comments?post=31652"}],"wp:featuredmedia":[{"embeddable":true,"href":"https:\/\/frickin.nl\/de\/wp-json\/wp\/v2\/media\/31631"}],"wp:attachment":[{"href":"https:\/\/frickin.nl\/de\/wp-json\/wp\/v2\/media?parent=31652"}],"wp:term":[{"taxonomy":"product_brand","embeddable":true,"href":"https:\/\/frickin.nl\/de\/wp-json\/wp\/v2\/product_brand?post=31652"},{"taxonomy":"product_cat","embeddable":true,"href":"https:\/\/frickin.nl\/de\/wp-json\/wp\/v2\/product_cat?post=31652"},{"taxonomy":"product_tag","embeddable":true,"href":"https:\/\/frickin.nl\/de\/wp-json\/wp\/v2\/product_tag?post=31652"},{"taxonomy":"woo-feed-brand","embeddable":true,"href":"https:\/\/frickin.nl\/de\/wp-json\/wp\/v2\/woo-feed-brand?post=31652"}],"curies":[{"name":"wp","href":"https:\/\/api.w.org\/{rel}","templated":true}]}}