{"id":31695,"date":"2025-10-03T17:03:29","date_gmt":"2025-10-03T15:03:29","guid":{"rendered":"https:\/\/frickin.nl\/?post_type=product&#038;p=31695"},"modified":"2025-10-03T17:12:16","modified_gmt":"2025-10-03T15:12:16","slug":"soren-leren-laptoptas-zwart-16-inch","status":"publish","type":"product","link":"https:\/\/frickin.nl\/de\/product\/soren-leren-laptoptas-zwart-16-inch\/","title":{"rendered":"Soren - Leder Laptop-Tasche Schwarz 16 Zoll"},"content":{"rendered":"<h2 style=\"text-align: left;\">Leder Laptop-Tasche Schwarz 16 Zoll - Soren<\/h2>\n<p>Die Laptoptasche Soren wurde f\u00fcr all jene entworfen, die Funktionalit\u00e4t und Stil miteinander verbinden m\u00f6chten. Sorgf\u00e4ltig handgefertigt aus 100% Premium-Leder, bietet diese Tasche einen modernen und professionellen Look. Dank des robusten Designs und der langlebigen Materialien ist Ihr Laptop sicher gesch\u00fctzt, egal ob Sie auf dem Weg ins B\u00fcro, zu einem Meeting oder auf einer internationalen Reise sind. Mit Platz f\u00fcr einen 16-Zoll-Laptop und andere wichtige Dinge ist die Soren ein praktischer und stilvoller Begleiter, der jahrelang halten wird.<\/p>\n<h3>Warum die Laptoptasche von Soren?<\/h3>\n<ul>\n<li class=\"bullet-checkmark\">Handgefertigt aus hochwertigem und strapazierf\u00e4higem Leder<\/li>\n<li class=\"bullet-checkmark\">Geeignet f\u00fcr Laptops bis zu 16 Zoll<\/li>\n<li class=\"bullet-checkmark\">Professionelles und modernes Aussehen<\/li>\n<li class=\"bullet-checkmark\">Robust und langlebig: f\u00fcr eine jahrelange Nutzung konzipiert<\/li>\n<li class=\"bullet-checkmark\">Kombinierbar mit unseren anderen Lederaccessoires<\/li>\n<\/ul>\n<h3>Bestellen Sie noch heute Ihre neue Laptoptasche bei Frickin und profitieren Sie davon:<\/h3>\n<ul>\n<li class=\"bullet-checkmark\">Kostenloser Versand f\u00fcr alle Ihre Eink\u00e4ufe<\/li>\n<li class=\"bullet-checkmark\">Blitzschnelle Lieferung, vor 23:45 Uhr bestellt, wird noch heute versandt<\/li>\n<li class=\"bullet-checkmark\">Post-Pay mit vollem K\u00e4uferschutz<\/li>\n<li class=\"bullet-checkmark\">Von unseren Kunden mit 9,2 bewertet<\/li>\n<\/ul>\n<p>\ud83d\udca1 Style-Tipp: Kombinieren Sie die Laptoptasche Soren mit unseren Lederhandschuhen und Accessoires f\u00fcr einen kompletten und stilvollen Business-Look. Perfekt f\u00fcr Reisen und ideal als luxuri\u00f6ses Geschenk.<\/p>","protected":false},"excerpt":{"rendered":"<p>Leren Laptoptas Zwart 16 Inch \u2013 Soren De Soren laptoptas is ontworpen voor wie functionaliteit en stijl wil combineren. Met zorg handgemaakt van 100% premium leer biedt deze tas een moderne en professionele uitstraling. Dankzij het stevige ontwerp en de duurzame materialen blijft je laptop veilig beschermd, of je nu onderweg bent naar kantoor, een[&#8230;]\n","protected":false},"featured_media":31672,"comment_status":"closed","ping_status":"closed","template":"","meta":[],"product_brand":[],"product_cat":[256],"product_tag":[],"woo-feed-brand":[],"class_list":{"0":"post-31695","1":"product","2":"type-product","3":"status-publish","4":"has-post-thumbnail","6":"product_cat-leren-tassen","8":"first","9":"instock","10":"taxable","11":"shipping-taxable","12":"purchasable","13":"product-type-simple"},"_links":{"self":[{"href":"https:\/\/frickin.nl\/de\/wp-json\/wp\/v2\/product\/31695","targetHints":{"allow":["GET"]}}],"collection":[{"href":"https:\/\/frickin.nl\/de\/wp-json\/wp\/v2\/product"}],"about":[{"href":"https:\/\/frickin.nl\/de\/wp-json\/wp\/v2\/types\/product"}],"replies":[{"embeddable":true,"href":"https:\/\/frickin.nl\/de\/wp-json\/wp\/v2\/comments?post=31695"}],"wp:featuredmedia":[{"embeddable":true,"href":"https:\/\/frickin.nl\/de\/wp-json\/wp\/v2\/media\/31672"}],"wp:attachment":[{"href":"https:\/\/frickin.nl\/de\/wp-json\/wp\/v2\/media?parent=31695"}],"wp:term":[{"taxonomy":"product_brand","embeddable":true,"href":"https:\/\/frickin.nl\/de\/wp-json\/wp\/v2\/product_brand?post=31695"},{"taxonomy":"product_cat","embeddable":true,"href":"https:\/\/frickin.nl\/de\/wp-json\/wp\/v2\/product_cat?post=31695"},{"taxonomy":"product_tag","embeddable":true,"href":"https:\/\/frickin.nl\/de\/wp-json\/wp\/v2\/product_tag?post=31695"},{"taxonomy":"woo-feed-brand","embeddable":true,"href":"https:\/\/frickin.nl\/de\/wp-json\/wp\/v2\/woo-feed-brand?post=31695"}],"curies":[{"name":"wp","href":"https:\/\/api.w.org\/{rel}","templated":true}]}}