{"id":521,"date":"2020-08-20T09:43:20","date_gmt":"2020-08-20T09:43:20","guid":{"rendered":"https:\/\/frickin.nl\/?post_type=product&#038;p=521"},"modified":"2026-04-17T02:37:20","modified_gmt":"2026-04-17T00:37:20","slug":"schwarz-leder-autohandschuhe-herren-f1","status":"publish","type":"product","link":"https:\/\/frickin.nl\/de\/product\/leren-autohandschoenen-heren-f1-zwart\/","title":{"rendered":"F1 (Herren) - Schwarze Leder-Autohandschuhe mit Touchscreen-Funktion, ausgeschnittenem R\u00fccken und Kn\u00f6chell\u00f6chern"},"content":{"rendered":"<h2 style=\"text-align: left;\">Leder-Autohandschuhe M\u00e4nner - F1<\/h2>\n<p>Beim Autofahren geht es nicht nur um das Ziel, sondern auch um die Reise selbst. Mit unseren F1-Auto-Handschuhen wird diese Reise zu einem echten Erlebnis. Diese stilvollen und exklusiven schwarzen Handschuhe f\u00fchlen sich wie eine zweite Haut an und sind perfekt f\u00fcr verschiedene Situationen, egal ob Sie in einem Cabrio, Auto, auf einem Motorrad oder auf einem Fahrrad unterwegs sind.<\/p>\n<p><strong>Hochwertiges Leder f\u00fcr ultimativen Komfort<\/strong><\/p>\n<p>Unsere F1-Autohandschuhe sind aus hochwertigem Schafsleder gefertigt. Dieses weiche und geschmeidige Leder passt sich perfekt an die Konturen Ihrer H\u00e4nde an, sodass sie sich wie eine Verl\u00e4ngerung Ihrer selbst f\u00fchlen. Das perforierte Leder mit ausgeschnittenem R\u00fccken und Kn\u00f6chell\u00f6chern l\u00e4sst Ihre H\u00e4nde atmen und verhindert \u00fcberm\u00e4\u00dfiges Schwitzen.<\/p>\n<p><strong>Verbesserte Griffigkeit und Sicherheit<\/strong><\/p>\n<p>Ein guter Griff am Lenkrad ist entscheidend f\u00fcr Ihre Sicherheit im Stra\u00dfenverkehr. F1-Autohandschuhe bieten auch unter schwierigen Bedingungen eine hervorragende Griffigkeit. Das erh\u00f6ht nicht nur Ihre Sicherheit, sondern macht auch jede Fahrt angenehmer.<\/p>\n<p><strong>Bequem und verbunden bleiben<\/strong><\/p>\n<p>In unserer modernen Zeit ist Konnektivit\u00e4t wichtig, auch beim Autofahren. Deshalb verf\u00fcgen die F1-Autohandschuhe \u00fcber eine Touchscreen-Funktionalit\u00e4t. So k\u00f6nnen Sie Ihr Telefon oder Navigationssystem ganz einfach bedienen, ohne die Handschuhe ausziehen zu m\u00fcssen.<\/p>\n<p><strong>W\u00e4hlen Sie Ihren Stil<\/strong><\/p>\n<p>Wir bei Frickin wissen, dass Stil wichtig ist. Deshalb bieten wir unsere F1-Auto-Handschuhe in verschiedenen Farben an, darunter Schwarz, Gelb, Wei\u00df und sogar Pink. So kannst du den <a href=\"https:\/\/frickin.nl\/de\/sammlung\/herren-handschuhe\/autohandschuhe-herren\/\">Auto-Handschuhe<\/a> w\u00e4hlen Sie die Handschuhe, die am besten zu Ihrem pers\u00f6nlichen Stil passen. Kurz gesagt, die F1-Autohandschuhe sind ein unverzichtbares Accessoire f\u00fcr jeden Autoliebhaber. Erh\u00f6hen Sie Ihren Komfort, Ihren Stil und Ihre Sicherheit auf der Stra\u00dfe mit diesen exklusiven Handschuhen, die in Ihrer Garderobe nicht fehlen sollten.<\/p>","protected":false},"excerpt":{"rendered":"<p><em><strong>Die F1 Lederhandschuhe f\u00fcr M\u00e4nner haben ein\u00a0<b>Ausgeschnittener R\u00fccken mit Kn\u00f6chell\u00f6chern<\/b>. Sie sind aus ungef\u00fcttertem Lammleder 100% gefertigt. Dank des perforierten Leders bieten sie den H\u00e4nden optimale Bel\u00fcftung und einen guten Halt am Lenker. Die Handschuhe sind au\u00dferdem mit allen Smartphones und Navigationssystemen kompatibel.<\/strong><\/em><\/p>","protected":false},"featured_media":10313,"comment_status":"open","ping_status":"closed","template":"","meta":[],"product_brand":[],"product_cat":[179,16,167,253,182],"product_tag":[220,96,80],"woo-feed-brand":[191],"class_list":{"0":"post-521","1":"product","2":"type-product","3":"status-publish","4":"has-post-thumbnail","6":"product_cat-autohandschoenen-heren","7":"product_cat-heren-handschoenen","8":"product_cat-leren-handschoenen-heren","9":"product_cat-scooterhandschoenen-heren","10":"product_cat-touchscreen-handschoenen-heren","11":"product_tag-autohandschoenen","12":"product_tag-smartphone-handschoenen","13":"product_tag-zwarte-handschoenen","14":"woo-feed-brand-frickin","16":"first","17":"outofstock","18":"featured","19":"taxable","20":"shipping-taxable","21":"purchasable","22":"product-type-variable","23":"has-default-attributes"},"_links":{"self":[{"href":"https:\/\/frickin.nl\/de\/wp-json\/wp\/v2\/product\/521","targetHints":{"allow":["GET"]}}],"collection":[{"href":"https:\/\/frickin.nl\/de\/wp-json\/wp\/v2\/product"}],"about":[{"href":"https:\/\/frickin.nl\/de\/wp-json\/wp\/v2\/types\/product"}],"replies":[{"embeddable":true,"href":"https:\/\/frickin.nl\/de\/wp-json\/wp\/v2\/comments?post=521"}],"wp:featuredmedia":[{"embeddable":true,"href":"https:\/\/frickin.nl\/de\/wp-json\/wp\/v2\/media\/10313"}],"wp:attachment":[{"href":"https:\/\/frickin.nl\/de\/wp-json\/wp\/v2\/media?parent=521"}],"wp:term":[{"taxonomy":"product_brand","embeddable":true,"href":"https:\/\/frickin.nl\/de\/wp-json\/wp\/v2\/product_brand?post=521"},{"taxonomy":"product_cat","embeddable":true,"href":"https:\/\/frickin.nl\/de\/wp-json\/wp\/v2\/product_cat?post=521"},{"taxonomy":"product_tag","embeddable":true,"href":"https:\/\/frickin.nl\/de\/wp-json\/wp\/v2\/product_tag?post=521"},{"taxonomy":"woo-feed-brand","embeddable":true,"href":"https:\/\/frickin.nl\/de\/wp-json\/wp\/v2\/woo-feed-brand?post=521"}],"curies":[{"name":"wp","href":"https:\/\/api.w.org\/{rel}","templated":true}]}}