{"id":5565,"date":"2020-11-04T12:21:15","date_gmt":"2020-11-04T12:21:15","guid":{"rendered":"https:\/\/frickin.nl\/?post_type=product&#038;p=5565"},"modified":"2026-04-23T03:01:52","modified_gmt":"2026-04-23T01:01:52","slug":"vegane-lederhandschuhe-damen-noah","status":"publish","type":"product","link":"https:\/\/frickin.nl\/de\/product\/vegan-leren-touchscreen-handschoenen-dames-noah\/","title":{"rendered":"Noah (Schwarz) - Vegane Damenhandschuhe aus Kunstleder mit Stulpe, Touchscreen und Fleece-Futter"},"content":{"rendered":"<h2 style=\"text-align: left;\">Exklusive Eleganz: Entdecken Sie Touchscreen-Handschuhe aus veganem Leder f\u00fcr Damen - Noah<\/h2>\n<p>\"Noah\", ein Name, der f\u00fcr Nachhaltigkeit und Stil steht, bietet diesen Winter eine elegante Option f\u00fcr umweltbewusste Damen. Diese schwarzen Handschuhe sind aus veganem Leder, auch bekannt als \u00d6ko-Leder oder Kunstleder, gefertigt. Wenn Sie kein echtes Leder tragen m\u00f6chten, sind diese Handschuhe genau das Richtige f\u00fcr Sie.Das Besondere an \"Noah\" ist die vielseitige und trendige H\u00fclle. Die Handschuhe k\u00f6nnen auf zwei Arten getragen werden: mit oder ohne Stulpe, so dass Sie immer Ihren eigenen Stil w\u00e4hlen und anpassen k\u00f6nnen, um zus\u00e4tzlichen Komfort oder W\u00e4rme zu erhalten. Sie sind die perfekte Erg\u00e4nzung f\u00fcr jedes Outfit, egal ob Sie einen legeren Tag oder eine lange Nacht vor sich haben.<\/p>\n<p>Mit ihrem warmen Fleece-Futter halten diese Handschuhe Ihre H\u00e4nde auch an den k\u00e4ltesten Tagen des Jahres kuschelig warm. Au\u00dferdem m\u00fcssen Sie nie wieder einen Anruf verpassen oder ein Status-Update in den sozialen Medien verz\u00f6gern, da die Handschuhe mit jedem Touchscreen-Ger\u00e4t kompatibel sind. Sie m\u00f6chten die Feiertage zu etwas ganz Besonderem machen? Dann \u00fcberraschen Sie Ihren Partner doch mit einem sch\u00f6nen Paar <a href=\"https:\/\/frickin.nl\/de\/sammlung\/herren-handschuhe\/vegane-herrenhandschuhe\/\">vegane Handschuhe f\u00fcr M\u00e4nner<\/a>wie zum Beispiel die <a href=\"https:\/\/frickin.nl\/de\/produkt\/vegane-lederhandschuhe-herren-logan\/\">Modell Logan<\/a>. Gemeinsam k\u00f6nnen Sie Stil, W\u00e4rme und Komfort genie\u00dfen, und Frickin ist von der Herstellung bis zur Lieferung CO2-neutral. Entscheiden Sie sich f\u00fcr Nog und begr\u00fc\u00dfen Sie den Winter mit Eleganz und Umweltfreundlichkeit.<\/p>\n<p>Denken Sie daran: Veganes Leder ist empfindlicher als echtes Leder. Seien Sie vorsichtig mit Wasser und vermeiden Sie raue oder scharfe Gegenst\u00e4nde, um Ihre Artikel in Top-Zustand zu halten.<\/p>","protected":false},"excerpt":{"rendered":"<p><em><strong>Touchscreen-Handschuhe aus veganem Leder Damen Noah. Hergestellt aus 100%-\u00d6ko-Leder und ausgestattet mit einem feinen, dicken Fleece-Futter, das Ihre H\u00e4nde warm h\u00e4lt, wenn die Temperaturen drau\u00dfen fallen. Die Touchscreen-Funktion funktioniert mit jedem Smartphone. Der Woll\u00e4rmel verleiht diesem Modell den letzten Schliff f\u00fcr Ihr Outfit.<\/strong><\/em><\/p>","protected":false},"featured_media":10455,"comment_status":"open","ping_status":"closed","template":"","meta":[],"product_brand":[],"product_cat":[17,183,180],"product_tag":[223,96,170,103,80],"woo-feed-brand":[191],"class_list":{"0":"post-5565","1":"product","2":"type-product","3":"status-publish","4":"has-post-thumbnail","6":"product_cat-dames-handschoenen","7":"product_cat-touchscreen-handschoenen-dames","8":"product_cat-vegan-handschoenen-dames","9":"product_tag-gevoerde-handschoenen","10":"product_tag-smartphone-handschoenen","11":"product_tag-waterdichte-handschoenen","12":"product_tag-winddichte-handschoenen","13":"product_tag-zwarte-handschoenen","14":"woo-feed-brand-frickin","16":"first","17":"outofstock","18":"taxable","19":"shipping-taxable","20":"purchasable","21":"product-type-variable","22":"has-default-attributes"},"_links":{"self":[{"href":"https:\/\/frickin.nl\/de\/wp-json\/wp\/v2\/product\/5565","targetHints":{"allow":["GET"]}}],"collection":[{"href":"https:\/\/frickin.nl\/de\/wp-json\/wp\/v2\/product"}],"about":[{"href":"https:\/\/frickin.nl\/de\/wp-json\/wp\/v2\/types\/product"}],"replies":[{"embeddable":true,"href":"https:\/\/frickin.nl\/de\/wp-json\/wp\/v2\/comments?post=5565"}],"wp:featuredmedia":[{"embeddable":true,"href":"https:\/\/frickin.nl\/de\/wp-json\/wp\/v2\/media\/10455"}],"wp:attachment":[{"href":"https:\/\/frickin.nl\/de\/wp-json\/wp\/v2\/media?parent=5565"}],"wp:term":[{"taxonomy":"product_brand","embeddable":true,"href":"https:\/\/frickin.nl\/de\/wp-json\/wp\/v2\/product_brand?post=5565"},{"taxonomy":"product_cat","embeddable":true,"href":"https:\/\/frickin.nl\/de\/wp-json\/wp\/v2\/product_cat?post=5565"},{"taxonomy":"product_tag","embeddable":true,"href":"https:\/\/frickin.nl\/de\/wp-json\/wp\/v2\/product_tag?post=5565"},{"taxonomy":"woo-feed-brand","embeddable":true,"href":"https:\/\/frickin.nl\/de\/wp-json\/wp\/v2\/woo-feed-brand?post=5565"}],"curies":[{"name":"wp","href":"https:\/\/api.w.org\/{rel}","templated":true}]}}