{"id":822,"date":"2020-08-25T14:34:21","date_gmt":"2020-08-25T14:34:21","guid":{"rendered":"https:\/\/frickin.nl\/?post_type=product&#038;p=822"},"modified":"2026-05-01T03:33:05","modified_gmt":"2026-05-01T01:33:05","slug":"leder-autohandschuhe-herren-f1-schwarz-braun","status":"publish","type":"product","link":"https:\/\/frickin.nl\/de\/product\/f1-zwart-bruin-leren-autohandschoenen-heren\/","title":{"rendered":"F1 (Herren) - Schwarze Leder-Autohandschuhe mit brauner Zierleiste, Touch-Funktion, ausgeschnittenem R\u00fccken und Kn\u00f6chell\u00f6chern"},"content":{"rendered":"<h2 style=\"text-align: left;\">Braunes Leder Auto Handschuhe M\u00e4nner - F1<\/h2>\n<p>Beim Autofahren geht es nicht nur um das Ziel, sondern auch um die Reise selbst. Mit unseren F1-Auto-Handschuhen wird diese Reise zu einem echten Erlebnis. Diese stilvollen und exklusiven schwarzen Handschuhe f\u00fchlen sich wie eine zweite Haut an und sind perfekt f\u00fcr verschiedene Situationen, egal ob Sie in einem Cabrio, Auto, auf einem Motorrad oder auf einem Fahrrad unterwegs sind.<\/p>\n<p><strong>Hochwertiges Leder f\u00fcr ultimativen Komfort<\/strong><\/p>\n<p>Unsere F1-Autohandschuhe sind aus hochwertigem Schafsleder gefertigt. Dieses weiche und geschmeidige Leder passt sich perfekt an die Konturen Ihrer H\u00e4nde an, sodass sie sich wie eine Verl\u00e4ngerung Ihrer selbst f\u00fchlen. Das perforierte Leder mit ausgeschnittenem R\u00fccken und Kn\u00f6chell\u00f6chern l\u00e4sst Ihre H\u00e4nde atmen und verhindert \u00fcberm\u00e4\u00dfiges Schwitzen.<\/p>\n<p><strong>Verbesserte Griffigkeit und Sicherheit<\/strong><\/p>\n<p>Ein guter Griff am Lenkrad ist entscheidend f\u00fcr Ihre Sicherheit im Stra\u00dfenverkehr. F1-Autohandschuhe bieten auch unter schwierigen Bedingungen eine hervorragende Griffigkeit. Das erh\u00f6ht nicht nur Ihre Sicherheit, sondern macht auch jede Fahrt angenehmer.<\/p>\n<p><strong>Bequem und verbunden bleiben<\/strong><\/p>\n<p>In unserer modernen Zeit ist Konnektivit\u00e4t wichtig, auch beim Autofahren. Deshalb verf\u00fcgen die F1-Autohandschuhe \u00fcber eine Touchscreen-Funktionalit\u00e4t. So k\u00f6nnen Sie Ihr Telefon oder Navigationssystem ganz einfach bedienen, ohne die Handschuhe ausziehen zu m\u00fcssen.<\/p>\n<p><strong>W\u00e4hlen Sie Ihren Stil<\/strong><\/p>\n<p>Wir bei Frickin wissen, dass Stil wichtig ist. Deshalb bieten wir unsere F1-Auto-Handschuhe in verschiedenen Farben an, darunter Schwarz, Gelb, Wei\u00df und sogar Pink. So kannst du den <a href=\"https:\/\/frickin.nl\/de\/sammlung\/herren-handschuhe\/autohandschuhe-herren\/\">Auto-Handschuhe<\/a> w\u00e4hlen Sie die Handschuhe, die am besten zu Ihrem pers\u00f6nlichen Stil passen. Kurz gesagt, die F1-Autohandschuhe sind ein unverzichtbares Accessoire f\u00fcr jeden Autoliebhaber. Erh\u00f6hen Sie Ihren Komfort, Ihren Stil und Ihre Sicherheit auf der Stra\u00dfe mit diesen exklusiven Handschuhen, die in Ihrer Garderobe nicht fehlen sollten.<\/p>","protected":false},"excerpt":{"rendered":"<p><em><strong>Die F1 Men's Black\/Brown Leather Car Gloves f\u00fchlen sich wie eine zweite Haut an und bieten dank des ungef\u00fctterten und perforierten Lammleders optimalen Halt am Steuer. Die\u00a0<b>Ausgeschnittener R\u00fccken und Kn\u00f6chell\u00f6cher<\/b> f\u00fcr eine gute Bel\u00fcftung sorgen, damit Schwitzen der Vergangenheit angeh\u00f6rt. Dar\u00fcber hinaus k\u00f6nnen Sie dank der praktischen Touchscreen-Funktion, die im Leder verarbeitet ist, ein Smartphone oder ein Navigationssystem bequem bedienen. Kurzum, dieses Zubeh\u00f6r ist ein Muss f\u00fcr jeden Autoliebhaber.<\/strong><\/em><\/p>","protected":false},"featured_media":10527,"comment_status":"open","ping_status":"closed","template":"","meta":[],"product_brand":[],"product_cat":[16,179,167,253,182],"product_tag":[220,203,96,80],"woo-feed-brand":[191],"class_list":{"0":"post-822","1":"product","2":"type-product","3":"status-publish","4":"has-post-thumbnail","6":"product_cat-heren-handschoenen","7":"product_cat-autohandschoenen-heren","8":"product_cat-leren-handschoenen-heren","9":"product_cat-scooterhandschoenen-heren","10":"product_cat-touchscreen-handschoenen-heren","11":"product_tag-autohandschoenen","12":"product_tag-bruine-handschoenen","13":"product_tag-smartphone-handschoenen","14":"product_tag-zwarte-handschoenen","15":"woo-feed-brand-frickin","17":"first","18":"outofstock","19":"taxable","20":"shipping-taxable","21":"purchasable","22":"product-type-variable","23":"has-default-attributes"},"_links":{"self":[{"href":"https:\/\/frickin.nl\/de\/wp-json\/wp\/v2\/product\/822","targetHints":{"allow":["GET"]}}],"collection":[{"href":"https:\/\/frickin.nl\/de\/wp-json\/wp\/v2\/product"}],"about":[{"href":"https:\/\/frickin.nl\/de\/wp-json\/wp\/v2\/types\/product"}],"replies":[{"embeddable":true,"href":"https:\/\/frickin.nl\/de\/wp-json\/wp\/v2\/comments?post=822"}],"wp:featuredmedia":[{"embeddable":true,"href":"https:\/\/frickin.nl\/de\/wp-json\/wp\/v2\/media\/10527"}],"wp:attachment":[{"href":"https:\/\/frickin.nl\/de\/wp-json\/wp\/v2\/media?parent=822"}],"wp:term":[{"taxonomy":"product_brand","embeddable":true,"href":"https:\/\/frickin.nl\/de\/wp-json\/wp\/v2\/product_brand?post=822"},{"taxonomy":"product_cat","embeddable":true,"href":"https:\/\/frickin.nl\/de\/wp-json\/wp\/v2\/product_cat?post=822"},{"taxonomy":"product_tag","embeddable":true,"href":"https:\/\/frickin.nl\/de\/wp-json\/wp\/v2\/product_tag?post=822"},{"taxonomy":"woo-feed-brand","embeddable":true,"href":"https:\/\/frickin.nl\/de\/wp-json\/wp\/v2\/woo-feed-brand?post=822"}],"curies":[{"name":"wp","href":"https:\/\/api.w.org\/{rel}","templated":true}]}}