{"id":915,"date":"2020-08-28T10:40:29","date_gmt":"2020-08-28T10:40:29","guid":{"rendered":"https:\/\/frickin.nl\/?post_type=product&#038;p=915"},"modified":"2026-04-29T17:50:24","modified_gmt":"2026-04-29T15:50:24","slug":"schwarze-lederhandschuhe-herren-jack","status":"publish","type":"product","link":"https:\/\/frickin.nl\/de\/product\/zwarte-leren-heren-handschoenen-kasjmier-jack\/","title":{"rendered":"Jack (Schwarz) - Lederhandschuhe Herren aus Ziegenleder mit Wollfutter, G\u00fcrtel und Touchscreen-Funktion"},"content":{"rendered":"<h2 style=\"text-align: left;\">Schwarze Lederhandschuhe f\u00fcr M\u00e4nner - Jack<\/h2>\n<p>Die schwarzen Lederhandschuhe Jack f\u00fcr Herren sind f\u00fcr M\u00e4nner gemacht, die Stil mit einer robusten Kante lieben. Das grobe Muster des Ziegenleders sorgt f\u00fcr einen robusten Look, w\u00e4hrend das warme Wollfutter daf\u00fcr sorgt, dass sich Ihre H\u00e4nde angenehm und luxuri\u00f6s anf\u00fchlen. Au\u00dferdem sind die Handschuhe Touchscreen-kompatibel, so dass Sie Ihr Smartphone bequem bedienen k\u00f6nnen, ohne die Handschuhe ausziehen zu m\u00fcssen. Dank des verstellbaren Riemens sitzen sie perfekt, und das wind- und wasserdichte Design macht sie zu einer idealen Wahl f\u00fcr den t\u00e4glichen Gebrauch sowie f\u00fcr besondere Anl\u00e4sse.<\/p>\n<h3>Warum die Handschuhe Jack?<\/h3>\n<ul>\n<li class=\"bullet-checkmark\">Premium-Ziegenleder mit grober Narbung f\u00fcr einen robusten Look<\/li>\n<li class=\"bullet-checkmark\">Luxuri\u00f6ses 40g-Wollfutter f\u00fcr W\u00e4rme und Komfort<\/li>\n<li class=\"bullet-checkmark\">Wind- und wasserdicht: allwettertauglich<\/li>\n<li class=\"bullet-checkmark\">Steuern Sie Ihr Smartphone mit Handschuhen \u00fcber den Touchscreen<\/li>\n<li class=\"bullet-checkmark\">Perfekter Sitz dank verstellbarem Gurt<\/li>\n<\/ul>\n<h3>Bestellen Sie noch heute Ihre neuen Handschuhe bei Frickin und profitieren Sie davon:<\/h3>\n<ul>\n<li class=\"bullet-checkmark\">Kostenloser Versand f\u00fcr alle Ihre Eink\u00e4ufe<\/li>\n<li class=\"bullet-checkmark\">Blitzschnelle Lieferung, vor 23:45 Uhr bestellt, wird noch heute versandt<\/li>\n<li class=\"bullet-checkmark\">Post-Pay mit vollem K\u00e4uferschutz<\/li>\n<li class=\"bullet-checkmark\">Von unseren Kunden mit 9,2 bewertet<\/li>\n<\/ul>\n<p>\ud83d\udca1 Style-Tipp: Sie suchen eine engere Passform ohne G\u00fcrtel? <a href=\"https:\/\/frickin.nl\/de\/produkt\/leder-winterhandschuhe-herren-james\/\">Entdecken Sie unsere James-Handschuhe<\/a>. Sie m\u00f6chten Ihr Winteroutfit vervollst\u00e4ndigen? Kombinieren Sie Jack mit unserem <a href=\"https:\/\/frickin.nl\/de\/sammlung\/mutsen-en-sjaals\/\">M\u00fctzen und Schals aus Merinowolle<\/a> f\u00fcr einen stilvollen Look von Kopf bis Fu\u00df.<\/p>","protected":false},"excerpt":{"rendered":"<p><em><strong>Diese schwarzen Lederhandschuhe Jack sind aus 100% geschmeidigem und starkem Ziegenleder gefertigt, das einen guten Schutz gegen Wetter und Wind bietet. Die Handschuhe sind daher wasser- und winddicht. Kalte H\u00e4nde und Finger geh\u00f6ren dank des 40 Gramm dicken Naturfutters aus Wolle der Vergangenheit an. Der nat\u00fcrliche Stoff l\u00e4sst die H\u00e4nde atmen und verhindert klamme oder schwitzende Finger. Das Modell Jack ist somit der letzte Schliff f\u00fcr Ihr Outfit!<\/strong><\/em><\/p>","protected":false},"featured_media":31387,"comment_status":"open","ping_status":"closed","template":"","meta":[],"product_brand":[],"product_cat":[16,167,253,182,252],"product_tag":[223,170,103,80],"woo-feed-brand":[191],"class_list":{"0":"post-915","1":"product","2":"type-product","3":"status-publish","4":"has-post-thumbnail","6":"product_cat-heren-handschoenen","7":"product_cat-leren-handschoenen-heren","8":"product_cat-scooterhandschoenen-heren","9":"product_cat-touchscreen-handschoenen-heren","10":"product_cat-winterhandschoenen-heren","11":"product_tag-gevoerde-handschoenen","12":"product_tag-waterdichte-handschoenen","13":"product_tag-winddichte-handschoenen","14":"product_tag-zwarte-handschoenen","15":"woo-feed-brand-frickin","17":"first","18":"outofstock","19":"featured","20":"taxable","21":"shipping-taxable","22":"purchasable","23":"product-type-variable","24":"has-default-attributes"},"_links":{"self":[{"href":"https:\/\/frickin.nl\/de\/wp-json\/wp\/v2\/product\/915","targetHints":{"allow":["GET"]}}],"collection":[{"href":"https:\/\/frickin.nl\/de\/wp-json\/wp\/v2\/product"}],"about":[{"href":"https:\/\/frickin.nl\/de\/wp-json\/wp\/v2\/types\/product"}],"replies":[{"embeddable":true,"href":"https:\/\/frickin.nl\/de\/wp-json\/wp\/v2\/comments?post=915"}],"wp:featuredmedia":[{"embeddable":true,"href":"https:\/\/frickin.nl\/de\/wp-json\/wp\/v2\/media\/31387"}],"wp:attachment":[{"href":"https:\/\/frickin.nl\/de\/wp-json\/wp\/v2\/media?parent=915"}],"wp:term":[{"taxonomy":"product_brand","embeddable":true,"href":"https:\/\/frickin.nl\/de\/wp-json\/wp\/v2\/product_brand?post=915"},{"taxonomy":"product_cat","embeddable":true,"href":"https:\/\/frickin.nl\/de\/wp-json\/wp\/v2\/product_cat?post=915"},{"taxonomy":"product_tag","embeddable":true,"href":"https:\/\/frickin.nl\/de\/wp-json\/wp\/v2\/product_tag?post=915"},{"taxonomy":"woo-feed-brand","embeddable":true,"href":"https:\/\/frickin.nl\/de\/wp-json\/wp\/v2\/woo-feed-brand?post=915"}],"curies":[{"name":"wp","href":"https:\/\/api.w.org\/{rel}","templated":true}]}}