{"id":10012,"date":"2021-08-09T17:52:44","date_gmt":"2021-08-09T17:52:44","guid":{"rendered":"https:\/\/frickin.nl\/?page_id=10012"},"modified":"2025-04-11T19:16:32","modified_gmt":"2025-04-11T17:16:32","slug":"partenaire-b2b","status":"publish","type":"page","link":"https:\/\/frickin.nl\/fr\/b2b-partner\/","title":{"rendered":"Partenaire B2B"},"content":{"rendered":"<section class=\"section\" id=\"section_62125284\">\n\t\t<div class=\"section-bg fill\" >\n\t\t\t\t\t\t\t\t\t\n\t\t\t\n\n\t\t<\/div>\n\n\t\t\n\n\t\t<div class=\"section-content relative\">\n\t\t\t\n\n\t<div id=\"text-2794519567\" class=\"text\">\n\t\t\n\n<h1>Partenaire B2B ?<\/h1>\n\t\t\n<style>\n#text-2794519567 {\n  font-size: 1.75rem;\n  text-align: center;\n}\n<\/style>\n\t<\/div>\n\t\n<div class=\"row align-center\" style=\"max-width:1200px\" id=\"row-911549006\">\n\n\n\t<div id=\"col-2005925127\" class=\"col medium-10 small-12 large-10\"  >\n\t\t\t\t<div class=\"col-inner\"  >\n\t\t\t\n\t\t\t\n\n\t<div id=\"text-2901552475\" class=\"text\">\n\t\t\n\n<h6>&nbsp;coop\u00e9ration entre entreprises<\/h6>\n\t\t\n<style>\n#text-2901552475 {\n  font-size: 1.1rem;\n  text-align: center;\n}\n<\/style>\n\t<\/div>\n\t\n\t<div id=\"gap-702560008\" class=\"gap-element clearfix\" style=\"display:block; height:auto;\">\n\t\t\n<style>\n#gap-702560008 {\n  padding-top: 10px;\n}\n<\/style>\n\t<\/div>\n\t\n\n\t<div id=\"text-1652568506\" class=\"text\">\n\t\t\n\n<ul class=\"ul2\">\n<li class=\"li3 bullet-star\" style=\"text-align: left;\">Num\u00e9ro 1 en mati\u00e8re de gants<\/li>\n<li class=\"li3 bullet-star\" style=\"text-align: left;\">Excellentes conditions<\/li>\n<li class=\"li3 bullet-star\" style=\"text-align: left;\">Le meilleur service<\/li>\n<\/ul>\n<h2 style=\"text-align: left;\">Partenaire B2B<\/h2>\n<p style=\"text-align: left;\">Votre entreprise est-elle sp\u00e9cialis\u00e9e dans les produits de mode et\/ou les accessoires ? Vous souhaitez faire d\u00e9couvrir \u00e0 vos clients les produits Frickin's et les inclure dans votre gamme de produits ? Alors, remplissez le formulaire ci-dessous et notre repr\u00e9sentant vous \u00e9tonnera par ses excellentes conditions et son service !<\/p>\n<h2 style=\"text-align: left;\"><span style=\"font-size: 23.04px; color: #333333;\">Demande d'affaires<\/span><\/h2>\n<p style=\"text-align: left;\">Vous cherchez une bonne alternative aux paniers de No\u00ebl classiques et vous voulez quelque chose de diff\u00e9rent ? Frickin offre \u00e0 votre entreprise la possibilit\u00e9 de surprendre votre personnel \u00e0 No\u00ebl avec un cadeau chaleureux, une paire de gants en cuir v\u00e9ritable. Et la meilleure partie ? Nous offrons cette possibilit\u00e9 \u00e0 partir de 10 paires seulement !\u00a0\u00a0<\/p>\n<h2 style=\"text-align: left;\">Presse et m\u00e9dias<\/h2>\n<p style=\"text-align: left;\">Souhaitez-vous pr\u00eater attention \u00e0 Frickin et nous mentionner dans un m\u00e9dia ou utiliser nos supports num\u00e9riques ? Frickin est ouvert \u00e0 toute forme de publication. Vous voulez une interview de Frickin ou vous souhaitez emprunter un de nos produits pour un article ? Alors, contactez-nous directement !<\/p>\n<h2 style=\"text-align: left;\">Devenir partenaire<\/h2>\n<p style=\"text-align: left;\">Voulez-vous Frickin, le num\u00e9ro 1 en <a href=\"https:\/\/frickin.nl\/fr\/lerecueil\/gants-hommes-2\/\">Messieurs<\/a> et <a href=\"https:\/\/frickin.nl\/fr\/lerecueil\/gants-femme-6\/\">gants pour femmes<\/a> avec une \u00e9dition limit\u00e9e repr\u00e9senter en ligne sur vos canaux de m\u00e9dias sociaux tels que facebook, instagram, Youtube ou sur nos <a href=\"https:\/\/frickin.nl\/fr\/blog\/\">blog<\/a>? Alors renseignez-vous sur nos possibilit\u00e9s de partenariat d\u00e8s maintenant et qui sait, vous pourriez bient\u00f4t devenir un Frickin' Buddy !\u00a0<\/p>\n<h2 style=\"text-align: left;\"><br \/><br \/><\/h2>\n\t\t\n<style>\n#text-1652568506 {\n  text-align: center;\n}\n<\/style>\n\t<\/div>\n\t\n<div class=\"row align-center\"  id=\"row-847857580\">\n\n\n\t<div id=\"col-1601264544\" class=\"col medium-12 small-12 large-10\"  >\n\t\t\t\t<div class=\"col-inner text-center\"  >\n\t\t\t\n\t\t\t\n\n\t<div id=\"gap-1664811496\" class=\"gap-element clearfix\" style=\"display:block; height:auto;\">\n\t\t\n<style>\n#gap-1664811496 {\n  padding-top: 40px;\n}\n<\/style>\n\t<\/div>\n\t\n\n\t<div id=\"text-382544948\" class=\"text\">\n\t\t\n\n<h4><span style=\"color: #000000;\">Ces entreprises sont pass\u00e9es avant vous :<\/span><\/h4>\n\t\t\n<style>\n#text-382544948 {\n  font-size: 1rem;\n}\n<\/style>\n\t<\/div>\n\t\n\t<div id=\"gap-1927752106\" class=\"gap-element clearfix\" style=\"display:block; height:auto;\">\n\t\t\n<style>\n#gap-1927752106 {\n  padding-top: 25px;\n}\n@media (min-width:550px) {\n  #gap-1927752106 {\n    padding-top: 20px;\n  }\n}\n<\/style>\n\t<\/div>\n\t\n\n<div class=\"row row-large\"  id=\"row-419213426\">\n\n\n\t<div id=\"col-657170480\" class=\"col medium-3 small-6 large-3\"  >\n\t\t\t\t<div class=\"col-inner\"  >\n\t\t\t\n\t\t\t\n\n\t<div class=\"img has-hover x md-x lg-x y md-y lg-y\" id=\"image_410349891\">\n\t\t<a class=\"\" href=\"https:\/\/www.fashionchick.nl\/fashionnews\/frickin-houdt-je-warm-deze-winter-met-luxe-handschoenen\/\" target=\"_blank\" rel=\"noopener nofollow\">\t\t\t\t\t\t<div class=\"img-inner dark\" >\n\t\t\t<img loading=\"lazy\" decoding=\"async\" width=\"895\" height=\"365\" src=\"https:\/\/frickin.nl\/wp-content\/uploads\/2022\/03\/fashionchick-nl-logo-895x365-1.png\" class=\"attachment-large size-large\" alt=\"gants de partenaire b2b vus sur\" srcset=\"https:\/\/frickin.nl\/wp-content\/uploads\/2022\/03\/fashionchick-nl-logo-895x365-1.png 895w, https:\/\/frickin.nl\/wp-content\/uploads\/2022\/03\/fashionchick-nl-logo-895x365-1-300x122.png 300w, https:\/\/frickin.nl\/wp-content\/uploads\/2022\/03\/fashionchick-nl-logo-895x365-1-768x313.png 768w, https:\/\/frickin.nl\/wp-content\/uploads\/2022\/03\/fashionchick-nl-logo-895x365-1-510x208.png 510w\" sizes=\"auto, (max-width: 895px) 100vw, 895px\" \/>\t\t\t\t\t\t\n\t\t\t\t\t<\/div>\n\t\t\t\t\t\t<\/a>\t\t\n<style>\n#image_410349891 {\n  width: 90%;\n}\n<\/style>\n\t<\/div>\n\t\n\n\n\t\t<\/div>\n\t\t\t\t\t<\/div>\n\n\t\n\n\t<div id=\"col-111817103\" class=\"col medium-3 small-6 large-3\"  >\n\t\t\t\t<div class=\"col-inner\"  >\n\t\t\t\n\t\t\t\n\n\t<div class=\"img has-hover x md-x lg-x y md-y lg-y\" id=\"image_1052280884\">\n\t\t<a class=\"\" href=\"https:\/\/fhm.nl\/frickin-handschoenen\/\" target=\"_blank\" rel=\"noopener nofollow\">\t\t\t\t\t\t<div class=\"img-inner dark\" >\n\t\t\t<img loading=\"lazy\" decoding=\"async\" width=\"452\" height=\"143\" src=\"https:\/\/frickin.nl\/wp-content\/uploads\/2022\/03\/fhm-logo-black.png\" class=\"attachment-large size-large\" alt=\"gants de partenaire b2b vus sur\" srcset=\"https:\/\/frickin.nl\/wp-content\/uploads\/2022\/03\/fhm-logo-black.png 452w, https:\/\/frickin.nl\/wp-content\/uploads\/2022\/03\/fhm-logo-black-300x95.png 300w\" sizes=\"auto, (max-width: 452px) 100vw, 452px\" \/>\t\t\t\t\t\t\n\t\t\t\t\t<\/div>\n\t\t\t\t\t\t<\/a>\t\t\n<style>\n#image_1052280884 {\n  width: 90%;\n}\n<\/style>\n\t<\/div>\n\t\n\n\n\t\t<\/div>\n\t\t\t\t\t<\/div>\n\n\t\n\n\t<div id=\"col-312427481\" class=\"col medium-3 small-6 large-3\"  >\n\t\t\t\t<div class=\"col-inner\"  >\n\t\t\t\n\t\t\t\n\n\t<div class=\"img has-hover x md-x lg-x y md-y lg-y\" id=\"image_406708526\">\n\t\t\t\t\t\t\t\t<div class=\"img-inner dark\" >\n\t\t\t<img loading=\"lazy\" decoding=\"async\" width=\"440\" height=\"161\" src=\"https:\/\/frickin.nl\/wp-content\/uploads\/2022\/03\/VD_logo.svg.png\" class=\"attachment-large size-large\" alt=\"gants de partenaire b2b vus sur\" srcset=\"https:\/\/frickin.nl\/wp-content\/uploads\/2022\/03\/VD_logo.svg.png 440w, https:\/\/frickin.nl\/wp-content\/uploads\/2022\/03\/VD_logo.svg-300x110.png 300w\" sizes=\"auto, (max-width: 440px) 100vw, 440px\" \/>\t\t\t\t\t\t\n\t\t\t\t\t<\/div>\n\t\t\t\t\t\t\t\t\n<style>\n#image_406708526 {\n  width: 90%;\n}\n<\/style>\n\t<\/div>\n\t\n\n\n\t\t<\/div>\n\t\t\t\t\t<\/div>\n\n\t\n\n\t<div id=\"col-1891541714\" class=\"col medium-3 small-6 large-3\"  >\n\t\t\t\t<div class=\"col-inner\"  >\n\t\t\t\n\t\t\t\n\n\t<div class=\"img has-hover x md-x lg-x y md-y lg-y\" id=\"image_1611213946\">\n\t\t\t\t\t\t\t\t<div class=\"img-inner dark\" >\n\t\t\t<img loading=\"lazy\" decoding=\"async\" width=\"1020\" height=\"244\" src=\"https:\/\/frickin.nl\/wp-content\/uploads\/2022\/03\/Bol.com_logo.svg-1024x245.png\" class=\"attachment-large size-large\" alt=\"gants de partenaire b2b vus sur\" srcset=\"https:\/\/frickin.nl\/wp-content\/uploads\/2022\/03\/Bol.com_logo.svg-1024x245.png 1024w, https:\/\/frickin.nl\/wp-content\/uploads\/2022\/03\/Bol.com_logo.svg-300x72.png 300w, https:\/\/frickin.nl\/wp-content\/uploads\/2022\/03\/Bol.com_logo.svg-768x184.png 768w, https:\/\/frickin.nl\/wp-content\/uploads\/2022\/03\/Bol.com_logo.svg-1536x368.png 1536w, https:\/\/frickin.nl\/wp-content\/uploads\/2022\/03\/Bol.com_logo.svg-510x122.png 510w, https:\/\/frickin.nl\/wp-content\/uploads\/2022\/03\/Bol.com_logo.svg.png 1600w\" sizes=\"auto, (max-width: 1020px) 100vw, 1020px\" \/>\t\t\t\t\t\t\n\t\t\t\t\t<\/div>\n\t\t\t\t\t\t\t\t\n<style>\n#image_1611213946 {\n  width: 90%;\n}\n<\/style>\n\t<\/div>\n\t\n\n\n\t\t<\/div>\n\t\t\t\t\t<\/div>\n\n\t\n\n<\/div>\n\n\t\t<\/div>\n\t\t\t\t\n<style>\n#col-1601264544 > .col-inner {\n  margin: 0px 0px -39px 0px;\n}\n<\/style>\n\t<\/div>\n\n\t\n\n<\/div>\n\n\t\t<\/div>\n\t\t\t\t\t<\/div>\n\n\t\n\n<\/div>\n\n\t\t<\/div>\n\n\t\t\n<style>\n#section_62125284 {\n  padding-top: 30px;\n  padding-bottom: 30px;\n}\n<\/style>\n\t<\/section>\n\t\n\n\t<section class=\"section dark\" id=\"section_1620543846\">\n\t\t<div class=\"section-bg fill\" >\n\t\t\t\t\t\t\t\t\t\n\t\t\t\n\n\t\t<\/div>\n\n\t\t\n\n\t\t<div class=\"section-content relative\">\n\t\t\t\n\n\t<div id=\"gap-398710754\" class=\"gap-element clearfix\" style=\"display:block; height:auto;\">\n\t\t\n<style>\n#gap-398710754 {\n  padding-top: 30px;\n}\n<\/style>\n\t<\/div>\n\t\n\n<div class=\"row align-bottom\" style=\"max-width:1200px\" id=\"row-1136805495\">\n\n\n\t<div id=\"col-920149613\" class=\"col medium-12 small-12 large-12\"  >\n\t\t\t\t<div class=\"col-inner\"  >\n\t\t\t\n\t\t\t\n\n\t<div id=\"text-2416401656\" class=\"text\">\n\t\t\n\n\n<div class=\"wpcf7 no-js\" id=\"wpcf7-f10018-o1\" lang=\"nl-NL\" dir=\"ltr\" data-wpcf7-id=\"10018\">\n<div class=\"screen-reader-response\"><p role=\"status\" aria-live=\"polite\" aria-atomic=\"true\"><\/p> <ul><\/ul><\/div>\n<form action=\"\/fr\/wp-json\/wp\/v2\/pages\/10012#wpcf7-f10018-o1\" method=\"post\" class=\"wpcf7-form init\" aria-label=\"Formulaire de contact\" novalidate=\"novalidate\" data-status=\"init\" data-trp-original-action=\"\/fr\/wp-json\/wp\/v2\/pages\/10012#wpcf7-f10018-o1\">\n<fieldset class=\"hidden-fields-container\"><input type=\"hidden\" name=\"_wpcf7\" value=\"10018\" \/><input type=\"hidden\" name=\"_wpcf7_version\" value=\"6.1.5\" \/><input type=\"hidden\" name=\"_wpcf7_locale\" value=\"nl_NL\" \/><input type=\"hidden\" name=\"_wpcf7_unit_tag\" value=\"wpcf7-f10018-o1\" \/><input type=\"hidden\" name=\"_wpcf7_container_post\" value=\"0\" \/><input type=\"hidden\" name=\"_wpcf7_posted_data_hash\" value=\"\" \/>\n<\/fieldset>\n<p><label> Nom*<br \/>\n<span class=\"wpcf7-form-control-wrap\" data-name=\"your-name\"><input size=\"40\" maxlength=\"400\" class=\"wpcf7-form-control wpcf7-text wpcf7-validates-as-required\" aria-required=\"true\" aria-invalid=\"false\" value=\"\" type=\"text\" name=\"your-name\" \/><\/span> <\/label>\n<\/p>\n<p><label> Courriel*<br \/>\n<span class=\"wpcf7-form-control-wrap\" data-name=\"your-email\"><input size=\"40\" maxlength=\"400\" class=\"wpcf7-form-control wpcf7-email wpcf7-validates-as-required wpcf7-text wpcf7-validates-as-email\" aria-required=\"true\" aria-invalid=\"false\" value=\"\" type=\"email\" name=\"your-email\" \/><\/span> <\/label>\n<\/p>\n<p><label> Sujet<br \/>\n<span class=\"wpcf7-form-control-wrap\" data-name=\"your-subject\"><input size=\"40\" maxlength=\"400\" class=\"wpcf7-form-control wpcf7-text\" aria-invalid=\"false\" value=\"\" type=\"text\" name=\"your-subject\" \/><\/span> <\/label>\n<\/p>\n<p><label> Question<br \/>\n<span class=\"wpcf7-form-control-wrap\" data-name=\"your-message\"><textarea cols=\"40\" rows=\"10\" maxlength=\"2000\" class=\"wpcf7-form-control wpcf7-textarea\" aria-invalid=\"false\" name=\"your-message\"><\/textarea><\/span> <\/label>\n<\/p>\n<p><input class=\"wpcf7-form-control wpcf7-submit has-spinner\" type=\"submit\" value=\"Envoyer\" \/>\n<\/p><div class=\"wpcf7-response-output\" aria-hidden=\"true\"><\/div>\n<input type=\"hidden\" name=\"trp-form-language\" value=\"fr\"\/><\/form>\n<\/div>\n\n\t\t\n<style>\n#text-2416401656 {\n  font-size: 1.1rem;\n  text-align: left;\n}\n<\/style>\n\t<\/div>\n\t\n\n\t\t<\/div>\n\t\t\t\t\t<\/div>\n\n\t\n\n<\/div>\n\n\t\t<\/div>\n\n\t\t\n<style>\n#section_1620543846 {\n  padding-top: 30px;\n  padding-bottom: 30px;\n  background-color: rgb(39, 54, 71);\n}\n<\/style>\n\t<\/section>","protected":false},"excerpt":{"rendered":"","protected":false},"author":1,"featured_media":0,"parent":0,"menu_order":0,"comment_status":"closed","ping_status":"closed","template":"","meta":{"footnotes":""},"class_list":["post-10012","page","type-page","status-publish","hentry"],"_links":{"self":[{"href":"https:\/\/frickin.nl\/fr\/wp-json\/wp\/v2\/pages\/10012","targetHints":{"allow":["GET"]}}],"collection":[{"href":"https:\/\/frickin.nl\/fr\/wp-json\/wp\/v2\/pages"}],"about":[{"href":"https:\/\/frickin.nl\/fr\/wp-json\/wp\/v2\/types\/page"}],"author":[{"embeddable":true,"href":"https:\/\/frickin.nl\/fr\/wp-json\/wp\/v2\/users\/1"}],"replies":[{"embeddable":true,"href":"https:\/\/frickin.nl\/fr\/wp-json\/wp\/v2\/comments?post=10012"}],"version-history":[{"count":12,"href":"https:\/\/frickin.nl\/fr\/wp-json\/wp\/v2\/pages\/10012\/revisions"}],"predecessor-version":[{"id":15047,"href":"https:\/\/frickin.nl\/fr\/wp-json\/wp\/v2\/pages\/10012\/revisions\/15047"}],"wp:attachment":[{"href":"https:\/\/frickin.nl\/fr\/wp-json\/wp\/v2\/media?parent=10012"}],"curies":[{"name":"wp","href":"https:\/\/api.w.org\/{rel}","templated":true}]}}