{"id":10079,"date":"2021-08-13T09:05:25","date_gmt":"2021-08-13T09:05:25","guid":{"rendered":"https:\/\/frickin.nl\/?page_id=10079"},"modified":"2022-04-22T18:05:16","modified_gmt":"2022-04-22T16:05:16","slug":"gants-cadeaux","status":"publish","type":"page","link":"https:\/\/frickin.nl\/fr\/handschoenen-cadeau\/","title":{"rendered":"Vous voulez offrir de beaux gants en cadeau ?"},"content":{"rendered":"<section class=\"section\" id=\"section_338194982\">\n\t\t<div class=\"section-bg fill\" >\n\t\t\t\t\t\t\t\t\t\n\t\t\t\n\n\t\t<\/div>\n\n\t\t\n\n\t\t<div class=\"section-content relative\">\n\t\t\t\n\n<div class=\"row align-center\" style=\"max-width:1200px\" id=\"row-1481270668\">\n\n\n\t<div id=\"col-1253075432\" class=\"col medium-10 small-12 large-10\"  >\n\t\t\t\t<div class=\"col-inner\"  >\n\t\t\t\n\t\t\t\n\n\t<div id=\"text-118100278\" class=\"text\">\n\t\t\n\n<h1><b>Offrir des gants en cadeau ?<\/b><\/h1>\n\t\t\n<style>\n#text-118100278 {\n  font-size: 1.75rem;\n  text-align: center;\n}\n<\/style>\n\t<\/div>\n\t\n\t<div id=\"text-101517355\" class=\"text\">\n\t\t\n\n<h6>Frickin le meilleur cadeau pour lui et elle !<\/h6>\n\t\t\n<style>\n#text-101517355 {\n  font-size: 1.1rem;\n  text-align: center;\n}\n<\/style>\n\t<\/div>\n\t\n\t<div id=\"gap-1037304768\" class=\"gap-element clearfix\" style=\"display:block; height:auto;\">\n\t\t\n<style>\n#gap-1037304768 {\n  padding-top: 10px;\n}\n<\/style>\n\t<\/div>\n\t\n\n\t<div id=\"text-1933364960\" class=\"text\">\n\t\t\n\n<p class=\"p3\" style=\"text-align: left;\">Vous souhaitez offrir une paire de beaux gants faits main ? Styl\u00e9 et \u00e9l\u00e9gant <a href=\"https:\/\/frickin.nl\/fr\/lerecueil\/gants-femme-6\/\">gants pour femmes<\/a> Ou pr\u00e9f\u00e9rez-vous un look moderne et robuste ? Choisissez ensuite le <a href=\"https:\/\/frickin.nl\/fr\/lerecueil\/gants-hommes-2\/\">gants pour hommes<\/a> de Frickin ! Sp\u00e9cialement pour vous, nous avons r\u00e9dig\u00e9 un petit guide qui vous aidera \u00e0 d\u00e9terminer la bonne taille et \u00e0 passer facilement votre commande chez nous.<\/p>\n<h2 class=\"p3\" style=\"text-align: left;\">Dimensionnement pour offrir des gants en cadeau ?<\/h2>\n<p class=\"p3\" style=\"text-align: left;\">Si vous voulez offrir des gants, mesurer la bonne taille de gant peut \u00eatre un probl\u00e8me. Surtout si vous voulez que le cadeau reste une surprise pour le destinataire.<\/p>\n<p class=\"p3\" style=\"text-align: left;\">Heureusement, chez Frickin, nous avons une bonne alternative ! Il est possible de donner une tr\u00e8s bonne indication de la bonne taille en se basant sur la pointure du destinataire.<\/p>\n<p class=\"p3\" style=\"text-align: left;\">Jetez un coup d'\u0153il dans l'armoire \u00e0 chaussures et vous trouverez facilement la taille correspondante des gants que vous cherchez, ici. <a href=\"https:\/\/frickin.nl\/fr\/handschoenen-maattabel\/\">dans notre tableau des tailles<\/a>!<\/p>\n<h3 class=\"p3\" style=\"text-align: left;\">L'ordre ?<\/h3>\n<p class=\"p3\" style=\"text-align: left;\">Maintenant que vous connaissez la taille, vous pouvez facilement acheter les gants en ligne sur notre site Web. <a href=\"https:\/\/frickin.nl\/fr\/le-magasin\/\">boutique en ligne<\/a> Commander. Vous souhaitez que le cadeau soit livr\u00e9 directement au destinataire plut\u00f4t qu'\u00e0 votre propre adresse ? Choisissez ensuite une autre adresse de livraison au cours du processus de commande. Il n'y a pas de frais suppl\u00e9mentaires et le meilleur de tous ? Le destinataire n'a pas besoin d'\u00eatre \u00e0 la maison, car ces documents sont envoy\u00e9s comme une lettre et passent donc par la bo\u00eete aux lettres.<\/p>\n<h3 style=\"text-align: left;\">Qu'en est-il de la liste de colisage et des prix ?<\/h3>\n<p class=\"p3\" style=\"text-align: left;\">Qu'en est-il des bordereaux d'emballage et des indications de prix ? Tu n'as pas besoin de t'inqui\u00e9ter pour \u00e7a. Frickin livre sans papier et arrange tout via l'autoroute num\u00e9rique. Cela signifie que seul vous, l'acheteur, disposerez de la facture avec les prix. Les \u00e9ventuels retours ou \u00e9changes seront \u00e9galement g\u00e9r\u00e9s par vous, sans que le destinataire ait \u00e0 s'en soucier.<\/p>\n<h3 class=\"p3\" style=\"text-align: left;\">Des cadeaux d'affaires ?<\/h3>\n<p class=\"p3\" style=\"text-align: left;\">Pour les clients professionnels \u00e9galement, nous proposons une alternative int\u00e9ressante aux paniers de No\u00ebl classiques. Gardez votre personnel au chaud pendant les froides journ\u00e9es d'hiver et offrez-leur une paire de gants de votre choix. Pour plus d'informations, vous pouvez <a href=\"https:\/\/frickin.nl\/fr\/partenaire-b2b\/\">contacter ici<\/a> avec notre repr\u00e9sentant.<\/p>\n\t\t\n<style>\n#text-1933364960 {\n  text-align: center;\n}\n<\/style>\n\t<\/div>\n\t\n\n\t\t<\/div>\n\t\t\t\t\t<\/div>\n\n\t\n\n<\/div>\n\n\t\t<\/div>\n\n\t\t\n<style>\n#section_338194982 {\n  padding-top: 30px;\n  padding-bottom: 30px;\n}\n<\/style>\n\t<\/section>\n\t\n\n\t<section class=\"section dark\" id=\"section_1465536704\">\n\t\t<div class=\"section-bg fill\" >\n\t\t\t\t\t\t\t\t\t\n\t\t\t\n\n\t\t<\/div>\n\n\t\t\n\n\t\t<div class=\"section-content relative\">\n\t\t\t\n\n\t<div id=\"gap-1938816972\" class=\"gap-element clearfix\" style=\"display:block; height:auto;\">\n\t\t\n<style>\n#gap-1938816972 {\n  padding-top: 30px;\n}\n<\/style>\n\t<\/div>\n\t\n\n<div class=\"row align-bottom\" style=\"max-width:1200px\" id=\"row-440311084\">\n\n\n\t<div id=\"col-489972025\" class=\"col medium-12 small-12 large-6\"  >\n\t\t\t\t<div class=\"col-inner\"  >\n\t\t\t\n\t\t\t\n\n\t<div id=\"text-1709439973\" class=\"text\">\n\t\t\n\n<h6>Contact<\/h6>\n\t\t\n<style>\n#text-1709439973 {\n  font-size: 1.1rem;\n  text-align: left;\n}\n<\/style>\n\t<\/div>\n\t\n\t<div id=\"text-2254433028\" class=\"text\">\n\t\t\n\n<h2>Vous voulez des conseils sur le choix de votre cadeau ?&nbsp;<\/h2>\n\t\t\n<style>\n#text-2254433028 {\n  font-size: 2rem;\n}\n@media (min-width:550px) {\n  #text-2254433028 {\n    font-size: 1.5rem;\n  }\n}\n<\/style>\n\t<\/div>\n\t\n\n\t\t<\/div>\n\t\t\t\t\t<\/div>\n\n\t\n\n\t<div id=\"col-1022692818\" class=\"col medium-12 small-12 large-6\"  >\n\t\t\t\t<div class=\"col-inner\"  >\n\t\t\t\n\t\t\t\n\n<a href=\"https:\/\/frickin.nl\/fr\/contact\/\" class=\"button white expand\" style=\"padding:5px 0px 5px 0px;\">\n\t\t<span>Nous sommes disponibles de 10h00 \u00e0 17h00.<\/span>\n\t<\/a>\n\n\n\n\t\t<\/div>\n\t\t\t\t\n<style>\n#col-1022692818 > .col-inner {\n  padding: 0px 0px 0px 0;\n  margin: -0 0px 0px 0px;\n}\n@media (min-width:850px) {\n  #col-1022692818 > .col-inner {\n    padding: 0px 0px 0px 30px;\n    margin: -70px 0px 0px 0px;\n  }\n}\n<\/style>\n\t<\/div>\n\n\t\n\n<\/div>\n\n\t\t<\/div>\n\n\t\t\n<style>\n#section_1465536704 {\n  padding-top: 30px;\n  padding-bottom: 30px;\n  background-color: rgb(39, 54, 71);\n}\n<\/style>\n\t<\/section>\n\t\n\n\n\n<p><\/p>","protected":false},"excerpt":{"rendered":"","protected":false},"author":1,"featured_media":317,"parent":0,"menu_order":0,"comment_status":"closed","ping_status":"closed","template":"","meta":{"footnotes":""},"class_list":["post-10079","page","type-page","status-publish","has-post-thumbnail","hentry"],"_links":{"self":[{"href":"https:\/\/frickin.nl\/fr\/wp-json\/wp\/v2\/pages\/10079","targetHints":{"allow":["GET"]}}],"collection":[{"href":"https:\/\/frickin.nl\/fr\/wp-json\/wp\/v2\/pages"}],"about":[{"href":"https:\/\/frickin.nl\/fr\/wp-json\/wp\/v2\/types\/page"}],"author":[{"embeddable":true,"href":"https:\/\/frickin.nl\/fr\/wp-json\/wp\/v2\/users\/1"}],"replies":[{"embeddable":true,"href":"https:\/\/frickin.nl\/fr\/wp-json\/wp\/v2\/comments?post=10079"}],"version-history":[{"count":4,"href":"https:\/\/frickin.nl\/fr\/wp-json\/wp\/v2\/pages\/10079\/revisions"}],"predecessor-version":[{"id":15053,"href":"https:\/\/frickin.nl\/fr\/wp-json\/wp\/v2\/pages\/10079\/revisions\/15053"}],"wp:featuredmedia":[{"embeddable":true,"href":"https:\/\/frickin.nl\/fr\/wp-json\/wp\/v2\/media\/317"}],"wp:attachment":[{"href":"https:\/\/frickin.nl\/fr\/wp-json\/wp\/v2\/media?parent=10079"}],"curies":[{"name":"wp","href":"https:\/\/api.w.org\/{rel}","templated":true}]}}