{"id":10088,"date":"2021-08-13T09:48:20","date_gmt":"2021-08-13T09:48:20","guid":{"rendered":"https:\/\/frickin.nl\/?page_id=10088"},"modified":"2022-04-22T17:08:14","modified_gmt":"2022-04-22T15:08:14","slug":"comment-bien-entretenir-mes-gants","status":"publish","type":"page","link":"https:\/\/frickin.nl\/fr\/handschoenen-verzorgen\/","title":{"rendered":"Comment puis-je prendre soin de mes gants ?"},"content":{"rendered":"<section class=\"section\" id=\"section_1891771044\">\n\t\t<div class=\"section-bg fill\" >\n\t\t\t\t\t\t\t\t\t\n\t\t\t\n\n\t\t<\/div>\n\n\t\t\n\n\t\t<div class=\"section-content relative\">\n\t\t\t\n\n<div class=\"row align-center\" style=\"max-width:1200px\" id=\"row-1893920797\">\n\n\n\t<div id=\"col-944347762\" class=\"col medium-10 small-12 large-10\"  >\n\t\t\t\t<div class=\"col-inner\"  >\n\t\t\t\n\t\t\t\n\n\t<div id=\"text-2734119488\" class=\"text\">\n\t\t\n\n<h1><b>Comment dois-je prendre soin de mes gants ?<\/b><\/h1>\n\t\t\n<style>\n#text-2734119488 {\n  font-size: 1.75rem;\n  text-align: center;\n}\n<\/style>\n\t<\/div>\n\t\n\t<div id=\"text-1597322604\" class=\"text\">\n\t\t\n\n<h6>Des conseils pour un entretien optimal !<\/h6>\n\t\t\n<style>\n#text-1597322604 {\n  font-size: 1.1rem;\n  text-align: center;\n}\n<\/style>\n\t<\/div>\n\t\n\t<div id=\"gap-747748432\" class=\"gap-element clearfix\" style=\"display:block; height:auto;\">\n\t\t\n<style>\n#gap-747748432 {\n  padding-top: 10px;\n}\n<\/style>\n\t<\/div>\n\t\n\n\t<div id=\"text-4039236961\" class=\"text\">\n\t\t\n\n<p class=\"p3\" style=\"text-align: left;\">Vous poss\u00e9dez une paire de gants de qualit\u00e9 en cuir ou en daim fabriqu\u00e9s \u00e0 la main par Frickin et vous souhaitez en prendre soin de mani\u00e8re optimale afin d'en profiter pendant des ann\u00e9es et des ann\u00e9es ? Nous avons r\u00e9dig\u00e9 une courte explication accompagn\u00e9e de quelques conseils pour vous aider.<\/p>\n<h2 class=\"p3\" style=\"text-align: left;\">Entretenir et nettoyer les gants sales<\/h2>\n<p class=\"p3\" style=\"text-align: left;\"><a href=\"https:\/\/frickin.nl\/fr\/lerecueil\/gants-hommes-2\/\">Gants en cuir pour hommes<\/a> et <a href=\"https:\/\/frickin.nl\/fr\/lerecueil\/gants-femme-6\/\">Mesdames<\/a> Vous devez laver ou nettoyer le moins possible. Vous prenez soin de vos gants ? Alors \u00e9vitez \u00e0 tout prix d'utiliser une machine \u00e0 laver et\/ou des produits chimiques ! Nous vous recommandons de nettoyer les gants manuellement si n\u00e9cessaire. Pour ce faire, il suffit de mettre les gants et de les essuyer avec un chiffon humide. Pour conserver les gants en cuir en parfait \u00e9tat, nous vous conseillons de les nettoyer une fois tous les trois mois. Nettoyer\/laver les gants trop souvent peut endommager le cuir et la brillance.<\/p>\n<h3 class=\"p3\" style=\"text-align: left;\">Je l'ai mis et enlev\u00e9.<\/h3>\n<p class=\"p3\" style=\"text-align: left;\">L'erreur la plus courante que font les gens et qui est d\u00e9sastreuse pour vos gants... Ne tirez JAMAIS sur les coutures fendues ou lat\u00e9rales lorsque vous mettez ou enlevez vos gants. Au lieu de cela, enfilez les gants en faisant glisser le d\u00e9but des extr\u00e9mit\u00e9s sur les doigts et en les lissant vers le bas. Faites ensuite glisser le gant sur le pouce et lissez-le vers le bas. Ainsi, il n'y a pas de pression sur les coutures ou le cuir, ce qui profite \u00e0 vos gants.<\/p>\n<h3 class=\"p3\" style=\"text-align: left;\">La vari\u00e9t\u00e9...<\/h3>\n<p class=\"p3\" style=\"text-align: left;\">Tout comme vous ne portez pas le m\u00eame pantalon ou la m\u00eame paire de chaussures tous les jours, nous ne vous recommandons pas de porter une seule paire de gants. Apr\u00e8s tout, pour chaque occasion ou activit\u00e9, vous avez besoin de diff\u00e9rents types de gants. Notre meilleur conseil est de changer r\u00e9guli\u00e8rement de gants.\u00a0<\/p>\n<h3 class=\"p3\" style=\"text-align: left;\">S\u00e9chez vos gants<\/h3>\n<p class=\"p3\" style=\"text-align: left;\">Le cuir v\u00e9ritable ne doit pas rester humide ou mouill\u00e9 trop longtemps. Nous recommandons donc de s\u00e9cher les gants \u00e0 temp\u00e9rature ambiante apr\u00e8s qu'ils aient \u00e9t\u00e9 en contact avec de l'eau. Pour conserver la forme originale, vous pouvez enfiler les gants plusieurs fois pendant le processus de s\u00e9chage. N'utilisez JAMAIS le soleil ou des sources de chaleur artificielle telles qu'une cuisini\u00e8re ou un s\u00e9choir. Ne rangez jamais les gants lorsqu'ils sont mouill\u00e9s !<\/p>\n<h3 class=\"p3\" style=\"text-align: left;\">La saison est termin\u00e9e ?<\/h3>\n<p class=\"p3\" style=\"text-align: left;\">Et vous voulez prendre le meilleur soin de vos gants ? Stockez ensuite vos gants \u00e0 temp\u00e9rature ambiante dans un endroit sec. Pour cela, vous pouvez utiliser l'emballage biologique original, qui poss\u00e8de une simple bande de fermeture. Nous d\u00e9conseillons fortement les emplacements tels que la grange ou le grenier ! Ils peuvent \u00eatre humides et avoir de la vermine. Un conseil courant : rangez vos gants au fond de votre tiroir \u00e0 chaussettes pour la nouvelle saison.<span class=\"Apple-converted-space\"> Vous voulez conna\u00eetre d'autres conseils ? Alors, jetez un coup d'\u0153il \u00e0 notre <a href=\"https:\/\/frickin.nl\/fr\/blog\/\">blog<\/a>.\u00a0\u00a0<\/span><\/p>\n\t\t\n<style>\n#text-4039236961 {\n  text-align: center;\n}\n<\/style>\n\t<\/div>\n\t\n\n\t\t<\/div>\n\t\t\t\t\t<\/div>\n\n\t\n\n<\/div>\n\n\t\t<\/div>\n\n\t\t\n<style>\n#section_1891771044 {\n  padding-top: 30px;\n  padding-bottom: 30px;\n}\n<\/style>\n\t<\/section>\n\t\n\n\t<section class=\"section dark\" id=\"section_1868829984\">\n\t\t<div class=\"section-bg fill\" >\n\t\t\t\t\t\t\t\t\t\n\t\t\t\n\n\t\t<\/div>\n\n\t\t\n\n\t\t<div class=\"section-content relative\">\n\t\t\t\n\n\t<div id=\"gap-1813331403\" class=\"gap-element clearfix\" style=\"display:block; height:auto;\">\n\t\t\n<style>\n#gap-1813331403 {\n  padding-top: 30px;\n}\n<\/style>\n\t<\/div>\n\t\n\n<div class=\"row align-bottom\" style=\"max-width:1200px\" id=\"row-552383790\">\n\n\n\t<div id=\"col-536043131\" class=\"col medium-12 small-12 large-6\"  >\n\t\t\t\t<div class=\"col-inner\"  >\n\t\t\t\n\t\t\t\n\n\t<div id=\"text-4287937271\" class=\"text\">\n\t\t\n\n<h6>Contact<\/h6>\n\t\t\n<style>\n#text-4287937271 {\n  font-size: 1.1rem;\n  text-align: left;\n}\n<\/style>\n\t<\/div>\n\t\n\t<div id=\"text-4117096001\" class=\"text\">\n\t\t\n\n<h2>Avez-vous des questions ?&nbsp;<\/h2>\n\t\t\n<style>\n#text-4117096001 {\n  font-size: 2rem;\n}\n@media (min-width:550px) {\n  #text-4117096001 {\n    font-size: 1.5rem;\n  }\n}\n<\/style>\n\t<\/div>\n\t\n\n\t\t<\/div>\n\t\t\t\t\t<\/div>\n\n\t\n\n\t<div id=\"col-2142265410\" class=\"col medium-12 small-12 large-6\"  >\n\t\t\t\t<div class=\"col-inner\"  >\n\t\t\t\n\t\t\t\n\n<a href=\"https:\/\/frickin.nl\/fr\/contact\/\" class=\"button white expand\" style=\"padding:5px 0px 5px 0px;\">\n\t\t<span>Prenez contact avec nous !<\/span>\n\t<\/a>\n\n\n\n\t\t<\/div>\n\t\t\t\t\n<style>\n#col-2142265410 > .col-inner {\n  padding: 0px 0px 0px 0;\n  margin: -0 0px 0px 0px;\n}\n@media (min-width:850px) {\n  #col-2142265410 > .col-inner {\n    padding: 0px 0px 0px 30px;\n    margin: -70px 0px 0px 0px;\n  }\n}\n<\/style>\n\t<\/div>\n\n\t\n\n<\/div>\n\n\t\t<\/div>\n\n\t\t\n<style>\n#section_1868829984 {\n  padding-top: 30px;\n  padding-bottom: 30px;\n  background-color: rgb(39, 54, 71);\n}\n<\/style>\n\t<\/section>\n\t\n\n\n\n<p><\/p>","protected":false},"excerpt":{"rendered":"","protected":false},"author":1,"featured_media":0,"parent":0,"menu_order":0,"comment_status":"closed","ping_status":"closed","template":"","meta":{"footnotes":""},"class_list":["post-10088","page","type-page","status-publish","hentry"],"_links":{"self":[{"href":"https:\/\/frickin.nl\/fr\/wp-json\/wp\/v2\/pages\/10088","targetHints":{"allow":["GET"]}}],"collection":[{"href":"https:\/\/frickin.nl\/fr\/wp-json\/wp\/v2\/pages"}],"about":[{"href":"https:\/\/frickin.nl\/fr\/wp-json\/wp\/v2\/types\/page"}],"author":[{"embeddable":true,"href":"https:\/\/frickin.nl\/fr\/wp-json\/wp\/v2\/users\/1"}],"replies":[{"embeddable":true,"href":"https:\/\/frickin.nl\/fr\/wp-json\/wp\/v2\/comments?post=10088"}],"version-history":[{"count":10,"href":"https:\/\/frickin.nl\/fr\/wp-json\/wp\/v2\/pages\/10088\/revisions"}],"predecessor-version":[{"id":15046,"href":"https:\/\/frickin.nl\/fr\/wp-json\/wp\/v2\/pages\/10088\/revisions\/15046"}],"wp:attachment":[{"href":"https:\/\/frickin.nl\/fr\/wp-json\/wp\/v2\/media?parent=10088"}],"curies":[{"name":"wp","href":"https:\/\/api.w.org\/{rel}","templated":true}]}}