{"id":10095,"date":"2021-08-13T10:18:15","date_gmt":"2021-08-13T10:18:15","guid":{"rendered":"https:\/\/frickin.nl\/?page_id=10095"},"modified":"2023-03-02T01:40:42","modified_gmt":"2023-03-02T00:40:42","slug":"gants-durables-et-fiables","status":"publish","type":"page","link":"https:\/\/frickin.nl\/fr\/duurzame-handschoenen\/","title":{"rendered":"Gants durables"},"content":{"rendered":"<section class=\"section\" id=\"section_1132945114\">\n\t\t<div class=\"section-bg fill\" >\n\t\t\t\t\t\t\t\t\t\n\t\t\t\n\n\t\t<\/div>\n\n\t\t\n\n\t\t<div class=\"section-content relative\">\n\t\t\t\n\n<div class=\"row align-center\" style=\"max-width:1200px\" id=\"row-1446091897\">\n\n\n\t<div id=\"col-2028979834\" class=\"col medium-10 small-12 large-10\"  >\n\t\t\t\t<div class=\"col-inner\"  >\n\t\t\t\n\t\t\t\n\n\t<div id=\"text-3171498829\" class=\"text\">\n\t\t\n\n<h1>Gants durables<\/h1>\n\t\t\n<style>\n#text-3171498829 {\n  font-size: 1.75rem;\n  text-align: center;\n}\n<\/style>\n\t<\/div>\n\t\n\t<div id=\"gap-1482031130\" class=\"gap-element clearfix\" style=\"display:block; height:auto;\">\n\t\t\n<style>\n#gap-1482031130 {\n  padding-top: 10px;\n}\n<\/style>\n\t<\/div>\n\t\n\n<ul class=\"ul1\">\n<li class=\"li1 bullet-star\">Gants durables fabriqu\u00e9s \u00e0 la main en cuir<\/li>\n<li class=\"li1 bullet-star\">Emballage respectueux de l'environnement<\/li>\n<li class=\"li1 bullet-star\">Certifi\u00e9 BSCI &amp; Sedex !<\/li>\n<li class=\"li1 bullet-star\">Choisissez consciemment ! Produit \u00e0 partir de sous-produits !<\/li>\n<li class=\"li1 bullet-star\">Frickin est neutre en CO2<\/li>\n<\/ul>\n<h2>De la conception \u00e0 la production<\/h2>\n<p class=\"p1\">Apr\u00e8s avoir \u00e9t\u00e9 con\u00e7us aux Pays-Bas, les gants Frickin sont produits \u00e0 la main dans le monde entier. M\u00eame si Frickin travaille avec des \u00e9ditions limit\u00e9es de ses mod\u00e8les et que nous ne sommes pas comparables aux grandes cha\u00eenes de mode du monde en termes d'\u00e9chelle, nous trouvons la responsabilit\u00e9 sociale des entreprises tr\u00e8s importante, ainsi que les conditions sociales de travail des ouvriers qui transforment nos dessins en produits finis. Vous voulez en savoir plus sur Frickin et nos gants durables ? Alors, jetez un coup d'\u0153il \u00e0 notre <a href=\"https:\/\/frickin.nl\/fr\/blog\/\">blog<\/a>.<\/p>\n<h2>Certifi\u00e9 pour des conditions de travail \u00e9quitables<\/h2>\n<p class=\"p1\">Les ateliers avec lesquels nous travaillons doivent donc r\u00e9pondre \u00e0 diverses exigences de certification et de qualit\u00e9, en plus de salaires \u00e9quitables et de bonnes conditions de travail. Parmi les exemples, citons le <a href=\"https:\/\/www.goedewaar.nl\/keurmerken-etc\/kleding-keurmerken-etc\/227-bsci\" rel=\"nofollow noopener\" target=\"_blank\">BSCI et SEDEX<\/a> des certifications, qui garantissent, entre autres, des conditions de travail \u00e9quitables, comme la formation d'un syndicat.<\/p>\n<h2>Interdiction du plastique<\/h2>\n<p class=\"p1\">Pour lutter contre le changement climatique mondial et faire notre part pour l'avenir, nous avons introduit une interdiction totale du plastique. Nos produits sont uniquement emball\u00e9s et exp\u00e9di\u00e9s dans des emballages biod\u00e9gradables que vous pouvez facilement mettre au compost chez vous, apr\u00e8s quoi ils se dissoudront et dispara\u00eetront compl\u00e8tement au bout de 6 mois.<\/p>\n<h2>Des gants durables fabriqu\u00e9s \u00e0 partir de mat\u00e9riaux honn\u00eates. Choisissez consciemment !<\/h2>\n<p class=\"p1\">Le cuir et les doublures que Frickin utilise pour ses gants proviennent de fournisseurs r\u00e9put\u00e9s et sont utilis\u00e9s dans la fabrication de ses produits.<span class=\"Apple-converted-space\">\u00a0 <\/span>est un sous-produit de l'industrie alimentaire, laini\u00e8re et laiti\u00e8re. En outre, avec notre ligne de cuir \u00e9cologique sp\u00e9cialement con\u00e7ue, nous offrons \u00e0 nos clients une alternative aux gants en cuir v\u00e9ritable. En bref, le bien-\u00eatre des animaux est notre priorit\u00e9 \u00e0 tout moment.<\/p>\n<h2>Pensez \u00e0 l'avenir !<\/h2>\n<p class=\"p1\">De la fabrication \u00e0 la livraison finale \u00e0 votre domicile ? <a href=\"https:\/\/frickin.nl\/fr\/nous-sommes-co2-neutres\/\">Ces satan\u00e9s travaux sont neutres en CO2<\/a>! En coop\u00e9ration avec Treesforall, la totalit\u00e9 de nos \u00e9missions de CO2 est compens\u00e9e dans divers projets mondiaux fiables et certifi\u00e9s. Vous voulez en savoir plus sur notre r\u00e9mun\u00e9ration ? Lire <a href=\"https:\/\/frickin.nl\/fr\/blog\/\">ici<\/a> En savoir plus sur notre coop\u00e9ration et les projets dans lesquels nous investissons. Voir notre nouvelle collection <a href=\"https:\/\/frickin.nl\/fr\/lerecueil\/gants-femme-6\/\">Mesdames<\/a> ou <a href=\"https:\/\/frickin.nl\/fr\/lerecueil\/gants-hommes-2\/\">des gants d'homme.<\/a><\/p>\n<p>\u00a0<\/p>\n<p>\u00a0<\/p>\n\n\t\t<\/div>\n\t\t\t\t\t<\/div>\n\n\t\n\n<\/div>\n\n\t\t<\/div>\n\n\t\t\n<style>\n#section_1132945114 {\n  padding-top: 30px;\n  padding-bottom: 30px;\n}\n<\/style>\n\t<\/section>\n\t\n\n\t<section class=\"section dark\" id=\"section_1249135063\">\n\t\t<div class=\"section-bg fill\" >\n\t\t\t\t\t\t\t\t\t\n\t\t\t\n\n\t\t<\/div>\n\n\t\t\n\n\t\t<div class=\"section-content relative\">\n\t\t\t\n\n\t<div id=\"gap-298061425\" class=\"gap-element clearfix\" style=\"display:block; height:auto;\">\n\t\t\n<style>\n#gap-298061425 {\n  padding-top: 30px;\n}\n<\/style>\n\t<\/div>\n\t\n\n<div class=\"row align-bottom\" style=\"max-width:1200px\" id=\"row-1370504731\">\n\n\n\t<div id=\"col-1711610843\" class=\"col medium-12 small-12 large-6\"  >\n\t\t\t\t<div class=\"col-inner\"  >\n\t\t\t\n\t\t\t\n\n\t<div id=\"text-3685017681\" class=\"text\">\n\t\t\n\n<h6>Contact<\/h6>\n\t\t\n<style>\n#text-3685017681 {\n  font-size: 1.1rem;\n  text-align: left;\n}\n<\/style>\n\t<\/div>\n\t\n\t<div id=\"text-2613470259\" class=\"text\">\n\t\t\n\n<h2>Vous n'avez toujours pas r\u00e9pondu \u00e0 votre question ?&nbsp;<\/h2>\n\t\t\n<style>\n#text-2613470259 {\n  font-size: 2rem;\n}\n@media (min-width:550px) {\n  #text-2613470259 {\n    font-size: 1.5rem;\n  }\n}\n<\/style>\n\t<\/div>\n\t\n\n\t\t<\/div>\n\t\t\t\t\t<\/div>\n\n\t\n\n\t<div id=\"col-1138587086\" class=\"col medium-12 small-12 large-6\"  >\n\t\t\t\t<div class=\"col-inner\"  >\n\t\t\t\n\t\t\t\n\n<a href=\"https:\/\/frickin.nl\/fr\/contact\/\" class=\"button white expand\" style=\"padding:5px 0px 5px 0px;\">\n\t\t<span>Prenez contact avec nous !<\/span>\n\t<\/a>\n\n\n\n\t\t<\/div>\n\t\t\t\t\n<style>\n#col-1138587086 > .col-inner {\n  padding: 0px 0px 0px 0;\n  margin: -0 0px 0px 0px;\n}\n@media (min-width:850px) {\n  #col-1138587086 > .col-inner {\n    padding: 0px 0px 0px 30px;\n    margin: -70px 0px 0px 0px;\n  }\n}\n<\/style>\n\t<\/div>\n\n\t\n\n<\/div>\n\n\t\t<\/div>\n\n\t\t\n<style>\n#section_1249135063 {\n  padding-top: 30px;\n  padding-bottom: 30px;\n  background-color: rgb(39, 54, 71);\n}\n<\/style>\n\t<\/section>","protected":false},"excerpt":{"rendered":"","protected":false},"author":1,"featured_media":0,"parent":0,"menu_order":0,"comment_status":"closed","ping_status":"closed","template":"","meta":{"footnotes":""},"class_list":["post-10095","page","type-page","status-publish","hentry"],"_links":{"self":[{"href":"https:\/\/frickin.nl\/fr\/wp-json\/wp\/v2\/pages\/10095","targetHints":{"allow":["GET"]}}],"collection":[{"href":"https:\/\/frickin.nl\/fr\/wp-json\/wp\/v2\/pages"}],"about":[{"href":"https:\/\/frickin.nl\/fr\/wp-json\/wp\/v2\/types\/page"}],"author":[{"embeddable":true,"href":"https:\/\/frickin.nl\/fr\/wp-json\/wp\/v2\/users\/1"}],"replies":[{"embeddable":true,"href":"https:\/\/frickin.nl\/fr\/wp-json\/wp\/v2\/comments?post=10095"}],"version-history":[{"count":12,"href":"https:\/\/frickin.nl\/fr\/wp-json\/wp\/v2\/pages\/10095\/revisions"}],"predecessor-version":[{"id":20499,"href":"https:\/\/frickin.nl\/fr\/wp-json\/wp\/v2\/pages\/10095\/revisions\/20499"}],"wp:attachment":[{"href":"https:\/\/frickin.nl\/fr\/wp-json\/wp\/v2\/media?parent=10095"}],"curies":[{"name":"wp","href":"https:\/\/api.w.org\/{rel}","templated":true}]}}