{"id":10099,"date":"2021-08-13T10:33:24","date_gmt":"2021-08-13T10:33:24","guid":{"rendered":"https:\/\/frickin.nl\/?page_id=10099"},"modified":"2023-02-24T15:31:26","modified_gmt":"2023-02-24T14:31:26","slug":"nous-sommes-co2-neutres","status":"publish","type":"page","link":"https:\/\/frickin.nl\/fr\/co2-neutraal\/","title":{"rendered":"Nous sommes neutres en CO2 !"},"content":{"rendered":"<section class=\"section\" id=\"section_1636814569\">\n\t\t<div class=\"section-bg fill\" >\n\t\t\t\t\t\t\t\t\t\n\t\t\t\n\n\t\t<\/div>\n\n\t\t\n\n\t\t<div class=\"section-content relative\">\n\t\t\t\n\n<div class=\"row align-center\" style=\"max-width:1200px\" id=\"row-490269831\">\n\n\n\t<div id=\"col-1829293401\" class=\"col medium-10 small-12 large-10\"  >\n\t\t\t\t<div class=\"col-inner\"  >\n\t\t\t\n\t\t\t\n\n\t<div id=\"text-3821039718\" class=\"text\">\n\t\t\n\n<h1>Nous sommes neutres en CO2 !<\/h1>\n\t\t\n<style>\n#text-3821039718 {\n  font-size: 1.75rem;\n  text-align: center;\n}\n<\/style>\n\t<\/div>\n\t\n\t<div id=\"text-1283358295\" class=\"text\">\n\t\t\n\n<h6 class=\"p1\"><b>De la fabrication \u00e0 votre domicile...<\/b><\/h6>\n\t\t\n<style>\n#text-1283358295 {\n  font-size: 1.1rem;\n  text-align: center;\n}\n<\/style>\n\t<\/div>\n\t\n\t<div id=\"gap-1557510541\" class=\"gap-element clearfix\" style=\"display:block; height:auto;\">\n\t\t\n<style>\n#gap-1557510541 {\n  padding-top: 10px;\n}\n<\/style>\n\t<\/div>\n\t\n\n\t<div id=\"text-202101001\" class=\"text\">\n\t\t\n\n<p class=\"p3\" style=\"text-align: left;\">En tant que marque et fabricant de gants, Frickin n'a \u00e9videmment rien \u00e0 gagner du changement climatique mondial. <br \/>Apr\u00e8s tout, lorsque les temp\u00e9ratures augmenteront, plus personne ne portera de gants et nous serons oblig\u00e9s de ne plus les utiliser.<\/p>\n<p class=\"p3\" style=\"text-align: left;\"><strong><em>Mais maintenant, soyons s\u00e9rieux :<\/em><\/strong><\/p>\n<p class=\"p3\" style=\"text-align: left;\">Frickin pense \u00e0 demain et \u00e0 l'avenir dans son ensemble. Nous avons d\u00e9j\u00e0 commenc\u00e9 \u00e0 emballer et \u00e0 exp\u00e9dier tous nos produits dans le respect de l'environnement. Nous avons mis au point un cuir v\u00e9g\u00e9talien sp\u00e9cial qui diff\u00e8re du cuir \u00e9cologique PU standard utilis\u00e9 par divers fabricants de v\u00eatements et, \u00e0 partir de la saison 2021, nous nous efforcerons activement de compenser tout le CO2 que nous produisons. <a href=\"https:\/\/frickin.nl\/fr\/gants-durables-et-fiables\/\">Notre objectif et notre mission<\/a> est tr\u00e8s simple : des gants durables, de la production \u00e0 la livraison \u00e0 votre domicile, neutres en CO2 !<\/p>\n<h2 class=\"p3\" style=\"text-align: left;\">Notre coop\u00e9ration avec Trees for all.<\/h2>\n<p class=\"p3\" style=\"text-align: left;\">Afin d'atteindre nos objectifs et notre mission, nous avons \u00e9tabli une coop\u00e9ration avec <a href=\"https:\/\/treesforall.nl\/\" rel=\"nofollow noopener\" target=\"_blank\">Des arbres pour tous<\/a> Nous avons effectu\u00e9 un calcul de l'ensemble de nos \u00e9missions de CO2, mesur\u00e9es depuis la fabrication jusqu'\u00e0 la livraison \u00e0 votre domicile. Nous avons calcul\u00e9 l'ensemble de nos \u00e9missions de CO2, depuis la production jusqu'\u00e0 la livraison \u00e0 votre domicile, et les avons consign\u00e9es dans une \"empreinte CO2\". L'ampleur de cette empreinte, qui est exprim\u00e9e en tonnes de CO2, est ensuite compens\u00e9e par Frickin to Trees for All. Il n'y a donc pas de frais suppl\u00e9mentaires pour une exp\u00e9dition neutre en CO2 lorsque vous passez une commande chez nous. Trees for all supervise diff\u00e9rents projets qui sont certifi\u00e9s et garantissent la quantit\u00e9 de CO2 captur\u00e9e. L'impact social, \u00e9conomique et \u00e9cologique est \u00e9galement suivi et v\u00e9rifi\u00e9. Trees for All poss\u00e8de \u00e9galement le label de qualit\u00e9 CBF. En bref, un partenaire dont nous pouvons \u00eatre fiers !<\/p>\n<h2><img loading=\"lazy\" decoding=\"async\" class=\"alignnone wp-image-10178 size-medium\" src=\"https:\/\/frickin.nl\/wp-content\/uploads\/2021\/08\/Bomen-planten-in-Nederland-300x183.jpg\" alt=\"planter des arbres\" width=\"300\" height=\"183\" srcset=\"https:\/\/frickin.nl\/wp-content\/uploads\/2021\/08\/Bomen-planten-in-Nederland-300x183.jpg 300w, https:\/\/frickin.nl\/wp-content\/uploads\/2021\/08\/Bomen-planten-in-Nederland-1024x624.jpg 1024w, https:\/\/frickin.nl\/wp-content\/uploads\/2021\/08\/Bomen-planten-in-Nederland-768x468.jpg 768w, https:\/\/frickin.nl\/wp-content\/uploads\/2021\/08\/Bomen-planten-in-Nederland-1536x936.jpg 1536w, https:\/\/frickin.nl\/wp-content\/uploads\/2021\/08\/Bomen-planten-in-Nederland-18x12.jpg 18w, https:\/\/frickin.nl\/wp-content\/uploads\/2021\/08\/Bomen-planten-in-Nederland-510x311.jpg 510w, https:\/\/frickin.nl\/wp-content\/uploads\/2021\/08\/Bomen-planten-in-Nederland.jpg 1811w\" sizes=\"auto, (max-width: 300px) 100vw, 300px\" \/><\/h2>\n<h2 class=\"p3\" style=\"text-align: left;\">Achetez en toute conscience !<\/h2>\n<p class=\"p3\" style=\"text-align: left;\">Ensemble, nous nous engageons pour un climat plus sain, la restauration de la nature et de la biodiversit\u00e9 et la r\u00e9duction de la pauvret\u00e9 dans le monde. Si vous partagez notre point de vue, achetez vos gants consciemment chez Frickin et contribuez \u00e0 fa\u00e7onner l'avenir ! Consultez notre <a href=\"https:\/\/frickin.nl\/fr\/lerecueil\/gants-hommes-2\/\">gants pour hommes<\/a> ou collection <a href=\"https:\/\/frickin.nl\/fr\/lerecueil\/gants-femme-6\/\">gants pour femmes<\/a>.<\/p>\n<p>\u00a0<\/p>\n<p><a href=\"https:\/\/treesforall.nl\/\" rel=\"nofollow noopener\" target=\"_blank\"><img loading=\"lazy\" decoding=\"async\" class=\"alignnone wp-image-10180 size-medium\" src=\"https:\/\/frickin.nl\/wp-content\/uploads\/2021\/08\/Logo-Trees-for-All-244x300.png\" alt=\"arbres partenaires pour tous\" width=\"244\" height=\"300\" srcset=\"https:\/\/frickin.nl\/wp-content\/uploads\/2021\/08\/Logo-Trees-for-All-244x300.png 244w, https:\/\/frickin.nl\/wp-content\/uploads\/2021\/08\/Logo-Trees-for-All-832x1024.png 832w, https:\/\/frickin.nl\/wp-content\/uploads\/2021\/08\/Logo-Trees-for-All-768x946.png 768w, https:\/\/frickin.nl\/wp-content\/uploads\/2021\/08\/Logo-Trees-for-All-10x12.png 10w, https:\/\/frickin.nl\/wp-content\/uploads\/2021\/08\/Logo-Trees-for-All-300x369.png 300w, https:\/\/frickin.nl\/wp-content\/uploads\/2021\/08\/Logo-Trees-for-All-510x628.png 510w, https:\/\/frickin.nl\/wp-content\/uploads\/2021\/08\/Logo-Trees-for-All.png 959w\" sizes=\"auto, (max-width: 244px) 100vw, 244px\" \/><\/a><\/p>\n\t\t\n<style>\n#text-202101001 {\n  text-align: center;\n}\n<\/style>\n\t<\/div>\n\t\n\n\t\t<\/div>\n\t\t\t\t\t<\/div>\n\n\t\n\n<\/div>\n\n\t\t<\/div>\n\n\t\t\n<style>\n#section_1636814569 {\n  padding-top: 30px;\n  padding-bottom: 30px;\n}\n<\/style>\n\t<\/section>\n\t\n\n\t<section class=\"section dark\" id=\"section_408365861\">\n\t\t<div class=\"section-bg fill\" >\n\t\t\t\t\t\t\t\t\t\n\t\t\t\n\n\t\t<\/div>\n\n\t\t\n\n\t\t<div class=\"section-content relative\">\n\t\t\t\n\n\t<div id=\"gap-1326313311\" class=\"gap-element clearfix\" style=\"display:block; height:auto;\">\n\t\t\n<style>\n#gap-1326313311 {\n  padding-top: 30px;\n}\n<\/style>\n\t<\/div>\n\t\n\n<div class=\"row align-bottom\" style=\"max-width:1200px\" id=\"row-944959870\">\n\n\n\t<div id=\"col-1146724707\" class=\"col medium-12 small-12 large-6\"  >\n\t\t\t\t<div class=\"col-inner\"  >\n\t\t\t\n\t\t\t\n\n\t<div id=\"text-2454741840\" class=\"text\">\n\t\t\n\n<h6>Contact<\/h6>\n\t\t\n<style>\n#text-2454741840 {\n  font-size: 1.1rem;\n  text-align: left;\n}\n<\/style>\n\t<\/div>\n\t\n\t<div id=\"text-1624920641\" class=\"text\">\n\t\t\n\n<h2>Vous voulez en savoir plus sur nos choix \u00e9cologiques ?&nbsp;<\/h2>\n\t\t\n<style>\n#text-1624920641 {\n  font-size: 2rem;\n}\n@media (min-width:550px) {\n  #text-1624920641 {\n    font-size: 1.5rem;\n  }\n}\n<\/style>\n\t<\/div>\n\t\n\n\t\t<\/div>\n\t\t\t\t\t<\/div>\n\n\t\n\n\t<div id=\"col-1521628709\" class=\"col medium-12 small-12 large-6\"  >\n\t\t\t\t<div class=\"col-inner\"  >\n\t\t\t\n\t\t\t\n\n<a href=\"https:\/\/frickin.nl\/fr\/contact\/\" class=\"button white expand\" style=\"padding:5px 0px 5px 0px;\">\n\t\t<span>Prenez contact avec nous !<\/span>\n\t<\/a>\n\n\n\n\t\t<\/div>\n\t\t\t\t\n<style>\n#col-1521628709 > .col-inner {\n  padding: 0px 0px 0px 0;\n  margin: -0 0px 0px 0px;\n}\n@media (min-width:850px) {\n  #col-1521628709 > .col-inner {\n    padding: 0px 0px 0px 30px;\n    margin: -70px 0px 0px 0px;\n  }\n}\n<\/style>\n\t<\/div>\n\n\t\n\n<\/div>\n\n\t\t<\/div>\n\n\t\t\n<style>\n#section_408365861 {\n  padding-top: 30px;\n  padding-bottom: 30px;\n  background-color: rgb(39, 54, 71);\n}\n<\/style>\n\t<\/section>\n\t\n\n\n\n<p><\/p>","protected":false},"excerpt":{"rendered":"","protected":false},"author":1,"featured_media":10180,"parent":0,"menu_order":0,"comment_status":"closed","ping_status":"closed","template":"","meta":{"footnotes":""},"class_list":["post-10099","page","type-page","status-publish","has-post-thumbnail","hentry"],"_links":{"self":[{"href":"https:\/\/frickin.nl\/fr\/wp-json\/wp\/v2\/pages\/10099","targetHints":{"allow":["GET"]}}],"collection":[{"href":"https:\/\/frickin.nl\/fr\/wp-json\/wp\/v2\/pages"}],"about":[{"href":"https:\/\/frickin.nl\/fr\/wp-json\/wp\/v2\/types\/page"}],"author":[{"embeddable":true,"href":"https:\/\/frickin.nl\/fr\/wp-json\/wp\/v2\/users\/1"}],"replies":[{"embeddable":true,"href":"https:\/\/frickin.nl\/fr\/wp-json\/wp\/v2\/comments?post=10099"}],"version-history":[{"count":3,"href":"https:\/\/frickin.nl\/fr\/wp-json\/wp\/v2\/pages\/10099\/revisions"}],"predecessor-version":[{"id":20401,"href":"https:\/\/frickin.nl\/fr\/wp-json\/wp\/v2\/pages\/10099\/revisions\/20401"}],"wp:featuredmedia":[{"embeddable":true,"href":"https:\/\/frickin.nl\/fr\/wp-json\/wp\/v2\/media\/10180"}],"wp:attachment":[{"href":"https:\/\/frickin.nl\/fr\/wp-json\/wp\/v2\/media?parent=10099"}],"curies":[{"name":"wp","href":"https:\/\/api.w.org\/{rel}","templated":true}]}}