{"id":31412,"date":"2025-09-25T15:01:36","date_gmt":"2025-09-25T13:01:36","guid":{"rendered":"https:\/\/frickin.nl\/?page_id=31412"},"modified":"2025-09-25T15:39:48","modified_gmt":"2025-09-25T13:39:48","slug":"sitemap","status":"publish","type":"page","link":"https:\/\/frickin.nl\/fr\/sitemap\/","title":{"rendered":"Plan du site"},"content":{"rendered":"<!DOCTYPE html>\n<html lang=\"nl\">\n<head>\n  <meta charset=\"UTF-8\">\n  <title>Plan du site - Frickin<\/title>\n  <meta name=\"description\" content=\"Aper\u00e7u de toutes les pages cl\u00e9s de Frickin&#039;s : gants, ceintures, sacs \u00e0 main, sacs, chapeaux et \u00e9charpes, blog et service client\u00e8le.\">\n<\/head>\n<body>\n  <h1>Plan du site<\/h1>\n\n  <h2>Home<\/h2>\n  <ul>\n    <li><a href=\"https:\/\/frickin.nl\/fr\/\">Home<\/a><\/li>\n  <\/ul>\n\n  <h2>Collections<\/h2>\n  <ul>\n<li><a href=\"https:\/\/frickin.nl\/fr\/lerecueil\/gants-hommes-2\/gants-cuir-homme\/\">Gants en cuir pour hommes<\/a><\/li>\n<li><a href=\"https:\/\/frickin.nl\/fr\/lerecueil\/gants-hommes-2\/gants-de-voiture-hommes\/\">Gants de voiture pour hommes<\/a><\/li>\n<li><a href=\"https:\/\/frickin.nl\/fr\/lerecueil\/gants-femme-6\/gants-cuir-femme\/\">Gants en cuir pour femmes<\/a><\/li>\n<li><a href=\"https:\/\/frickin.nl\/fr\/lerecueil\/gants-femme-6\/mitaines-femme\/\">Moufles pour femmes<\/a><\/li>\n<li><a href=\"https:\/\/frickin.nl\/fr\/lerecueil\/mutsen-en-sjaals\/\">Chapeaux et \u00e9charpes<\/a><\/li>\n<li><a href=\"https:\/\/frickin.nl\/fr\/lerecueil\/portemonnee\/\">Portefeuilles<\/a><\/li>\n<li><a href=\"https:\/\/frickin.nl\/fr\/lerecueil\/riemen\/\">Ceintures<\/a><\/li>\n <\/ul>\n\n\n  <h2>Blog &amp; Inspiration<\/h2>\n  <ul>\n    <li><a href=\"https:\/\/frickin.nl\/fr\/blog\/\">Aper\u00e7u du blog<\/a><\/li>\n<li><a href=\"https:\/\/frickin.nl\/fr\/differents-cuirs\/\">Gants en cuir<\/a><\/li>\n<li><a href=\"https:\/\/frickin.nl\/fr\/comment-bien-entretenir-mes-gants\/\">Entretien des gants<\/a><\/li>\n  <\/ul>\n\n  <h2>\u00c0 propos de Frickin<\/h2>\n  <ul>\n    <li><a href=\"https:\/\/frickin.nl\/fr\/a-propos-de-nous\/\">A propos de nous<\/a><\/li>\n    <li><a href=\"https:\/\/frickin.nl\/fr\/gants-durables-et-fiables\/\">Gants durables<\/a><\/li>\n    <li><a href=\"https:\/\/frickin.nl\/fr\/partenaire-b2b\/\">Devenir un partenaire B2B<\/a><\/li>\n    <li><a href=\"https:\/\/frickin.nl\/fr\/contacter\/\">Contact<\/a><\/li>\n  <\/ul>\n\n  <h2>Service \u00e0 la client\u00e8le<\/h2>\n  <ul>\n    <li><a href=\"https:\/\/frickin.nl\/fr\/questions-frequentes\/\">Foire aux questions (FAQ)<\/a><\/li> \n    <li><a href=\"https:\/\/frickin.nl\/fr\/tableau-des-tailles-des-gants\/\">D\u00e9terminer la taille des gants<\/a><\/li>\n    <li><a href=\"https:\/\/frickin.nl\/fr\/expedition\/\">Exp\u00e9dition et livraison<\/a><\/li>\n    <li><a href=\"https:\/\/frickin.nl\/fr\/echange-et-retour\/\">Retours et \u00e9changes<\/a><\/li>\n    <li><a href=\"https:\/\/frickin.nl\/fr\/termes-et-conditions\/\">Conditions g\u00e9n\u00e9rales d'utilisation<\/a><\/li>\n    <li><a href=\"https:\/\/frickin.nl\/fr\/declaration-de-confidentialite\/\">Politique de confidentialit\u00e9<\/a><\/li>\n  <\/ul>\n<\/body>\n<\/html>","protected":false},"excerpt":{"rendered":"<p>Sitemap | Frickin Sitemap Home Home Collecties Leren handschoenen voor heren Autohandschoenen voor heren Leren handschoenen voor dames Dames wanten Mutsen en sjaals Portemonnees Riemen Blog &#038; Inspiratie Blog overzicht Leersoorten handschoenen Handschoenen onderhouden Over Frickin Over ons Duurzame handschoenen B2B Partner worden Contact Klantenservice Veelgestelde vragen (FAQ) Handschoenenmaat bepalen Verzending &#038; levering Retourneren en[&#8230;]\n","protected":false},"author":87,"featured_media":0,"parent":0,"menu_order":0,"comment_status":"closed","ping_status":"closed","template":"","meta":{"footnotes":""},"class_list":["post-31412","page","type-page","status-publish","hentry"],"_links":{"self":[{"href":"https:\/\/frickin.nl\/fr\/wp-json\/wp\/v2\/pages\/31412","targetHints":{"allow":["GET"]}}],"collection":[{"href":"https:\/\/frickin.nl\/fr\/wp-json\/wp\/v2\/pages"}],"about":[{"href":"https:\/\/frickin.nl\/fr\/wp-json\/wp\/v2\/types\/page"}],"author":[{"embeddable":true,"href":"https:\/\/frickin.nl\/fr\/wp-json\/wp\/v2\/users\/87"}],"replies":[{"embeddable":true,"href":"https:\/\/frickin.nl\/fr\/wp-json\/wp\/v2\/comments?post=31412"}],"version-history":[{"count":9,"href":"https:\/\/frickin.nl\/fr\/wp-json\/wp\/v2\/pages\/31412\/revisions"}],"predecessor-version":[{"id":31425,"href":"https:\/\/frickin.nl\/fr\/wp-json\/wp\/v2\/pages\/31412\/revisions\/31425"}],"wp:attachment":[{"href":"https:\/\/frickin.nl\/fr\/wp-json\/wp\/v2\/media?parent=31412"}],"curies":[{"name":"wp","href":"https:\/\/api.w.org\/{rel}","templated":true}]}}