{"id":9939,"date":"2021-08-04T16:09:53","date_gmt":"2021-08-04T16:09:53","guid":{"rendered":"https:\/\/frickin.nl\/?page_id=9939"},"modified":"2022-03-31T15:23:09","modified_gmt":"2022-03-31T13:23:09","slug":"methodes-de-payement","status":"publish","type":"page","link":"https:\/\/frickin.nl\/fr\/betaalmethodes\/","title":{"rendered":"M\u00e9thodes de paiement"},"content":{"rendered":"<section class=\"section\" id=\"section_1049330003\">\n\t\t<div class=\"section-bg fill\" >\n\t\t\t\t\t\t\t\t\t\n\t\t\t\n\n\t\t<\/div>\n\n\t\t\n\n\t\t<div class=\"section-content relative\">\n\t\t\t\n\n<div class=\"row align-center\" style=\"max-width:1200px\" id=\"row-737198290\">\n\n\n\t<div id=\"col-373132179\" class=\"col medium-10 small-12 large-10\"  >\n\t\t\t\t<div class=\"col-inner\"  >\n\t\t\t\n\t\t\t\n\n\t<div id=\"text-436819496\" class=\"text\">\n\t\t\n\n<h1>Avec quoi pouvez-vous payer chez Frickin ?<\/h1>\n\t\t\n<style>\n#text-436819496 {\n  font-size: 1.75rem;\n  text-align: center;\n}\n<\/style>\n\t<\/div>\n\t\n\t<div id=\"gap-1518368241\" class=\"gap-element clearfix\" style=\"display:block; height:auto;\">\n\t\t\n<style>\n#gap-1518368241 {\n  padding-top: 10px;\n}\n<\/style>\n\t<\/div>\n\t\n\n\t<div id=\"text-1418447821\" class=\"text\">\n\t\t\n\n<ul>\n<li class=\"bullet-checkmark\" style=\"text-align: left;\">Carte de cr\u00e9dit&nbsp;<\/li>\n<li class=\"bullet-checkmark\" style=\"text-align: left;\">Visa<\/li>\n<li class=\"bullet-checkmark\" style=\"text-align: left;\">Mastercard<\/li>\n<li class=\"bullet-checkmark\" style=\"text-align: left;\">American Express<\/li>\n<li class=\"bullet-checkmark\" style=\"text-align: left;\">iDEAL<\/li>\n<li class=\"bullet-checkmark\" style=\"text-align: left;\">PayPal<\/li>\n<li class=\"bullet-checkmark\" style=\"text-align: left;\">Apple Pay<\/li>\n<li class=\"bullet-checkmark\" style=\"text-align: left;\">Bancontact&nbsp;<\/li>\n<li class=\"bullet-checkmark\" style=\"text-align: left;\">Giropay<\/li>\n<li class=\"bullet-checkmark\" style=\"text-align: left;\">Klarna&nbsp;<\/li>\n<\/ul>\n<h3 class=\"p4\"><b>Payez en toute s\u00e9curit\u00e9<\/b><\/h3>\n<p class=\"p3\">Toutes les transactions effectu\u00e9es en ligne via notre boutique en ligne sont s\u00e9curis\u00e9es et crypt\u00e9es par SSL. En bref, vos coordonn\u00e9es bancaires ne seront jamais stock\u00e9es, enregistr\u00e9es ou donn\u00e9es \u00e0 des tiers par nous.<\/p>\n<h3 class=\"p1\"><b>M\u00e9thodes de paiement<\/b><\/h3>\n<p class=\"p3\">Carte de cr\u00e9dit (Visa, Mastercard et American express), iDeal, PayPal, Apple pay, Bancontact (Mister Cash), GiroPay, Postpayment via Klarna (Pay later).<\/p>\n<h6 class=\"p1\"><b>M\u00e9thodes de paiement<\/b><\/h6>\n<p>Maintenant que vous savez comment payer en toute s\u00e9curit\u00e9 vos achats chez Frickin, jetez un coup d'\u0153il \u00e0 notre site web <a href=\"https:\/\/frickin.nl\/fr\/le-magasin\/\">boutique<\/a>.<\/p>\n\t\t\n<style>\n#text-1418447821 {\n  text-align: center;\n}\n<\/style>\n\t<\/div>\n\t\n\n\t\t<\/div>\n\t\t\t\t\t<\/div>\n\n\t\n\n<\/div>\n\n\t\t<\/div>\n\n\t\t\n<style>\n#section_1049330003 {\n  padding-top: 30px;\n  padding-bottom: 30px;\n}\n<\/style>\n\t<\/section>\n\t\n\n\t<section class=\"section dark\" id=\"section_159510966\">\n\t\t<div class=\"section-bg fill\" >\n\t\t\t\t\t\t\t\t\t\n\t\t\t\n\n\t\t<\/div>\n\n\t\t\n\n\t\t<div class=\"section-content relative\">\n\t\t\t\n\n\t<div id=\"gap-1583115984\" class=\"gap-element clearfix\" style=\"display:block; height:auto;\">\n\t\t\n<style>\n#gap-1583115984 {\n  padding-top: 30px;\n}\n<\/style>\n\t<\/div>\n\t\n\n<div class=\"row align-bottom\" style=\"max-width:1200px\" id=\"row-957593210\">\n\n\n\t<div id=\"col-31050205\" class=\"col medium-12 small-12 large-6\"  >\n\t\t\t\t<div class=\"col-inner\"  >\n\t\t\t\n\t\t\t\n\n\t<div id=\"text-4258893292\" class=\"text\">\n\t\t\n\n<h6>Contact<\/h6>\n\t\t\n<style>\n#text-4258893292 {\n  font-size: 1.1rem;\n  text-align: left;\n}\n<\/style>\n\t<\/div>\n\t\n\t<div id=\"text-1360392240\" class=\"text\">\n\t\t\n\n<h2>Des probl\u00e8mes de paiement ?&nbsp;<\/h2>\n\t\t\n<style>\n#text-1360392240 {\n  font-size: 2rem;\n}\n@media (min-width:550px) {\n  #text-1360392240 {\n    font-size: 1.5rem;\n  }\n}\n<\/style>\n\t<\/div>\n\t\n\n\t\t<\/div>\n\t\t\t\t\t<\/div>\n\n\t\n\n\t<div id=\"col-603148085\" class=\"col medium-12 small-12 large-6\"  >\n\t\t\t\t<div class=\"col-inner\"  >\n\t\t\t\n\t\t\t\n\n<a href=\"https:\/\/frickin.nl\/fr\/contact\/\" class=\"button white expand\" style=\"padding:5px 0px 5px 0px;\">\n\t\t<span>Prenez contact avec nous !<\/span>\n\t<\/a>\n\n\n\n\t\t<\/div>\n\t\t\t\t\n<style>\n#col-603148085 > .col-inner {\n  padding: 0px 0px 0px 0;\n  margin: -0 0px 0px 0px;\n}\n@media (min-width:850px) {\n  #col-603148085 > .col-inner {\n    padding: 0px 0px 0px 30px;\n    margin: -70px 0px 0px 0px;\n  }\n}\n<\/style>\n\t<\/div>\n\n\t\n\n<\/div>\n\n\t\t<\/div>\n\n\t\t\n<style>\n#section_159510966 {\n  padding-top: 30px;\n  padding-bottom: 30px;\n  background-color: rgb(39, 54, 71);\n}\n<\/style>\n\t<\/section>","protected":false},"excerpt":{"rendered":"","protected":false},"author":1,"featured_media":0,"parent":0,"menu_order":0,"comment_status":"closed","ping_status":"closed","template":"","meta":{"footnotes":""},"class_list":["post-9939","page","type-page","status-publish","hentry"],"_links":{"self":[{"href":"https:\/\/frickin.nl\/fr\/wp-json\/wp\/v2\/pages\/9939","targetHints":{"allow":["GET"]}}],"collection":[{"href":"https:\/\/frickin.nl\/fr\/wp-json\/wp\/v2\/pages"}],"about":[{"href":"https:\/\/frickin.nl\/fr\/wp-json\/wp\/v2\/types\/page"}],"author":[{"embeddable":true,"href":"https:\/\/frickin.nl\/fr\/wp-json\/wp\/v2\/users\/1"}],"replies":[{"embeddable":true,"href":"https:\/\/frickin.nl\/fr\/wp-json\/wp\/v2\/comments?post=9939"}],"version-history":[{"count":5,"href":"https:\/\/frickin.nl\/fr\/wp-json\/wp\/v2\/pages\/9939\/revisions"}],"predecessor-version":[{"id":14959,"href":"https:\/\/frickin.nl\/fr\/wp-json\/wp\/v2\/pages\/9939\/revisions\/14959"}],"wp:attachment":[{"href":"https:\/\/frickin.nl\/fr\/wp-json\/wp\/v2\/media?parent=9939"}],"curies":[{"name":"wp","href":"https:\/\/api.w.org\/{rel}","templated":true}]}}