{"id":9946,"date":"2021-08-04T17:09:56","date_gmt":"2021-08-04T17:09:56","guid":{"rendered":"https:\/\/frickin.nl\/?page_id=9946"},"modified":"2025-10-03T01:19:53","modified_gmt":"2025-10-02T23:19:53","slug":"a-propos-de-nous","status":"publish","type":"page","link":"https:\/\/frickin.nl\/fr\/over-ons\/","title":{"rendered":"A propos de nous"},"content":{"rendered":"<section class=\"section\" id=\"section_2136428484\">\n\t\t<div class=\"section-bg fill\" >\n\t\t\t\t\t\t\t\t\t\n\t\t\t\n\n\t\t<\/div>\n\n\t\t\n\n\t\t<div class=\"section-content relative\">\n\t\t\t\n\n<div class=\"row align-center\" style=\"max-width:1200px\" id=\"row-890873336\">\n\n\n\t<div id=\"col-1390931408\" class=\"col medium-10 small-12 large-10\"  >\n\t\t\t\t<div class=\"col-inner\"  >\n\t\t\t\n\t\t\t\n\n\t<div id=\"text-328462827\" class=\"text\">\n\t\t\n\n<h1><span style=\"font-size: 100%;\">A propos de nous...<\/span><\/h1>\n\t\t\n<style>\n#text-328462827 {\n  font-size: 1.1rem;\n  text-align: center;\n}\n<\/style>\n\t<\/div>\n\t\n\t<div id=\"text-2191812304\" class=\"text\">\n\t\t\n\n<h2>Le style avec une vision<\/h2>\n\t\t\n<style>\n#text-2191812304 {\n  font-size: 1.75rem;\n  text-align: center;\n}\n<\/style>\n\t<\/div>\n\t\n\t<div id=\"gap-791438472\" class=\"gap-element clearfix\" style=\"display:block; height:auto;\">\n\t\t\n<style>\n#gap-791438472 {\n  padding-top: 10px;\n}\n<\/style>\n\t<\/div>\n\t\n\n\t<div id=\"text-239146920\" class=\"text\">\n\t\t\n\n<ul>\n<li class=\"bullet-star\" style=\"text-align: left;\">Des accessoires intemporels pour tous les jours<\/li>\n<li class=\"bullet-star\" style=\"text-align: left;\">Mat\u00e9riaux de haute qualit\u00e9<\/li>\n<li class=\"bullet-star\" style=\"text-align: left;\">\u00c9thique<\/li>\n<li class=\"bullet-star\" style=\"text-align: left;\">Des choix durables<\/li>\n<li class=\"bullet-star\" style=\"text-align: left;\">Collection exclusive<\/li>\n<\/ul>\n<h3 class=\"p1\" style=\"text-align: left;\"><b>Notre mission : style et qualit\u00e9 au quotidien<\/b><\/h3>\n<p style=\"text-align: left;\">Frickin est n\u00e9 d'un amour pour les accessoires souvent oubli\u00e9s. Alors que les chaussures et les vestes ont toujours \u00e9t\u00e9 au centre de l'attention, nous voulions sp\u00e9cifiquement <a href=\"https:\/\/frickin.nl\/fr\/lerecueil\/gants-hommes-2\/gants-cuir-homme\/\">gants en cuir pour hommes<\/a> Pour les femmes et les hommes, les chapeaux et les \u00e9charpes reviennent sur le devant de la sc\u00e8ne. Les accessoires compl\u00e8tent une tenue, lui donnent du caract\u00e8re et montrent que vous avez le sens du d\u00e9tail. Notre mission ? Cr\u00e9er des mod\u00e8les intemporels qui ne sont pas seulement \u00e9l\u00e9gants, mais qui durent aussi des ann\u00e9es. Pas de tendances \u00e9ph\u00e9m\u00e8res, mais une qualit\u00e9 durable qui peut \u00eatre port\u00e9e tous les jours.<\/p>\n<h3 class=\"p1\" style=\"text-align: left;\"><b>Un savoir-faire et des mat\u00e9riaux qui font la diff\u00e9rence<\/b><\/h3>\n<p class=\"p3\" style=\"text-align: left;\">Chaque produit Frickin commence par le choix de mat\u00e9riaux de haute qualit\u00e9. Nos gants sont en cuir r\u00e9sistant, nos bonnets et nos \u00e9charpes en laine m\u00e9rinos 100%, qui est douce, chaude et respirante, sans d\u00e9mangeaisons. En outre, nous sommes critiques dans le choix des mat\u00e9riaux : nous n'utilisons pas de peau de cerf, par exemple, car elle provient d'animaux sauvages et est, selon nous, inacceptable d'un point de vue \u00e9thique. Au lieu de cela <a href=\"https:\/\/frickin.nl\/fr\/differents-cuirs\/\">nous choisissons consciemment le cuir<\/a> qui sont des sous-produits de l'industrie alimentaire. Ainsi, rien n'est gaspill\u00e9 et nous minimisons l'impact sur les personnes, les animaux et l'environnement. De la couture \u00e0 la <a href=\"https:\/\/frickin.nl\/fr\/doublure-pour-gants\/\">la doublure : tout pour le confort<\/a>La qualit\u00e9 et le luxe que l'on ressent d\u00e8s que l'on porte un accessoire Frickin.<\/p>\n<h3><img loading=\"lazy\" decoding=\"async\" class=\"alignleft wp-image-31623 size-full\" src=\"https:\/\/frickin.nl\/wp-content\/uploads\/2025\/10\/Frickin-accessoires-vakmanschap-premium-leer-en-wol.jpg\" alt=\"Frickin accessoires faits main cuir et laine\" width=\"1024\" height=\"1024\" srcset=\"https:\/\/frickin.nl\/wp-content\/uploads\/2025\/10\/Frickin-accessoires-vakmanschap-premium-leer-en-wol.jpg 1024w, https:\/\/frickin.nl\/wp-content\/uploads\/2025\/10\/Frickin-accessoires-vakmanschap-premium-leer-en-wol-300x300.jpg 300w, https:\/\/frickin.nl\/wp-content\/uploads\/2025\/10\/Frickin-accessoires-vakmanschap-premium-leer-en-wol-150x150.jpg 150w, https:\/\/frickin.nl\/wp-content\/uploads\/2025\/10\/Frickin-accessoires-vakmanschap-premium-leer-en-wol-768x768.jpg 768w, https:\/\/frickin.nl\/wp-content\/uploads\/2025\/10\/Frickin-accessoires-vakmanschap-premium-leer-en-wol-12x12.jpg 12w, https:\/\/frickin.nl\/wp-content\/uploads\/2025\/10\/Frickin-accessoires-vakmanschap-premium-leer-en-wol-510x510.jpg 510w, https:\/\/frickin.nl\/wp-content\/uploads\/2025\/10\/Frickin-accessoires-vakmanschap-premium-leer-en-wol-100x100.jpg 100w\" sizes=\"auto, (max-width: 1024px) 100vw, 1024px\" \/><\/h3>\n<h3>\u00a0<\/h3>\n<h3 class=\"p1\" style=\"text-align: left;\"><b>La durabilit\u00e9, un choix conscient\u00a0<\/b><\/h3>\n<p class=\"p3\" style=\"text-align: left;\">La mode peut \u00eatre \u00e9l\u00e9gante, mais elle doit aussi \u00eatre responsable. C'est pourquoi nous utilisons du cuir provenant d'un sous-produit de l'industrie alimentaire, choisissons consciemment des mat\u00e9riaux qui durent et compensent nos \u00e9missions de CO\u2082, et exp\u00e9dions nos produits \u00e0 domicile. Nous avons remplac\u00e9 les emballages en plastique par des alternatives durables et avons m\u00eame d\u00e9velopp\u00e9 notre propre ligne de gants v\u00e9g\u00e9taliens. C'est ainsi que Frickin associe le style \u00e0 une vision claire de l'avenir.<\/p>\n<p><em>Vous souhaitez vous tenir au courant de nos choix durables et des derni\u00e8res tendances en mati\u00e8re d'accessoires ? <a href=\"https:\/\/frickin.nl\/fr\/blog\/\">Ensuite, visitez le Frickin stylebook avec des histoires, des conseils de style et des nouvelles.<\/a>.<\/em><\/p>\n<h3 class=\"p1\" style=\"text-align: left;\"><b>Du chapeau \u00e0 la ceinture en cuir : une collection \u00e0 votre image<\/b><\/h3>\n<p class=\"p3\" style=\"text-align: left;\">Ce qui a commenc\u00e9 par une passion pour les gants en cuir s'est transform\u00e9 en une collection compl\u00e8te. Aujourd'hui, chez Frickin, vous trouverez non seulement <a href=\"https:\/\/frickin.nl\/fr\/lerecueil\/gants-femme-6\/\">gants exclusifs pour femmes<\/a> et messieurs, mais aussi <a href=\"https:\/\/frickin.nl\/fr\/lerecueil\/mutsen-en-sjaals\/\">bonnets et \u00e9charpes en laine m\u00e9rinos<\/a>, <a href=\"https:\/\/frickin.nl\/fr\/lerecueil\/riemen\/\">sangles en cuir<\/a>, <a href=\"https:\/\/frickin.nl\/fr\/lerecueil\/portemonnee\/\">sacs \u00e0 main<\/a> et <a href=\"https:\/\/frickin.nl\/fr\/lerecueil\/leren-tassen\/\">sacs en cuir<\/a>. Tous sont con\u00e7us avec la m\u00eame philosophie : \u00e9l\u00e9gants, fonctionnels et toujours dans un souci de qualit\u00e9. Vous trouverez donc des accessoires pour chaque occasion et pour compl\u00e9ter votre look.<\/p>\n<h3 class=\"p1\" style=\"text-align: left;\"><b>Frickin, une marque qui grandit avec vous <\/b><\/h3>\n<p class=\"p3\" style=\"text-align: left;\">Frickin s'adresse aux personnes qui choisissent le style, le confort et la responsabilit\u00e9. Pour tous ceux qui pensent que les accessoires sont plus qu'un d\u00e9tail : ils sont la touche finale qui donne du caract\u00e8re \u00e0 votre tenue. Nos cr\u00e9ations \u00e9voluent avec vous, du froid hivernal aux r\u00e9unions d'affaires et aux week-ends d\u00e9contract\u00e9s. <a href=\"https:\/\/frickin.nl\/fr\/\">Avec Frickin, vous choisissez des accessoires intemporels<\/a> que vous appr\u00e9cierez aujourd'hui et dont vous serez fier demain.<\/p>\n<p class=\"p3\" style=\"text-align: left;\"><img loading=\"lazy\" decoding=\"async\" class=\"aligncenter wp-image-9745 size-full\" src=\"https:\/\/frickin.nl\/wp-content\/uploads\/2021\/03\/Frickin-menu.png\" alt=\"Putain de logo de menu\" width=\"500\" height=\"350\" srcset=\"https:\/\/frickin.nl\/wp-content\/uploads\/2021\/03\/Frickin-menu.png 500w, https:\/\/frickin.nl\/wp-content\/uploads\/2021\/03\/Frickin-menu-300x210.png 300w, https:\/\/frickin.nl\/wp-content\/uploads\/2021\/03\/Frickin-menu-16x12.png 16w\" sizes=\"auto, (max-width: 500px) 100vw, 500px\" \/><\/p>\n\t\t\n<style>\n#text-239146920 {\n  text-align: center;\n}\n<\/style>\n\t<\/div>\n\t\n\n\t\t<\/div>\n\t\t\t\t\t<\/div>\n\n\t\n\n<\/div>\n\n\t\t<\/div>\n\n\t\t\n<style>\n#section_2136428484 {\n  padding-top: 30px;\n  padding-bottom: 30px;\n}\n<\/style>\n\t<\/section>\n\t\n\n\t<section class=\"section dark\" id=\"section_260647219\">\n\t\t<div class=\"section-bg fill\" >\n\t\t\t\t\t\t\t\t\t\n\t\t\t\n\n\t\t<\/div>\n\n\t\t\n\n\t\t<div class=\"section-content relative\">\n\t\t\t\n\n\t<div id=\"gap-1010885411\" class=\"gap-element clearfix\" style=\"display:block; height:auto;\">\n\t\t\n<style>\n#gap-1010885411 {\n  padding-top: 30px;\n}\n<\/style>\n\t<\/div>\n\t\n\n<div class=\"row align-bottom\" style=\"max-width:1200px\" id=\"row-953631046\">\n\n\n\t<div id=\"col-1286665597\" class=\"col medium-12 small-12 large-6\"  >\n\t\t\t\t<div class=\"col-inner\"  >\n\t\t\t\n\t\t\t\n\n\t<div id=\"text-3763708079\" class=\"text\">\n\t\t\n\n<h6>Contact<\/h6>\n\t\t\n<style>\n#text-3763708079 {\n  font-size: 1.1rem;\n  text-align: left;\n}\n<\/style>\n\t<\/div>\n\t\n\t<div id=\"text-3158435991\" class=\"text\">\n\t\t\n\n<h2>Voulez-vous en savoir plus ?&nbsp;<\/h2>\n\t\t\n<style>\n#text-3158435991 {\n  font-size: 2rem;\n}\n@media (min-width:550px) {\n  #text-3158435991 {\n    font-size: 1.5rem;\n  }\n}\n<\/style>\n\t<\/div>\n\t\n\n\t\t<\/div>\n\t\t\t\t\t<\/div>\n\n\t\n\n\t<div id=\"col-226856101\" class=\"col medium-12 small-12 large-6\"  >\n\t\t\t\t<div class=\"col-inner\"  >\n\t\t\t\n\t\t\t\n\n<a href=\"https:\/\/frickin.nl\/fr\/contact\/\" class=\"button white expand\" style=\"padding:5px 0px 5px 0px;\">\n\t\t<span>Prenez contact avec nous !<\/span>\n\t<\/a>\n\n\n\n\t\t<\/div>\n\t\t\t\t\n<style>\n#col-226856101 > .col-inner {\n  padding: 0px 0px 0px 0;\n  margin: -0 0px 0px 0px;\n}\n@media (min-width:850px) {\n  #col-226856101 > .col-inner {\n    padding: 0px 0px 0px 30px;\n    margin: -70px 0px 0px 0px;\n  }\n}\n<\/style>\n\t<\/div>\n\n\t\n\n<\/div>\n\n\t\t<\/div>\n\n\t\t\n<style>\n#section_260647219 {\n  padding-top: 30px;\n  padding-bottom: 30px;\n  background-color: rgb(39, 54, 71);\n}\n<\/style>\n\t<\/section>","protected":false},"excerpt":{"rendered":"","protected":false},"author":1,"featured_media":0,"parent":0,"menu_order":0,"comment_status":"closed","ping_status":"closed","template":"","meta":{"footnotes":""},"class_list":["post-9946","page","type-page","status-publish","hentry"],"_links":{"self":[{"href":"https:\/\/frickin.nl\/fr\/wp-json\/wp\/v2\/pages\/9946","targetHints":{"allow":["GET"]}}],"collection":[{"href":"https:\/\/frickin.nl\/fr\/wp-json\/wp\/v2\/pages"}],"about":[{"href":"https:\/\/frickin.nl\/fr\/wp-json\/wp\/v2\/types\/page"}],"author":[{"embeddable":true,"href":"https:\/\/frickin.nl\/fr\/wp-json\/wp\/v2\/users\/1"}],"replies":[{"embeddable":true,"href":"https:\/\/frickin.nl\/fr\/wp-json\/wp\/v2\/comments?post=9946"}],"version-history":[{"count":12,"href":"https:\/\/frickin.nl\/fr\/wp-json\/wp\/v2\/pages\/9946\/revisions"}],"predecessor-version":[{"id":31626,"href":"https:\/\/frickin.nl\/fr\/wp-json\/wp\/v2\/pages\/9946\/revisions\/31626"}],"wp:attachment":[{"href":"https:\/\/frickin.nl\/fr\/wp-json\/wp\/v2\/media?parent=9946"}],"curies":[{"name":"wp","href":"https:\/\/api.w.org\/{rel}","templated":true}]}}