{"id":10030,"date":"2021-08-10T11:48:02","date_gmt":"2021-08-10T11:48:02","guid":{"rendered":"https:\/\/frickin.nl\/?post_type=product&#038;p=10030"},"modified":"2026-04-16T02:34:56","modified_gmt":"2026-04-16T00:34:56","slug":"gant-de-conduite-femme-f1-noir-jaune","status":"publish","type":"product","link":"https:\/\/frickin.nl\/fr\/product\/vintage-autohandschoenen-dames-f1-zwart-geel\/","title":{"rendered":"F1 (Dames) - Gants de voiture en cuir noir avec bordures jaunes, fonction tactile, d\u00e9coupe du dos et trous pour les articulations"},"content":{"rendered":"<h2 style=\"text-align: left;\">Gants de voiture vintage - F1<\/h2>\n<p>Les gants de voiture F1 en cuir noir avec bordure jaune sont indispensables \u00e0 tout amateur de voitures. Ils se portent comme une seconde peau et sont parfaits pour la voiture, la moto ou le v\u00e9lo. Le cuir de mouton de haute qualit\u00e9 s'adapte \u00e0 vos mains et emp\u00eache la transpiration excessive gr\u00e2ce au cuir perfor\u00e9. Ces gants offrent une excellente adh\u00e9rence et am\u00e9liorent votre s\u00e9curit\u00e9 sur la route. Ils sont \u00e9galement dot\u00e9s d'un \u00e9cran tactile, ce qui vous permet d'utiliser votre t\u00e9l\u00e9phone ou votre syst\u00e8me de navigation sans les enlever. Choisissez votre style, car nous les proposons en plusieurs couleurs. Les gants de voiture F1 allient style, confort et s\u00e9curit\u00e9 et ne devraient pas manquer dans votre garde-robe. Trouvez la paire de gants id\u00e9ale pour votre partenaire dans notre collection. <a href=\"https:\/\/frickin.nl\/fr\/lerecueil\/gants-hommes-2\/gants-de-voiture-hommes\/\">gants de voiture en cuir pour hommes<\/a>.<\/p>","protected":false},"excerpt":{"rendered":"<p><strong><i>Les gants F1 Vintage Car pour femmes sont non doubl\u00e9s et pr\u00e9sentent les caract\u00e9ristiques suivantes\u00a0<\/i><b style=\"font-style: italic;\">Dos d\u00e9coup\u00e9 et trous pour les articulations<\/b><i> avec une bordure jaune. En outre, ils sont fabriqu\u00e9s en cuir d'agneau 100% perfor\u00e9 et disposent d'une fonction d'\u00e9cran tactile. Ils peuvent donc \u00eatre utilis\u00e9s avec n'importe quel syst\u00e8me de navigation ou smartphone.<\/i><\/strong><\/p>","protected":false},"featured_media":10318,"comment_status":"open","ping_status":"closed","template":"","meta":[],"product_brand":[],"product_cat":[178,17,183],"product_tag":[220,204,96,80],"woo-feed-brand":[191],"class_list":{"0":"post-10030","1":"product","2":"type-product","3":"status-publish","4":"has-post-thumbnail","6":"product_cat-autohandschoenen-dames","7":"product_cat-dames-handschoenen","8":"product_cat-touchscreen-handschoenen-dames","9":"product_tag-autohandschoenen","10":"product_tag-handschoenen-sale","11":"product_tag-smartphone-handschoenen","12":"product_tag-zwarte-handschoenen","13":"woo-feed-brand-frickin","15":"first","16":"outofstock","17":"taxable","18":"shipping-taxable","19":"purchasable","20":"product-type-variable","21":"has-default-attributes"},"_links":{"self":[{"href":"https:\/\/frickin.nl\/fr\/wp-json\/wp\/v2\/product\/10030","targetHints":{"allow":["GET"]}}],"collection":[{"href":"https:\/\/frickin.nl\/fr\/wp-json\/wp\/v2\/product"}],"about":[{"href":"https:\/\/frickin.nl\/fr\/wp-json\/wp\/v2\/types\/product"}],"replies":[{"embeddable":true,"href":"https:\/\/frickin.nl\/fr\/wp-json\/wp\/v2\/comments?post=10030"}],"wp:featuredmedia":[{"embeddable":true,"href":"https:\/\/frickin.nl\/fr\/wp-json\/wp\/v2\/media\/10318"}],"wp:attachment":[{"href":"https:\/\/frickin.nl\/fr\/wp-json\/wp\/v2\/media?parent=10030"}],"wp:term":[{"taxonomy":"product_brand","embeddable":true,"href":"https:\/\/frickin.nl\/fr\/wp-json\/wp\/v2\/product_brand?post=10030"},{"taxonomy":"product_cat","embeddable":true,"href":"https:\/\/frickin.nl\/fr\/wp-json\/wp\/v2\/product_cat?post=10030"},{"taxonomy":"product_tag","embeddable":true,"href":"https:\/\/frickin.nl\/fr\/wp-json\/wp\/v2\/product_tag?post=10030"},{"taxonomy":"woo-feed-brand","embeddable":true,"href":"https:\/\/frickin.nl\/fr\/wp-json\/wp\/v2\/woo-feed-brand?post=10030"}],"curies":[{"name":"wp","href":"https:\/\/api.w.org\/{rel}","templated":true}]}}