{"id":10039,"date":"2021-08-10T11:58:32","date_gmt":"2021-08-10T11:58:32","guid":{"rendered":"https:\/\/frickin.nl\/?post_type=product&#038;p=10039"},"modified":"2026-04-17T02:38:48","modified_gmt":"2026-04-17T00:38:48","slug":"gant-de-conduite-femme-gt-chameau","status":"publish","type":"product","link":"https:\/\/frickin.nl\/fr\/product\/autohandschoenen-dames-leer-gt-camel\/","title":{"rendered":"GT (Dames) - Gants de voiture en cuir de couleur camel avec \u00e9cran tactile, dos d\u00e9coup\u00e9 et trous pour les articulations"},"content":{"rendered":"<h2 style=\"text-align: left;\">Gants de voiture en cuir pour femmes - GT<\/h2>\n<p>Les gants de voiture GT sont la d\u00e9finition de la classe et du style, non seulement pour les passionn\u00e9s de voitures, mais aussi pour toute femme moderne qui appr\u00e9cie l'\u00e9l\u00e9gance et la fonctionnalit\u00e9. Fabriqu\u00e9s en cuir de mouton de premi\u00e8re qualit\u00e9 avec des coutures int\u00e9rieures sophistiqu\u00e9es, ces gants offrent un confort in\u00e9gal\u00e9 et font passer votre exp\u00e9rience de conduite au niveau sup\u00e9rieur. Le cuir perfor\u00e9 avec des d\u00e9coupes au niveau du dos et des articulations assure une ventilation optimale, ce qui permet d'\u00e9viter la transpiration excessive, m\u00eame pendant les longs trajets en d\u00e9capotable, en voiture, en moto ou \u00e0 v\u00e9lo. Cela am\u00e9liore non seulement votre confort, mais aussi votre s\u00e9curit\u00e9 sur la route.<\/p>\n<p>Avec une excellente adh\u00e9rence au volant, quelles que soient les conditions, vous garderez le contr\u00f4le total de votre v\u00e9hicule. Les gants sont \u00e9galement \u00e9quip\u00e9s d'un \u00e9cran tactile, ce qui vous permet d'utiliser votre t\u00e9l\u00e9phone ou votre syst\u00e8me de navigation sans avoir \u00e0 retirer les gants. Cette paire de gants exclusive est le compl\u00e9ment parfait de la tenue de toute femme moderne qui recherche le style, la fonctionnalit\u00e9 et une touche de luxe sur la route. Choisissez le confort, choisissez le style, choisissez les GT-<a href=\"https:\/\/frickin.nl\/fr\/lerecueil\/gants-hommes-2\/gants-de-voiture-hommes\/\">gants de voiture<\/a> de Frickin.<\/p>","protected":false},"excerpt":{"rendered":"<p><em><strong>Les gants de voiture GT en cuir pour femmes ne sont pas doubl\u00e9s et pr\u00e9sentent des d\u00e9coupes dans le dos et des trous pour les articulations. Ils sont \u00e9galement fabriqu\u00e9s en cuir d'agneau 100% perfor\u00e9 et disposent d'une fonction d'\u00e9cran tactile. Id\u00e9al pour utiliser votre syst\u00e8me de navigation et votre smartphone sur la route.<\/strong><\/em><\/p>\n<p>&nbsp;<\/p>","protected":false},"featured_media":10522,"comment_status":"open","ping_status":"closed","template":"","meta":[],"product_brand":[],"product_cat":[178,168,183],"product_tag":[220,203,96],"woo-feed-brand":[191],"class_list":{"0":"post-10039","1":"product","2":"type-product","3":"status-publish","4":"has-post-thumbnail","6":"product_cat-autohandschoenen-dames","7":"product_cat-leren-handschoenen-dames","8":"product_cat-touchscreen-handschoenen-dames","9":"product_tag-autohandschoenen","10":"product_tag-bruine-handschoenen","11":"product_tag-smartphone-handschoenen","12":"woo-feed-brand-frickin","14":"first","15":"outofstock","16":"taxable","17":"shipping-taxable","18":"purchasable","19":"product-type-variable","20":"has-default-attributes"},"_links":{"self":[{"href":"https:\/\/frickin.nl\/fr\/wp-json\/wp\/v2\/product\/10039","targetHints":{"allow":["GET"]}}],"collection":[{"href":"https:\/\/frickin.nl\/fr\/wp-json\/wp\/v2\/product"}],"about":[{"href":"https:\/\/frickin.nl\/fr\/wp-json\/wp\/v2\/types\/product"}],"replies":[{"embeddable":true,"href":"https:\/\/frickin.nl\/fr\/wp-json\/wp\/v2\/comments?post=10039"}],"wp:featuredmedia":[{"embeddable":true,"href":"https:\/\/frickin.nl\/fr\/wp-json\/wp\/v2\/media\/10522"}],"wp:attachment":[{"href":"https:\/\/frickin.nl\/fr\/wp-json\/wp\/v2\/media?parent=10039"}],"wp:term":[{"taxonomy":"product_brand","embeddable":true,"href":"https:\/\/frickin.nl\/fr\/wp-json\/wp\/v2\/product_brand?post=10039"},{"taxonomy":"product_cat","embeddable":true,"href":"https:\/\/frickin.nl\/fr\/wp-json\/wp\/v2\/product_cat?post=10039"},{"taxonomy":"product_tag","embeddable":true,"href":"https:\/\/frickin.nl\/fr\/wp-json\/wp\/v2\/product_tag?post=10039"},{"taxonomy":"woo-feed-brand","embeddable":true,"href":"https:\/\/frickin.nl\/fr\/wp-json\/wp\/v2\/woo-feed-brand?post=10039"}],"curies":[{"name":"wp","href":"https:\/\/api.w.org\/{rel}","templated":true}]}}