{"id":10201,"date":"2021-08-19T18:49:26","date_gmt":"2021-08-19T18:49:26","guid":{"rendered":"https:\/\/frickin.nl\/?post_type=product&#038;p=10201"},"modified":"2026-04-16T16:42:59","modified_gmt":"2026-04-16T14:42:59","slug":"noir-cuir-gants-femme-eve","status":"publish","type":"product","link":"https:\/\/frickin.nl\/fr\/product\/zwart-leren-handschoenen-dames-eve\/","title":{"rendered":"Eve (Noir) - Gants pour femmes en cuir de mouton avec doublure chaude en laine et fonction \u00e9cran tactile"},"content":{"rendered":"<h2 style=\"text-align: left;\">Gants en cuir noir pour dames - EVE<\/h2>\n<p>\"Eve\" transcende l'\u00e9tiquette des gants ordinaires ; c'est un symbole de luxe exclusif, d'artisanat de premi\u00e8re qualit\u00e9 et de sophistication \u00e9l\u00e9gante. Ces gants pour femmes en cuir noir classique, faits \u00e0 la main, sont con\u00e7us non seulement pour garder vos mains au chaud, mais aussi pour vous donner une allure vraiment \u00e9l\u00e9gante. Les trois coutures sur la paume d'\"Eve\" ajoutent une touche de sophistication et d'allure \u00e0 votre look. Ces gants ne sont pas seulement un accessoire pratique pour l'hiver, ils sont aussi un \u00e9l\u00e9ment de mode. Gr\u00e2ce \u00e0 la fonction tactile int\u00e9gr\u00e9e, vous pouvez utiliser sans effort votre smartphone, votre tablette ou tout autre appareil \u00e0 \u00e9cran tactile sans enlever vos gants. Ainsi, vous restez toujours connect\u00e9 et pouvez mettre \u00e0 jour vos m\u00e9dias sociaux sans effort, m\u00eame pendant les journ\u00e9es froides.<\/p>\n<p>Ce qui rend ce mod\u00e8le vraiment sp\u00e9cial, c'est la luxueuse doublure naturelle 100% qui enveloppe vos mains de confort et de chaleur. Que vous alliez au travail \u00e0 v\u00e9lo, que vous organisiez une soir\u00e9e ou que vous profitiez simplement de l'hiver en plein air, ces gants sont le choix id\u00e9al. Et si vous \u00eates \u00e0 la recherche d'une paire assortie pour votre partenaire, d\u00e9couvrez nos gants de travail soigneusement confectionn\u00e9s. <a href=\"https:\/\/frickin.nl\/fr\/lerecueil\/gants-hommes-2\/\">gants pour hommes<\/a>. Commandez avant 23h45 et votre commande sera exp\u00e9di\u00e9e aujourd'hui. Ensemble, vous pouvez faire l'exp\u00e9rience d'un style, d'une chaleur et d'un confort exclusifs, tout en b\u00e9n\u00e9ficiant de la livraison gratuite aux Pays-Bas, en Belgique et en Allemagne. Choisissez \"Eve\" et accueillez l'hiver avec une touche de luxe et d'\u00e9l\u00e9gance.<\/p>","protected":false},"excerpt":{"rendered":"<p><em><strong>Les gants Eve en cuir noir pour femme sont fabriqu\u00e9s \u00e0 partir du meilleur cuir de mouton d'Italie et sont dot\u00e9s d'une doublure en laine 100%. Gr\u00e2ce \u00e0 cette doublure naturelle, vos mains peuvent respirer et vous transpirez moins, ce qui fait que les mains moites appartiennent au pass\u00e9. Ce mod\u00e8le est \u00e9galement compatible avec l'\u00e9cran tactile, de sorte que l'utilisation de votre smartphone ne pose aucun probl\u00e8me. C'est aussi un beau cadeau \u00e0 offrir. <\/strong><\/em><\/p>","protected":false},"featured_media":31765,"comment_status":"open","ping_status":"closed","template":"","meta":[],"product_brand":[],"product_cat":[17,168,183],"product_tag":[223,96,170,103,80],"woo-feed-brand":[191],"class_list":{"0":"post-10201","1":"product","2":"type-product","3":"status-publish","4":"has-post-thumbnail","6":"product_cat-dames-handschoenen","7":"product_cat-leren-handschoenen-dames","8":"product_cat-touchscreen-handschoenen-dames","9":"product_tag-gevoerde-handschoenen","10":"product_tag-smartphone-handschoenen","11":"product_tag-waterdichte-handschoenen","12":"product_tag-winddichte-handschoenen","13":"product_tag-zwarte-handschoenen","14":"woo-feed-brand-frickin","16":"first","17":"outofstock","18":"featured","19":"taxable","20":"shipping-taxable","21":"purchasable","22":"product-type-variable","23":"has-default-attributes"},"_links":{"self":[{"href":"https:\/\/frickin.nl\/fr\/wp-json\/wp\/v2\/product\/10201","targetHints":{"allow":["GET"]}}],"collection":[{"href":"https:\/\/frickin.nl\/fr\/wp-json\/wp\/v2\/product"}],"about":[{"href":"https:\/\/frickin.nl\/fr\/wp-json\/wp\/v2\/types\/product"}],"replies":[{"embeddable":true,"href":"https:\/\/frickin.nl\/fr\/wp-json\/wp\/v2\/comments?post=10201"}],"wp:featuredmedia":[{"embeddable":true,"href":"https:\/\/frickin.nl\/fr\/wp-json\/wp\/v2\/media\/31765"}],"wp:attachment":[{"href":"https:\/\/frickin.nl\/fr\/wp-json\/wp\/v2\/media?parent=10201"}],"wp:term":[{"taxonomy":"product_brand","embeddable":true,"href":"https:\/\/frickin.nl\/fr\/wp-json\/wp\/v2\/product_brand?post=10201"},{"taxonomy":"product_cat","embeddable":true,"href":"https:\/\/frickin.nl\/fr\/wp-json\/wp\/v2\/product_cat?post=10201"},{"taxonomy":"product_tag","embeddable":true,"href":"https:\/\/frickin.nl\/fr\/wp-json\/wp\/v2\/product_tag?post=10201"},{"taxonomy":"woo-feed-brand","embeddable":true,"href":"https:\/\/frickin.nl\/fr\/wp-json\/wp\/v2\/woo-feed-brand?post=10201"}],"curies":[{"name":"wp","href":"https:\/\/api.w.org\/{rel}","templated":true}]}}