{"id":10223,"date":"2021-08-20T09:27:33","date_gmt":"2021-08-20T09:27:33","guid":{"rendered":"https:\/\/frickin.nl\/?post_type=product&#038;p=10223"},"modified":"2026-04-30T03:30:55","modified_gmt":"2026-04-30T01:30:55","slug":"noir-daim-gants-homme-max","status":"publish","type":"product","link":"https:\/\/frickin.nl\/fr\/product\/zwart-suede-ongevoerde-handschoenen-heren-max\/","title":{"rendered":"Max (Noir) - Gants en daim non doubl\u00e9s pour hommes avec ceinture et fonction tactile"},"content":{"rendered":"<h2 style=\"text-align: left;\">Gants non doubl\u00e9s en faux daim pour hommes - Max<\/h2>\n<p>Le mod\u00e8le \"Max\" est l'incarnation de la simplicit\u00e9 et de la polyvalence en mati\u00e8re de gants pour hommes. Ces gants pour homme non doubl\u00e9s en daim noir sont un accessoire indispensable pour l'automne et le printemps. Ils tombent \u00e9l\u00e9gamment sur le poignet et offrent \u00e0 la fois style et fonctionnalit\u00e9.<\/p>\n<p>L'une des caract\u00e9ristiques notables de \"Max\" est l'extr\u00e9mit\u00e9 de l'index \u00e0 \u00e9cran tactile, qui vous permet d'utiliser votre smartphone sans effort et sans enlever vos gants. Id\u00e9al pour les randonn\u00e9es o\u00f9 vous avez besoin de consulter bri\u00e8vement votre t\u00e9l\u00e9phone.<\/p>\n<p>Ces gants conviennent \u00e9galement aux randonn\u00e9es cyclistes, o\u00f9 ils offrent une meilleure prise et une protection suppl\u00e9mentaire contre le vent. Notez toutefois qu'ils ne sont pas \u00e9tanches au vent et \u00e0 l'eau. Si vous recherchez des gants dot\u00e9s de ces propri\u00e9t\u00e9s, consultez notre gamme. <a href=\"https:\/\/frickin.nl\/fr\/lerecueil\/gants-hommes-2\/gants-cuir-homme\/\">gants en cuir pour hommes<\/a>.<\/p>\n<p>\"Max\" est disponible en trois tailles : small, medium et large, afin que vous puissiez choisir la taille qui vous convient le mieux. Que vous vous rendiez au travail, que vous vous promeniez dans le parc ou que vous cherchiez simplement un compl\u00e9ment \u00e9l\u00e9gant \u00e0 votre tenue, \"Max\" offre l'\u00e9quilibre parfait entre confort et style pour la mi-saison.<\/p>","protected":false},"excerpt":{"rendered":"<p><em><strong>Ce gant en faux daim noir non doubl\u00e9 mod\u00e8le Max est une belle paire de gants qui ne doit pas manquer dans votre garde-robe. Les gants pour hommes en faux daim ne sont pas doubl\u00e9s et sont id\u00e9aux pour les hommes qui n'ont pas facilement froid mais qui veulent quand m\u00eame avoir du style. Gr\u00e2ce au bout du doigt, le Max est \u00e9galement compatible avec l'\u00e9cran tactile de tous les appareils mobiles.<\/strong><\/em><\/p>","protected":false},"featured_media":15470,"comment_status":"open","ping_status":"closed","template":"","meta":[],"product_brand":[],"product_cat":[16,182],"product_tag":[223,204,96,103,80],"woo-feed-brand":[191],"class_list":{"0":"post-10223","1":"product","2":"type-product","3":"status-publish","4":"has-post-thumbnail","6":"product_cat-heren-handschoenen","7":"product_cat-touchscreen-handschoenen-heren","8":"product_tag-gevoerde-handschoenen","9":"product_tag-handschoenen-sale","10":"product_tag-smartphone-handschoenen","11":"product_tag-winddichte-handschoenen","12":"product_tag-zwarte-handschoenen","13":"woo-feed-brand-frickin","15":"first","16":"outofstock","17":"taxable","18":"shipping-taxable","19":"purchasable","20":"product-type-variable","21":"has-default-attributes"},"_links":{"self":[{"href":"https:\/\/frickin.nl\/fr\/wp-json\/wp\/v2\/product\/10223","targetHints":{"allow":["GET"]}}],"collection":[{"href":"https:\/\/frickin.nl\/fr\/wp-json\/wp\/v2\/product"}],"about":[{"href":"https:\/\/frickin.nl\/fr\/wp-json\/wp\/v2\/types\/product"}],"replies":[{"embeddable":true,"href":"https:\/\/frickin.nl\/fr\/wp-json\/wp\/v2\/comments?post=10223"}],"wp:featuredmedia":[{"embeddable":true,"href":"https:\/\/frickin.nl\/fr\/wp-json\/wp\/v2\/media\/15470"}],"wp:attachment":[{"href":"https:\/\/frickin.nl\/fr\/wp-json\/wp\/v2\/media?parent=10223"}],"wp:term":[{"taxonomy":"product_brand","embeddable":true,"href":"https:\/\/frickin.nl\/fr\/wp-json\/wp\/v2\/product_brand?post=10223"},{"taxonomy":"product_cat","embeddable":true,"href":"https:\/\/frickin.nl\/fr\/wp-json\/wp\/v2\/product_cat?post=10223"},{"taxonomy":"product_tag","embeddable":true,"href":"https:\/\/frickin.nl\/fr\/wp-json\/wp\/v2\/product_tag?post=10223"},{"taxonomy":"woo-feed-brand","embeddable":true,"href":"https:\/\/frickin.nl\/fr\/wp-json\/wp\/v2\/woo-feed-brand?post=10223"}],"curies":[{"name":"wp","href":"https:\/\/api.w.org\/{rel}","templated":true}]}}