{"id":15393,"date":"2022-09-11T21:49:11","date_gmt":"2022-09-11T19:49:11","guid":{"rendered":"https:\/\/frickin.nl\/?post_type=product&#038;p=15393"},"modified":"2026-04-17T05:15:14","modified_gmt":"2026-04-17T03:15:14","slug":"brun-cuir-gants-homme-jack","status":"publish","type":"product","link":"https:\/\/frickin.nl\/fr\/product\/bruin-leren-heren-handschoenen-jack\/","title":{"rendered":"Jack (Goatskin) - Gants pour homme en cuir marron avec ceinture, doublure en laine 100% et fonction \u00e9cran tactile"},"content":{"rendered":"<h2 style=\"text-align: left;\">Gants en cuir brun pour hommes - Jack<\/h2>\n<p>Les gants \"Jack\" en marron fonc\u00e9 sont un chef-d'\u0153uvre d'\u00e9l\u00e9gance discr\u00e8te et de polyvalence. Ces gants d\u00e9gagent une classe intemporelle, avec une caract\u00e9ristique surprenante - ils semblent noirs, mais \u00e0 la lumi\u00e8re du soleil, ils r\u00e9v\u00e8lent une belle lueur brune. Un tr\u00e9sor \u00e0 la fois subtil et saisissant pour les amateurs de d\u00e9tails raffin\u00e9s.<\/p>\n<p>Fabriqu\u00e9s en cuir de ch\u00e8vre de haute qualit\u00e9, ces gants classiques pour homme en cuir marron sont durables et flexibles. Ils tombent gracieusement autour du poignet, ce qui constitue non seulement un subtil ajout de style, mais offre \u00e9galement une excellente protection contre le vent et la pluie. Avec \"Jack\", vos mains resteront au chaud et au sec, quel que soit le temps.<\/p>\n<p>\u00c0 l'int\u00e9rieur, ils sont doubl\u00e9s de laine naturelle, connue pour ses propri\u00e9t\u00e9s isolantes et sa respirabilit\u00e9, ce qui permet de garder les mains au chaud sans transpirer excessivement. De plus, ces gants sont dot\u00e9s d'un \u00e9cran tactile int\u00e9gr\u00e9, qui vous permet d'utiliser votre smartphone ou votre tablette sans les enlever - parfaits pour ceux qui veulent toujours rester connect\u00e9s, m\u00eame par temps froid.<\/p>\n<p>D\u00e9couvrez \u00e9galement notre <a href=\"https:\/\/frickin.nl\/fr\/produit\/gants-en-cuir-marron-hommes-james\/\">\"James<\/a>Les gants, dans la m\u00eame couleur magnifique, mais sans ceinture. Et n'oubliez pas de surprendre votre partenaire avec nos \u00e9l\u00e9gantes <a href=\"https:\/\/frickin.nl\/fr\/lerecueil\/gants-femme-6\/gants-cuir-femme\/\">gants en cuir pour dames<\/a> et b\u00e9n\u00e9ficiez ensemble de la livraison gratuite aux Pays-Bas, en Belgique et en Allemagne. Embrassons ensemble le style et la chaleur de l'hiver !<\/p>","protected":false},"excerpt":{"rendered":"<p><em><strong>Ces gants Jack en cuir marron pour hommes sont fabriqu\u00e9s en cuir de ch\u00e8vre souple et r\u00e9sistant 100% qui offre une bonne protection contre le vent et les intemp\u00e9ries. Les gants sont donc \u00e9tanches \u00e0 l'eau et au vent. Les mains et les doigts froids font partie du pass\u00e9 gr\u00e2ce \u00e0 la doublure en laine naturelle de 40 g d'\u00e9paisseur. Le tissu naturel permet aux mains de respirer et \u00e9vite les doigts moites ou en sueur. Le mod\u00e8le Jack est donc la touche finale de votre tenue !<\/strong><\/em><\/p>","protected":false},"featured_media":15548,"comment_status":"open","ping_status":"closed","template":"","meta":[],"product_brand":[],"product_cat":[16,167,253,252],"product_tag":[223,170,103,80],"woo-feed-brand":[],"class_list":{"0":"post-15393","1":"product","2":"type-product","3":"status-publish","4":"has-post-thumbnail","6":"product_cat-heren-handschoenen","7":"product_cat-leren-handschoenen-heren","8":"product_cat-scooterhandschoenen-heren","9":"product_cat-winterhandschoenen-heren","10":"product_tag-gevoerde-handschoenen","11":"product_tag-waterdichte-handschoenen","12":"product_tag-winddichte-handschoenen","13":"product_tag-zwarte-handschoenen","15":"first","16":"outofstock","17":"featured","18":"taxable","19":"shipping-taxable","20":"purchasable","21":"product-type-variable","22":"has-default-attributes"},"_links":{"self":[{"href":"https:\/\/frickin.nl\/fr\/wp-json\/wp\/v2\/product\/15393","targetHints":{"allow":["GET"]}}],"collection":[{"href":"https:\/\/frickin.nl\/fr\/wp-json\/wp\/v2\/product"}],"about":[{"href":"https:\/\/frickin.nl\/fr\/wp-json\/wp\/v2\/types\/product"}],"replies":[{"embeddable":true,"href":"https:\/\/frickin.nl\/fr\/wp-json\/wp\/v2\/comments?post=15393"}],"wp:featuredmedia":[{"embeddable":true,"href":"https:\/\/frickin.nl\/fr\/wp-json\/wp\/v2\/media\/15548"}],"wp:attachment":[{"href":"https:\/\/frickin.nl\/fr\/wp-json\/wp\/v2\/media?parent=15393"}],"wp:term":[{"taxonomy":"product_brand","embeddable":true,"href":"https:\/\/frickin.nl\/fr\/wp-json\/wp\/v2\/product_brand?post=15393"},{"taxonomy":"product_cat","embeddable":true,"href":"https:\/\/frickin.nl\/fr\/wp-json\/wp\/v2\/product_cat?post=15393"},{"taxonomy":"product_tag","embeddable":true,"href":"https:\/\/frickin.nl\/fr\/wp-json\/wp\/v2\/product_tag?post=15393"},{"taxonomy":"woo-feed-brand","embeddable":true,"href":"https:\/\/frickin.nl\/fr\/wp-json\/wp\/v2\/woo-feed-brand?post=15393"}],"curies":[{"name":"wp","href":"https:\/\/api.w.org\/{rel}","templated":true}]}}