{"id":15405,"date":"2022-09-15T18:04:25","date_gmt":"2022-09-15T16:04:25","guid":{"rendered":"https:\/\/frickin.nl\/?post_type=product&#038;p=15405"},"modified":"2026-04-20T02:48:24","modified_gmt":"2026-04-20T00:48:24","slug":"gants-en-cuir-marron-hommes-james","status":"publish","type":"product","link":"https:\/\/frickin.nl\/fr\/product\/bruine-leren-handschoenen-heren-james\/","title":{"rendered":"James (Goatskin) - Gants en cuir marron pour hommes avec doublure en laine de luxe et fonction tactile unique"},"content":{"rendered":"<h2 style=\"text-align: left;\">Gants en cuir brun pour hommes - James<\/h2>\n<p>Voici \"James\" en brun fonc\u00e9 - un chef-d'\u0153uvre d'\u00e9l\u00e9gance subtile et de polyvalence dans les gants. Ces gants d\u00e9gagent une classe intemporelle, avec une caract\u00e9ristique unique : ils semblent noirs, mais \u00e0 la lumi\u00e8re du soleil, ils r\u00e9v\u00e8lent une magnifique lueur brune. Un tr\u00e9sor cach\u00e9 pour ceux qui aiment les d\u00e9tails subtils.<\/p>\n<p>Ces gants classiques et intemporels en cuir marron fonc\u00e9 pour homme sont fabriqu\u00e9s \u00e0 partir de cuir de ch\u00e8vre de haute qualit\u00e9, ce qui leur conf\u00e8re durabilit\u00e9 et souplesse. Ils tombent \u00e9l\u00e9gamment autour du poignet, ce qui ajoute non seulement un accent de style subtil, mais offre \u00e9galement une excellente protection contre le vent et la pluie. Avec \"James\", vos mains resteront au chaud et au sec, quel que soit le temps.<\/p>\n<p>\u00c0 l'int\u00e9rieur, ces gants sont dot\u00e9s d'une doublure en laine naturelle, connue pour ses propri\u00e9t\u00e9s isolantes et sa respirabilit\u00e9. Ils gardent vos mains confortablement au chaud sans vous faire transpirer. De plus, ces gants sont dot\u00e9s d'une fonctionnalit\u00e9 tactile int\u00e9gr\u00e9e, qui vous permet d'utiliser votre smartphone ou votre tablette sans enlever vos gants. Id\u00e9al pour ceux qui veulent rester connect\u00e9s \u00e0 tout moment, m\u00eame pendant les journ\u00e9es froides. Ces gants sont le compagnon id\u00e9al pour toutes les occasions !<\/p>\n<p>D\u00e9couvrez nos <a href=\"https:\/\/frickin.nl\/fr\/produit\/brun-cuir-gants-homme-jack\/\">\"Jack<\/a>Les gants, qui partagent la m\u00eame couleur magnifique, sont dot\u00e9s d'une ceinture \u00e9l\u00e9gante pour plus d'\u00e9l\u00e9gance. Et voici un conseil : surprenez votre partenaire en lui offrant notre \u00e9l\u00e9gante paire de gants. <a href=\"https:\/\/frickin.nl\/fr\/lerecueil\/gants-femme-6\/\">gants pour femmes<\/a>et b\u00e9n\u00e9ficiez de la livraison gratuite aux Pays-Bas, en Belgique et en Allemagne. Ensemble, nous embrassons le style et la chaleur de l'hiver !<\/p>","protected":false},"excerpt":{"rendered":"<p><em><strong>Les gants en cuir marron pour homme sont fabriqu\u00e9s en cuir de ch\u00e8vre, qui s'adapte parfaitement \u00e0 la main et vous offre une tenue parfaite pour effectuer tous les gestes quotidiens avec aisance. Les gants sont donc comme une seconde peau. Une doublure en laine naturelle a \u00e9t\u00e9 choisie pour le mod\u00e8le James. Cela permet aux mains de respirer facilement et de ne plus avoir les mains moites.<\/strong><\/em><\/p>","protected":false},"featured_media":15553,"comment_status":"open","ping_status":"closed","template":"","meta":[],"product_brand":[],"product_cat":[16,167,253,182,252],"product_tag":[203,223,96,170,103],"woo-feed-brand":[191],"class_list":{"0":"post-15405","1":"product","2":"type-product","3":"status-publish","4":"has-post-thumbnail","6":"product_cat-heren-handschoenen","7":"product_cat-leren-handschoenen-heren","8":"product_cat-scooterhandschoenen-heren","9":"product_cat-touchscreen-handschoenen-heren","10":"product_cat-winterhandschoenen-heren","11":"product_tag-bruine-handschoenen","12":"product_tag-gevoerde-handschoenen","13":"product_tag-smartphone-handschoenen","14":"product_tag-waterdichte-handschoenen","15":"product_tag-winddichte-handschoenen","16":"woo-feed-brand-frickin","18":"first","19":"outofstock","20":"featured","21":"taxable","22":"shipping-taxable","23":"purchasable","24":"product-type-variable","25":"has-default-attributes"},"_links":{"self":[{"href":"https:\/\/frickin.nl\/fr\/wp-json\/wp\/v2\/product\/15405","targetHints":{"allow":["GET"]}}],"collection":[{"href":"https:\/\/frickin.nl\/fr\/wp-json\/wp\/v2\/product"}],"about":[{"href":"https:\/\/frickin.nl\/fr\/wp-json\/wp\/v2\/types\/product"}],"replies":[{"embeddable":true,"href":"https:\/\/frickin.nl\/fr\/wp-json\/wp\/v2\/comments?post=15405"}],"wp:featuredmedia":[{"embeddable":true,"href":"https:\/\/frickin.nl\/fr\/wp-json\/wp\/v2\/media\/15553"}],"wp:attachment":[{"href":"https:\/\/frickin.nl\/fr\/wp-json\/wp\/v2\/media?parent=15405"}],"wp:term":[{"taxonomy":"product_brand","embeddable":true,"href":"https:\/\/frickin.nl\/fr\/wp-json\/wp\/v2\/product_brand?post=15405"},{"taxonomy":"product_cat","embeddable":true,"href":"https:\/\/frickin.nl\/fr\/wp-json\/wp\/v2\/product_cat?post=15405"},{"taxonomy":"product_tag","embeddable":true,"href":"https:\/\/frickin.nl\/fr\/wp-json\/wp\/v2\/product_tag?post=15405"},{"taxonomy":"woo-feed-brand","embeddable":true,"href":"https:\/\/frickin.nl\/fr\/wp-json\/wp\/v2\/woo-feed-brand?post=15405"}],"curies":[{"name":"wp","href":"https:\/\/api.w.org\/{rel}","templated":true}]}}