{"id":15434,"date":"2022-09-19T17:40:08","date_gmt":"2022-09-19T15:40:08","guid":{"rendered":"https:\/\/frickin.nl\/?post_type=product&#038;p=15434"},"modified":"2026-04-16T02:32:50","modified_gmt":"2026-04-16T00:32:50","slug":"mason-gants-en-cuir-noir","status":"publish","type":"product","link":"https:\/\/frickin.nl\/fr\/product\/mason-zwarte-lederen-handschoenen\/","title":{"rendered":"Mason (Goatskin) - Gants en cuir noir pour hommes avec doublure en laine 100% et fonction \u00e9cran tactile"},"content":{"rendered":"<h2 style=\"text-align: left;\">Gants en cuir noir - Mason<\/h2>\n<p>Voici \"Mason\", l'incarnation de la sophistication et de la fonctionnalit\u00e9 dans une paire de gants. Fabriqu\u00e9s en cuir de ch\u00e8vre de haute qualit\u00e9, ces magnifiques gants en cuir noir offrent non seulement un attrait intemporel, mais aussi durabilit\u00e9 et confort. Le cuir de ch\u00e8vre doux est comme une seconde peau et s'adapte sans effort \u00e0 vos mains, tandis que la couleur noire \u00e9l\u00e9gante est facile \u00e0 assortir \u00e0 n'importe quelle tenue.<\/p>\n<p>Ce qui rend \"Mason\" vraiment remarquable, c'est sa fonctionnalit\u00e9 d'\u00e9cran tactile int\u00e9gr\u00e9. Elle vous permet d'utiliser facilement votre smartphone ou votre tablette sans avoir \u00e0 retirer vos gants, ce qui vous offre un surcro\u00eet de confort et de chaleur pendant les journ\u00e9es froides.<\/p>\n<p>\u00c0 l'int\u00e9rieur, ces gants sont luxueusement doubl\u00e9s de laine pure 100%, pour une chaleur et un confort in\u00e9gal\u00e9s. La laine est connue pour ses propri\u00e9t\u00e9s isolantes et sa respirabilit\u00e9, ce qui permet de garder les mains au chaud sans transpirer.<\/p>\n<p>Ce qui est encore plus impressionnant, c'est que toutes nos commandes sont exp\u00e9di\u00e9es avec un bilan carbone neutre, dans le cadre de notre engagement en faveur de l'environnement. De plus, nous offrons une livraison gratuite aux Pays-Bas, en Belgique et en Allemagne, afin que vous puissiez profiter encore plus de vos gants \"Mason\" sans frais suppl\u00e9mentaires.<\/p>\n<p>Vous cherchez la paire de gants assortis id\u00e9ale pour vous et votre partenaire ? Nous vous recommandons les <a href=\"https:\/\/frickin.nl\/fr\/produit\/yara-gants-en-cuir-noir-femmes\/\">gants femmes yara<\/a>ou d\u00e9couvrez notre merveilleuse collection <a href=\"https:\/\/frickin.nl\/fr\/lerecueil\/gants-femme-6\/gants-cuir-femme\/\">gants en cuir pour dames<\/a> et de faire une d\u00e9claration \u00e9l\u00e9gante ensemble. Jetez un coup d'\u0153il rapide !<\/p>","protected":false},"excerpt":{"rendered":"<p><em><strong>Ces gants en cuir noir fabriqu\u00e9s en cuir de ch\u00e8vre, tombent en douceur autour de la main et vous offrent un ajustement parfait et disposent d'une fonction d'\u00e9cran tactile. Une doublure en laine naturelle a \u00e9t\u00e9 choisie pour le mod\u00e8le Mason. Cela permet \u00e0 vos mains de respirer et de ne plus avoir les mains moites.<\/strong><\/em><\/p>","protected":false},"featured_media":15475,"comment_status":"open","ping_status":"closed","template":"","meta":[],"product_brand":[],"product_cat":[16,167,253,182,252],"product_tag":[223,96,170,103,80],"woo-feed-brand":[191],"class_list":{"0":"post-15434","1":"product","2":"type-product","3":"status-publish","4":"has-post-thumbnail","6":"product_cat-heren-handschoenen","7":"product_cat-leren-handschoenen-heren","8":"product_cat-scooterhandschoenen-heren","9":"product_cat-touchscreen-handschoenen-heren","10":"product_cat-winterhandschoenen-heren","11":"product_tag-gevoerde-handschoenen","12":"product_tag-smartphone-handschoenen","13":"product_tag-waterdichte-handschoenen","14":"product_tag-winddichte-handschoenen","15":"product_tag-zwarte-handschoenen","16":"woo-feed-brand-frickin","18":"first","19":"outofstock","20":"featured","21":"taxable","22":"shipping-taxable","23":"purchasable","24":"product-type-variable","25":"has-default-attributes"},"_links":{"self":[{"href":"https:\/\/frickin.nl\/fr\/wp-json\/wp\/v2\/product\/15434","targetHints":{"allow":["GET"]}}],"collection":[{"href":"https:\/\/frickin.nl\/fr\/wp-json\/wp\/v2\/product"}],"about":[{"href":"https:\/\/frickin.nl\/fr\/wp-json\/wp\/v2\/types\/product"}],"replies":[{"embeddable":true,"href":"https:\/\/frickin.nl\/fr\/wp-json\/wp\/v2\/comments?post=15434"}],"wp:featuredmedia":[{"embeddable":true,"href":"https:\/\/frickin.nl\/fr\/wp-json\/wp\/v2\/media\/15475"}],"wp:attachment":[{"href":"https:\/\/frickin.nl\/fr\/wp-json\/wp\/v2\/media?parent=15434"}],"wp:term":[{"taxonomy":"product_brand","embeddable":true,"href":"https:\/\/frickin.nl\/fr\/wp-json\/wp\/v2\/product_brand?post=15434"},{"taxonomy":"product_cat","embeddable":true,"href":"https:\/\/frickin.nl\/fr\/wp-json\/wp\/v2\/product_cat?post=15434"},{"taxonomy":"product_tag","embeddable":true,"href":"https:\/\/frickin.nl\/fr\/wp-json\/wp\/v2\/product_tag?post=15434"},{"taxonomy":"woo-feed-brand","embeddable":true,"href":"https:\/\/frickin.nl\/fr\/wp-json\/wp\/v2\/woo-feed-brand?post=15434"}],"curies":[{"name":"wp","href":"https:\/\/api.w.org\/{rel}","templated":true}]}}