{"id":15452,"date":"2022-09-19T21:23:29","date_gmt":"2022-09-19T19:23:29","guid":{"rendered":"https:\/\/frickin.nl\/?post_type=product&#038;p=15452"},"modified":"2026-04-15T02:27:42","modified_gmt":"2026-04-15T00:27:42","slug":"yara-gants-en-cuir-noir-femmes","status":"publish","type":"product","link":"https:\/\/frickin.nl\/fr\/product\/yara-zwart-lederen-handschoenen-dames\/","title":{"rendered":"Yara (Noir) - Gants pour femmes en cuir de ch\u00e8vre avec doublure chaude en laine et fonction \u00e9cran tactile"},"content":{"rendered":"<h2 style=\"text-align: left;\">Gants en cuir noir pour femmes - YARA<\/h2>\n<p>\"Yara\" est plus qu'une simple paire de gants ; c'est l'expression du style, de l'\u00e9l\u00e9gance et de la fonctionnalit\u00e9. Ces gants en cuir de ch\u00e8vre noir pour femmes sont con\u00e7us non seulement pour vous tenir chaud, mais aussi pour envelopper vos mains de sophistication. Le design surpiqu\u00e9 avec trois coutures sur la paume conf\u00e8re \u00e0 \"Yara\" un look unique, \u00e9l\u00e9gant et intemporel. Ce n'est pas seulement un accessoire pratique pour l'hiver, c'est aussi un compl\u00e9ment de mode \u00e0 votre tenue. La fonction tactile int\u00e9gr\u00e9e vous permet d'utiliser votre smartphone, votre tablette ou tout autre appareil \u00e0 \u00e9cran tactile sans enlever vos gants, ce qui vous permet de rester connect\u00e9 \u00e0 tout moment, m\u00eame dans le froid.<\/p>\n<p>Ce qui rend \"Yara\" vraiment sp\u00e9cial, c'est la doublure naturelle chaude 100% qui garde vos mains douillettes et confortables. Que vous sortiez pour une soir\u00e9e en ville, que vous fassiez du v\u00e9lo ou que vous profitiez simplement de l'hiver en plein air, ces gants sont le choix id\u00e9al. Et si vous souhaitez offrir une paire assortie \u00e0 votre partenaire, d\u00e9couvrez nos <a href=\"https:\/\/frickin.nl\/fr\/lerecueil\/gants-hommes-2\/gants-cuir-homme\/\">gants en cuir pour hommes<\/a>. Ensemble, vous pouvez profiter du style, de la chaleur et du confort, gr\u00e2ce \u00e0 notre livraison gratuite aux Pays-Bas, en Belgique et en Allemagne. Choisissez \"Yara\" et abordez l'hiver avec style et \u00e9l\u00e9gance.<\/p>","protected":false},"excerpt":{"rendered":"<p><em><strong>Les gants en cuir noir Yara pour femme sont fabriqu\u00e9s \u00e0 partir du meilleur cuir de ch\u00e8vre et comportent une doublure en laine 100%. Gr\u00e2ce \u00e0 cette doublure naturelle, vos mains restent capables de respirer et vous transpirez moins, ce qui fait que les mains moites appartiennent au pass\u00e9. De plus, ce mod\u00e8le est compatible avec l'\u00e9cran tactile, de sorte que l'utilisation de votre smartphone ne pose aucun probl\u00e8me. C'est aussi un beau cadeau \u00e0 offrir. <\/strong><\/em><\/p>","protected":false},"featured_media":15456,"comment_status":"open","ping_status":"closed","template":"","meta":[],"product_brand":[],"product_cat":[17,168,183],"product_tag":[223,96,170,103,80],"woo-feed-brand":[191],"class_list":{"0":"post-15452","1":"product","2":"type-product","3":"status-publish","4":"has-post-thumbnail","6":"product_cat-dames-handschoenen","7":"product_cat-leren-handschoenen-dames","8":"product_cat-touchscreen-handschoenen-dames","9":"product_tag-gevoerde-handschoenen","10":"product_tag-smartphone-handschoenen","11":"product_tag-waterdichte-handschoenen","12":"product_tag-winddichte-handschoenen","13":"product_tag-zwarte-handschoenen","14":"woo-feed-brand-frickin","16":"first","17":"outofstock","18":"featured","19":"taxable","20":"shipping-taxable","21":"purchasable","22":"product-type-variable","23":"has-default-attributes"},"_links":{"self":[{"href":"https:\/\/frickin.nl\/fr\/wp-json\/wp\/v2\/product\/15452","targetHints":{"allow":["GET"]}}],"collection":[{"href":"https:\/\/frickin.nl\/fr\/wp-json\/wp\/v2\/product"}],"about":[{"href":"https:\/\/frickin.nl\/fr\/wp-json\/wp\/v2\/types\/product"}],"replies":[{"embeddable":true,"href":"https:\/\/frickin.nl\/fr\/wp-json\/wp\/v2\/comments?post=15452"}],"wp:featuredmedia":[{"embeddable":true,"href":"https:\/\/frickin.nl\/fr\/wp-json\/wp\/v2\/media\/15456"}],"wp:attachment":[{"href":"https:\/\/frickin.nl\/fr\/wp-json\/wp\/v2\/media?parent=15452"}],"wp:term":[{"taxonomy":"product_brand","embeddable":true,"href":"https:\/\/frickin.nl\/fr\/wp-json\/wp\/v2\/product_brand?post=15452"},{"taxonomy":"product_cat","embeddable":true,"href":"https:\/\/frickin.nl\/fr\/wp-json\/wp\/v2\/product_cat?post=15452"},{"taxonomy":"product_tag","embeddable":true,"href":"https:\/\/frickin.nl\/fr\/wp-json\/wp\/v2\/product_tag?post=15452"},{"taxonomy":"woo-feed-brand","embeddable":true,"href":"https:\/\/frickin.nl\/fr\/wp-json\/wp\/v2\/woo-feed-brand?post=15452"}],"curies":[{"name":"wp","href":"https:\/\/api.w.org\/{rel}","templated":true}]}}