{"id":15484,"date":"2022-09-19T22:53:23","date_gmt":"2022-09-19T20:53:23","guid":{"rendered":"https:\/\/frickin.nl\/?post_type=product&#038;p=15484"},"modified":"2026-04-16T02:32:54","modified_gmt":"2026-04-16T00:32:54","slug":"noir-cuir-gants-femme-kate","status":"publish","type":"product","link":"https:\/\/frickin.nl\/fr\/product\/kate-zwarte-handschoenen-dames\/","title":{"rendered":"Kate (Sheepskin) - Gants \u00e0 carreaux noirs pour femmes avec ceinture coupe-vent, doublure en laine de luxe et fonction \u00e9cran tactile"},"content":{"rendered":"<h2 style=\"text-align: left;\">Gants noirs pour femmes - KATE<\/h2>\n<p>\"Kate\" est un symbole d'\u00e9l\u00e9gance et de fonctionnalit\u00e9 dans les gants pour femmes. Dot\u00e9s d'une manchette beige, ces gants noirs en peau de mouton pour femme offrent non seulement du style, mais aussi du confort et une protection contre le froid.<\/p>\n<p>La doublure en laine naturelle de \"Kate\" est parfaitement adapt\u00e9e au climat europ\u00e9en, gardant vos mains au chaud et bien au chaud m\u00eame les jours les plus froids. De plus, les gants sont dot\u00e9s d'une sangle qui permet de les fermer parfaitement autour du poignet, offrant ainsi une protection suppl\u00e9mentaire contre les \u00e9l\u00e9ments de l'hiver.<\/p>\n<p>La fonction tactile int\u00e9gr\u00e9e permet d'utiliser facilement votre smartphone, votre tablette ou tout autre appareil \u00e0 \u00e9cran tactile sans enlever vos gants. Kate\" est donc id\u00e9ale pour les activit\u00e9s quotidiennes telles que le cyclisme, la randonn\u00e9e ou la simple mise \u00e0 jour de vos m\u00e9dias sociaux sans que vos mains ne se refroidissent.<\/p>\n<p>Ces gants sont non seulement fonctionnels, mais ils attirent \u00e9galement tous les regards pour compl\u00e9ter votre tenue. Que vous soyez \u00e0 la recherche du cadeau id\u00e9al pour les f\u00eates ou que vous souhaitiez simplement rehausser votre propre style, \"Kate\" est le choix id\u00e9al. Pour les hommes, nous avons un mod\u00e8le similaire appel\u00e9 \"Kate\".<a href=\"https:\/\/frickin.nl\/fr\/produit\/vegane-cuir-gants-hommes-milan\/\">Milan<\/a>\"afin que les couples puissent sortir ensemble avec style et se compl\u00e9ter.<\/p>","protected":false},"excerpt":{"rendered":"<p><em><strong>Les gants noirs Kate pour femme sont fabriqu\u00e9s en cuir de mouton v\u00e9ritable et comportent une doublure en laine naturelle. Le mod\u00e8le est compatible avec l'\u00e9cran tactile, de sorte que l'utilisation de votre smartphone ne pose aucun probl\u00e8me. L'\u00e9dition limit\u00e9e est un cadeau unique et agr\u00e9able \u00e0 offrir. <\/strong><\/em><\/p>","protected":false},"featured_media":15488,"comment_status":"open","ping_status":"closed","template":"","meta":[],"product_brand":[],"product_cat":[17,168,183],"product_tag":[223,96,170,103,80],"woo-feed-brand":[191],"class_list":{"0":"post-15484","1":"product","2":"type-product","3":"status-publish","4":"has-post-thumbnail","6":"product_cat-dames-handschoenen","7":"product_cat-leren-handschoenen-dames","8":"product_cat-touchscreen-handschoenen-dames","9":"product_tag-gevoerde-handschoenen","10":"product_tag-smartphone-handschoenen","11":"product_tag-waterdichte-handschoenen","12":"product_tag-winddichte-handschoenen","13":"product_tag-zwarte-handschoenen","14":"woo-feed-brand-frickin","16":"first","17":"outofstock","18":"featured","19":"taxable","20":"shipping-taxable","21":"purchasable","22":"product-type-variable","23":"has-default-attributes"},"_links":{"self":[{"href":"https:\/\/frickin.nl\/fr\/wp-json\/wp\/v2\/product\/15484","targetHints":{"allow":["GET"]}}],"collection":[{"href":"https:\/\/frickin.nl\/fr\/wp-json\/wp\/v2\/product"}],"about":[{"href":"https:\/\/frickin.nl\/fr\/wp-json\/wp\/v2\/types\/product"}],"replies":[{"embeddable":true,"href":"https:\/\/frickin.nl\/fr\/wp-json\/wp\/v2\/comments?post=15484"}],"wp:featuredmedia":[{"embeddable":true,"href":"https:\/\/frickin.nl\/fr\/wp-json\/wp\/v2\/media\/15488"}],"wp:attachment":[{"href":"https:\/\/frickin.nl\/fr\/wp-json\/wp\/v2\/media?parent=15484"}],"wp:term":[{"taxonomy":"product_brand","embeddable":true,"href":"https:\/\/frickin.nl\/fr\/wp-json\/wp\/v2\/product_brand?post=15484"},{"taxonomy":"product_cat","embeddable":true,"href":"https:\/\/frickin.nl\/fr\/wp-json\/wp\/v2\/product_cat?post=15484"},{"taxonomy":"product_tag","embeddable":true,"href":"https:\/\/frickin.nl\/fr\/wp-json\/wp\/v2\/product_tag?post=15484"},{"taxonomy":"woo-feed-brand","embeddable":true,"href":"https:\/\/frickin.nl\/fr\/wp-json\/wp\/v2\/woo-feed-brand?post=15484"}],"curies":[{"name":"wp","href":"https:\/\/api.w.org\/{rel}","templated":true}]}}