{"id":15584,"date":"2022-10-19T08:17:28","date_gmt":"2022-10-19T06:17:28","guid":{"rendered":"https:\/\/frickin.nl\/?post_type=product&#038;p=15584"},"modified":"2026-04-20T02:48:22","modified_gmt":"2026-04-20T00:48:22","slug":"gants-doubles-en-daim-noir-hommes-joey","status":"publish","type":"product","link":"https:\/\/frickin.nl\/fr\/product\/zwart-suede-gevoerde-handschoenen-heren-joey\/","title":{"rendered":"Joey (noir) - Gants homme taille unique doubl\u00e9s en daim avec \u00e9cran tactile au bout des doigts"},"content":{"rendered":"<h2 style=\"text-align: left\">Gants doubl\u00e9s en faux daim pour hommes - Joey<\/h2>\n<p>Nos gants \u00e9pais pour hommes, de taille unique, doubl\u00e9s de su\u00e9dine, sont le compagnon id\u00e9al pour toutes sortes d'activit\u00e9s de plein air, de la randonn\u00e9e aux promenades \u00e0 v\u00e9lo et bien plus encore. Ils offrent non seulement du style, mais aussi une chaleur confortable, ce qui est essentiel pendant les journ\u00e9es froides.<\/p>\n<p>Le design de ces gants est polyvalent et convient aux hommes de diff\u00e9rentes tailles de mains, car ils sont con\u00e7us pour s'adapter \u00e0 toutes les tailles. Les gants sont \u00e9galement dot\u00e9s d'un embout sp\u00e9cial pour les doigts tactiles, qui vous permet d'utiliser sans effort votre smartphone, votre tablette ou tout autre appareil \u00e0 \u00e9cran tactile, sans avoir \u00e0 retirer vos gants. Vous restez ainsi toujours connect\u00e9 et joignable, m\u00eame lors de vos aventures en plein air.<\/p>\n<p>L'ext\u00e9rieur en daim ajoute une touche de style \u00e0 ces gants, tandis que la doublure offre une sensation de confort sur la peau et la chaleur n\u00e9cessaire pour affronter le froid. Que vous vous promeniez tranquillement \u00e0 la campagne ou que vous fassiez du v\u00e9lo en ville, ces gants vous offrent la protection et le confort dont vous avez besoin.<\/p>\n<p>Optez pour ce mod\u00e8le \u00e9pais doubl\u00e9 de daim <a href=\"https:\/\/frickin.nl\/fr\/lerecueil\/gants-hommes-2\/\">gants pour hommes<\/a> et profitez de la chaleur et du style lors de toutes vos aventures en plein air. Ils sont le compl\u00e9ment id\u00e9al de votre garde-robe d'hiver et vous aideront \u00e0 profiter au maximum des journ\u00e9es froides.<\/p>","protected":false},"excerpt":{"rendered":"<p><em><strong>Ce mod\u00e8le Joey de gants noirs doubl\u00e9s en faux daim pour homme est une belle paire de gants qui ne doit pas manquer dans votre garde-robe. Les gants pour hommes doubl\u00e9s en faux daim sont id\u00e9aux pour les hommes qui n'ont pas facilement froid mais qui veulent quand m\u00eame avoir du style. Gr\u00e2ce \u00e0 l'\u00e9cran tactile du bout des doigts, le Joey est \u00e9galement compatible avec tous les appareils mobiles.<\/strong><\/em><\/p>","protected":false},"featured_media":10378,"comment_status":"open","ping_status":"closed","template":"","meta":[],"product_brand":[],"product_cat":[16,182,252],"product_tag":[223,204],"woo-feed-brand":[191],"class_list":{"0":"post-15584","1":"product","2":"type-product","3":"status-publish","4":"has-post-thumbnail","6":"product_cat-heren-handschoenen","7":"product_cat-touchscreen-handschoenen-heren","8":"product_cat-winterhandschoenen-heren","9":"product_tag-gevoerde-handschoenen","10":"product_tag-handschoenen-sale","11":"woo-feed-brand-frickin","13":"first","14":"outofstock","15":"taxable","16":"shipping-taxable","17":"purchasable","18":"product-type-variable","19":"has-default-attributes"},"_links":{"self":[{"href":"https:\/\/frickin.nl\/fr\/wp-json\/wp\/v2\/product\/15584","targetHints":{"allow":["GET"]}}],"collection":[{"href":"https:\/\/frickin.nl\/fr\/wp-json\/wp\/v2\/product"}],"about":[{"href":"https:\/\/frickin.nl\/fr\/wp-json\/wp\/v2\/types\/product"}],"replies":[{"embeddable":true,"href":"https:\/\/frickin.nl\/fr\/wp-json\/wp\/v2\/comments?post=15584"}],"wp:featuredmedia":[{"embeddable":true,"href":"https:\/\/frickin.nl\/fr\/wp-json\/wp\/v2\/media\/10378"}],"wp:attachment":[{"href":"https:\/\/frickin.nl\/fr\/wp-json\/wp\/v2\/media?parent=15584"}],"wp:term":[{"taxonomy":"product_brand","embeddable":true,"href":"https:\/\/frickin.nl\/fr\/wp-json\/wp\/v2\/product_brand?post=15584"},{"taxonomy":"product_cat","embeddable":true,"href":"https:\/\/frickin.nl\/fr\/wp-json\/wp\/v2\/product_cat?post=15584"},{"taxonomy":"product_tag","embeddable":true,"href":"https:\/\/frickin.nl\/fr\/wp-json\/wp\/v2\/product_tag?post=15584"},{"taxonomy":"woo-feed-brand","embeddable":true,"href":"https:\/\/frickin.nl\/fr\/wp-json\/wp\/v2\/woo-feed-brand?post=15584"}],"curies":[{"name":"wp","href":"https:\/\/api.w.org\/{rel}","templated":true}]}}